{"id":550220,"date":"2024-12-24T14:48:27","date_gmt":"2024-12-24T13:48:27","guid":{"rendered":"https:\/\/tilefly.com\/producto\/ama-cenere-rect-90x90\/"},"modified":"2024-12-24T15:11:03","modified_gmt":"2024-12-24T14:11:03","slug":"ama-cenere-rect-90x90","status":"publish","type":"product","link":"https:\/\/tilefly.com\/de\/produkt\/ama-cenere-rect-90x90\/","title":{"rendered":"AMA CENERE RECT 90X90"},"content":{"rendered":"<h2><strong>AMA CENERE REKT 90X90<\/strong><\/h2><p>AMA Cenere RECT 90&#215;90 bietet einen raffinierten Ascheton, perfekt f\u00fcr die Gestaltung moderner Umgebungen. Dieses St\u00fcck kombiniert die Haltbarkeit von Porzellan mit einer rutschfesten Textur f\u00fcr zus\u00e4tzliche Funktionalit\u00e4t. Mehr \u00fcber die <a href=\"https:\/\/tilefly.com\/producto\/ama\/\">AMA<\/a> Serie erfahren Sie <a href=\"https:\/\/tilefly.com\/producto\/ama\/\">hier<\/a>.  <\/p>","protected":false},"excerpt":{"rendered":"<p>AMA CENERE REKT 90X90AMA Cenere RECT 90&#215;90 bietet einen raffinierten Ascheton, perfekt f\u00fcr die Gestaltung moderner Umgebungen. Dieses St\u00fcck kombiniert die Haltbarkeit von Porzellan mit einer rutschfesten Textur f\u00fcr zus\u00e4tzliche Funktionalit\u00e4t. Mehr \u00fcber die AMA Serie erfahren Sie hier.<\/p>\n","protected":false},"featured_media":549508,"comment_status":"open","ping_status":"closed","template":"","meta":[],"product_brand":[],"product_cat":[457,458,456,459],"product_tag":[],"class_list":{"0":"post-550220","1":"product","2":"type-product","3":"status-publish","4":"has-post-thumbnail","6":"product_cat-badezimmer","7":"product_cat-kuchen","8":"product_cat-vohnzimmer","9":"product_cat-wandfliesen","11":"first","12":"instock","13":"shipping-taxable","14":"purchasable","15":"product-type-simple"},"_links":{"self":[{"href":"https:\/\/tilefly.com\/de\/wp-json\/wp\/v2\/product\/550220","targetHints":{"allow":["GET"]}}],"collection":[{"href":"https:\/\/tilefly.com\/de\/wp-json\/wp\/v2\/product"}],"about":[{"href":"https:\/\/tilefly.com\/de\/wp-json\/wp\/v2\/types\/product"}],"replies":[{"embeddable":true,"href":"https:\/\/tilefly.com\/de\/wp-json\/wp\/v2\/comments?post=550220"}],"wp:featuredmedia":[{"embeddable":true,"href":"https:\/\/tilefly.com\/de\/wp-json\/wp\/v2\/media\/549508"}],"wp:attachment":[{"href":"https:\/\/tilefly.com\/de\/wp-json\/wp\/v2\/media?parent=550220"}],"wp:term":[{"taxonomy":"product_brand","embeddable":true,"href":"https:\/\/tilefly.com\/de\/wp-json\/wp\/v2\/product_brand?post=550220"},{"taxonomy":"product_cat","embeddable":true,"href":"https:\/\/tilefly.com\/de\/wp-json\/wp\/v2\/product_cat?post=550220"},{"taxonomy":"product_tag","embeddable":true,"href":"https:\/\/tilefly.com\/de\/wp-json\/wp\/v2\/product_tag?post=550220"}],"curies":[{"name":"wp","href":"https:\/\/api.w.org\/{rel}","templated":true}]}}