{"id":550201,"date":"2024-12-24T15:06:47","date_gmt":"2024-12-24T14:09:41","guid":{"rendered":"https:\/\/tilefly.com\/producto\/ama\/"},"modified":"2024-12-24T15:09:41","modified_gmt":"2024-12-24T14:09:41","slug":"ama","status":"publish","type":"product","link":"https:\/\/tilefly.com\/de\/produkt\/ama\/","title":{"rendered":"AMA"},"content":{"rendered":"<h2>AMA-Serie<br \/><\/h2><p>AMA ist eine komplette Kollektion, die mit Sorgfalt und Design Exzellenz behandelt wird und f\u00fcr jede Oberfl\u00e4che geeignet ist. AMA wurde entwickelt, um die Eigenschaften von Magerbeton hervorzuheben. Durch die Einbeziehung neuer Designs gelingt es jedoch, das Potenzial der Kollektion und ihre Eleganz durch zwei neue Designs und zwei frische und zeitgem\u00e4\u00dfe Dekore auszusch\u00f6pfen. Eine Kollektion des Autors Luigi Romanelli, die alles andere als wasserdicht ist, sondern sich an Ver\u00e4nderungen und neue Trends anpasst.   <\/p>","protected":false},"excerpt":{"rendered":"<p>AMA-SerieAMA ist eine komplette Kollektion, die mit Sorgfalt und Design Exzellenz behandelt wird und f\u00fcr jede Oberfl\u00e4che geeignet ist. AMA wurde entwickelt, um die Eigenschaften von Magerbeton hervorzuheben. Durch die Einbeziehung neuer Designs gelingt es jedoch, das Potenzial der Kollektion und ihre Eleganz durch zwei neue Designs und zwei frische und zeitgem\u00e4\u00dfe Dekore auszusch\u00f6pfen. Eine [&hellip;]<\/p>\n","protected":false},"featured_media":549969,"comment_status":"closed","ping_status":"closed","template":"","meta":[],"product_brand":[],"product_cat":[457,460,458,456,459],"product_tag":[],"class_list":{"0":"post-550201","1":"product","2":"type-product","3":"status-publish","4":"has-post-thumbnail","6":"product_cat-badezimmer","7":"product_cat-bodenfliesen","8":"product_cat-kuchen","9":"product_cat-vohnzimmer","10":"product_cat-wandfliesen","12":"first","13":"instock","14":"shipping-taxable","15":"product-type-grouped"},"_links":{"self":[{"href":"https:\/\/tilefly.com\/de\/wp-json\/wp\/v2\/product\/550201","targetHints":{"allow":["GET"]}}],"collection":[{"href":"https:\/\/tilefly.com\/de\/wp-json\/wp\/v2\/product"}],"about":[{"href":"https:\/\/tilefly.com\/de\/wp-json\/wp\/v2\/types\/product"}],"replies":[{"embeddable":true,"href":"https:\/\/tilefly.com\/de\/wp-json\/wp\/v2\/comments?post=550201"}],"wp:featuredmedia":[{"embeddable":true,"href":"https:\/\/tilefly.com\/de\/wp-json\/wp\/v2\/media\/549969"}],"wp:attachment":[{"href":"https:\/\/tilefly.com\/de\/wp-json\/wp\/v2\/media?parent=550201"}],"wp:term":[{"taxonomy":"product_brand","embeddable":true,"href":"https:\/\/tilefly.com\/de\/wp-json\/wp\/v2\/product_brand?post=550201"},{"taxonomy":"product_cat","embeddable":true,"href":"https:\/\/tilefly.com\/de\/wp-json\/wp\/v2\/product_cat?post=550201"},{"taxonomy":"product_tag","embeddable":true,"href":"https:\/\/tilefly.com\/de\/wp-json\/wp\/v2\/product_tag?post=550201"}],"curies":[{"name":"wp","href":"https:\/\/api.w.org\/{rel}","templated":true}]}}