{"id":549158,"date":"2024-11-15T15:26:26","date_gmt":"2024-11-15T14:26:26","guid":{"rendered":"https:\/\/tilefly.com\/producto\/turquoise-matt-rect-60x120\/"},"modified":"2024-12-11T01:23:46","modified_gmt":"2024-12-11T00:23:46","slug":"turquoise-matt-rect-60x120","status":"publish","type":"product","link":"https:\/\/tilefly.com\/de\/produkt\/turquoise-matt-rect-60x120\/","title":{"rendered":"TURQUOISE MATT RECT 60X120"},"content":{"rendered":"<h2><strong>T\u00dcRKIS MATT RECT 60X120<\/strong><\/h2><\/p><p>Bringen Sie Frische und Stil in Ihre R\u00e4ume mit <strong>TURQUOISE MATT RECT 60X120<\/strong>. Dieses Feinsteinzeug in einem leuchtenden T\u00fcrkiston ist ideal f\u00fcr Bodenbel\u00e4ge und bietet ein Design, das von der Sch\u00f6nheit des Marmors inspiriert ist, mit einer matten Oberfl\u00e4che, die Eleganz und Modernit\u00e4t vereint. <\/p><p>Als Teil der <a href=\"https:\/\/tilefly.com\/producto\/tonality\/\">Tonality-Kollektion<\/a> ist dieses M\u00f6belst\u00fcck perfekt f\u00fcr alle, die ihr Zuhause mit Vitalit\u00e4t und Design f\u00fcllen m\u00f6chten. Seine Kombinationsm\u00f6glichkeiten erlauben es Ihnen, einzigartige Atmosph\u00e4ren voller Pers\u00f6nlichkeit zu schaffen. <\/p><p>Verwandeln Sie jeden Raum mit diesem exklusiven St\u00fcck in einen Raum voller Energie und entdecken Sie die unendlichen Kombinationsm\u00f6glichkeiten der Tonality-Serie.<\/p>","protected":false},"excerpt":{"rendered":"<p>T\u00dcRKIS MATT RECT 60X120Bringen Sie Frische und Stil in Ihre R\u00e4ume mit TURQUOISE MATT RECT 60X120. Dieses Feinsteinzeug in einem leuchtenden T\u00fcrkiston ist ideal f\u00fcr Bodenbel\u00e4ge und bietet ein Design, das von der Sch\u00f6nheit des Marmors inspiriert ist, mit einer matten Oberfl\u00e4che, die Eleganz und Modernit\u00e4t vereint. Als Teil der Tonality-Kollektion ist dieses M\u00f6belst\u00fcck perfekt [&hellip;]<\/p>\n","protected":false},"featured_media":545652,"comment_status":"open","ping_status":"closed","template":"","meta":[],"product_brand":[],"product_cat":[457,458,456,459],"product_tag":[],"class_list":{"0":"post-549158","1":"product","2":"type-product","3":"status-publish","4":"has-post-thumbnail","6":"product_cat-badezimmer","7":"product_cat-kuchen","8":"product_cat-vohnzimmer","9":"product_cat-wandfliesen","11":"first","12":"instock","13":"shipping-taxable","14":"purchasable","15":"product-type-simple"},"_links":{"self":[{"href":"https:\/\/tilefly.com\/de\/wp-json\/wp\/v2\/product\/549158","targetHints":{"allow":["GET"]}}],"collection":[{"href":"https:\/\/tilefly.com\/de\/wp-json\/wp\/v2\/product"}],"about":[{"href":"https:\/\/tilefly.com\/de\/wp-json\/wp\/v2\/types\/product"}],"replies":[{"embeddable":true,"href":"https:\/\/tilefly.com\/de\/wp-json\/wp\/v2\/comments?post=549158"}],"wp:featuredmedia":[{"embeddable":true,"href":"https:\/\/tilefly.com\/de\/wp-json\/wp\/v2\/media\/545652"}],"wp:attachment":[{"href":"https:\/\/tilefly.com\/de\/wp-json\/wp\/v2\/media?parent=549158"}],"wp:term":[{"taxonomy":"product_brand","embeddable":true,"href":"https:\/\/tilefly.com\/de\/wp-json\/wp\/v2\/product_brand?post=549158"},{"taxonomy":"product_cat","embeddable":true,"href":"https:\/\/tilefly.com\/de\/wp-json\/wp\/v2\/product_cat?post=549158"},{"taxonomy":"product_tag","embeddable":true,"href":"https:\/\/tilefly.com\/de\/wp-json\/wp\/v2\/product_tag?post=549158"}],"curies":[{"name":"wp","href":"https:\/\/api.w.org\/{rel}","templated":true}]}}