{"id":549151,"date":"2024-11-15T15:26:42","date_gmt":"2024-11-15T14:26:42","guid":{"rendered":"https:\/\/tilefly.com\/producto\/fortune-matt-rect-60x120\/"},"modified":"2024-12-11T01:23:32","modified_gmt":"2024-12-11T00:23:32","slug":"fortune-matt-rect-60x120","status":"publish","type":"product","link":"https:\/\/tilefly.com\/de\/produkt\/fortune-matt-rect-60x120\/","title":{"rendered":"FORTUNE MATT RECT 60X120"},"content":{"rendered":"<h2><strong>FORTUNE MATT RECT 60X120<\/strong><\/h2><\/p><p><strong>FORTUNE MATT RECT 60X120<\/strong> strahlt mit ihrem kr\u00e4ftigen Senfton Energie und Stil aus. Dieses Feinsteinzeug ist perfekt f\u00fcr Bodenbel\u00e4ge geeignet. Das von Marmor inspirierte Design und die matte Oberfl\u00e4che bringen W\u00e4rme und Modernit\u00e4t in jeden Raum. <\/p><p>Als Teil der <a href=\"https:\/\/tilefly.com\/producto\/tonality\/\">Tonality-Kollektion<\/a> zeichnet sich dieses St\u00fcck durch seine F\u00e4higkeit aus, jeden Raum in einen Ort voller Vitalit\u00e4t und Pers\u00f6nlichkeit zu verwandeln.<\/p><p>Lassen Sie Ihrer Fantasie freien Lauf und kombinieren Sie dieses St\u00fcck mit anderen Farben und Texturen aus der Tonality-Serie, um einzigartige und lebendige Umgebungen zu schaffen.<\/p>","protected":false},"excerpt":{"rendered":"<p>FORTUNE MATT RECT 60X120FORTUNE MATT RECT 60X120 strahlt mit ihrem kr\u00e4ftigen Senfton Energie und Stil aus. Dieses Feinsteinzeug ist perfekt f\u00fcr Bodenbel\u00e4ge geeignet. Das von Marmor inspirierte Design und die matte Oberfl\u00e4che bringen W\u00e4rme und Modernit\u00e4t in jeden Raum. Als Teil der Tonality-Kollektion zeichnet sich dieses St\u00fcck durch seine F\u00e4higkeit aus, jeden Raum in einen [&hellip;]<\/p>\n","protected":false},"featured_media":545704,"comment_status":"open","ping_status":"closed","template":"","meta":[],"product_brand":[],"product_cat":[457,458,456,459],"product_tag":[],"class_list":{"0":"post-549151","1":"product","2":"type-product","3":"status-publish","4":"has-post-thumbnail","6":"product_cat-badezimmer","7":"product_cat-kuchen","8":"product_cat-vohnzimmer","9":"product_cat-wandfliesen","11":"first","12":"instock","13":"shipping-taxable","14":"purchasable","15":"product-type-simple"},"_links":{"self":[{"href":"https:\/\/tilefly.com\/de\/wp-json\/wp\/v2\/product\/549151","targetHints":{"allow":["GET"]}}],"collection":[{"href":"https:\/\/tilefly.com\/de\/wp-json\/wp\/v2\/product"}],"about":[{"href":"https:\/\/tilefly.com\/de\/wp-json\/wp\/v2\/types\/product"}],"replies":[{"embeddable":true,"href":"https:\/\/tilefly.com\/de\/wp-json\/wp\/v2\/comments?post=549151"}],"wp:featuredmedia":[{"embeddable":true,"href":"https:\/\/tilefly.com\/de\/wp-json\/wp\/v2\/media\/545704"}],"wp:attachment":[{"href":"https:\/\/tilefly.com\/de\/wp-json\/wp\/v2\/media?parent=549151"}],"wp:term":[{"taxonomy":"product_brand","embeddable":true,"href":"https:\/\/tilefly.com\/de\/wp-json\/wp\/v2\/product_brand?post=549151"},{"taxonomy":"product_cat","embeddable":true,"href":"https:\/\/tilefly.com\/de\/wp-json\/wp\/v2\/product_cat?post=549151"},{"taxonomy":"product_tag","embeddable":true,"href":"https:\/\/tilefly.com\/de\/wp-json\/wp\/v2\/product_tag?post=549151"}],"curies":[{"name":"wp","href":"https:\/\/api.w.org\/{rel}","templated":true}]}}