{"id":549146,"date":"2024-11-15T15:26:37","date_gmt":"2024-11-15T14:26:37","guid":{"rendered":"https:\/\/tilefly.com\/producto\/rouge-matt-rect-60x120\/"},"modified":"2024-12-11T01:23:29","modified_gmt":"2024-12-11T00:23:29","slug":"rouge-matt-rect-60x120","status":"publish","type":"product","link":"https:\/\/tilefly.com\/de\/produkt\/rouge-matt-rect-60x120\/","title":{"rendered":"ROUGE MATT RECT 60X120"},"content":{"rendered":"<h2><strong>ROUGE MATT RECT 60X120<\/strong><\/h2><\/p><p>Verleihen Sie Ihren R\u00e4umen W\u00e4rme und Charakter mit <strong>ROUGE MATT RECT 60X120<\/strong>. Dieses Feinsteinzeug in einem satten Braunton kombiniert das zeitlose Design von Marmor mit einer matten Oberfl\u00e4che, die seine nat\u00fcrliche Eleganz unterstreicht. <\/p><p>Als Teil der <a href=\"https:\/\/tilefly.com\/producto\/tonality\/\">Tonality-Kollektion<\/a> ist dieses St\u00fcck ideal f\u00fcr B\u00f6den, die ein Gef\u00fchl von Komfort und Raffinesse vermitteln sollen. Seine Vielseitigkeit erm\u00f6glicht es Ihnen, gem\u00fctliche und stilvolle Umgebungen zu schaffen. <\/p><p>Entdecken Sie die unendlichen M\u00f6glichkeiten, die die Tonality-Serie bietet, und erwecken Sie Ihre R\u00e4ume mit diesem einzigartigen und exklusiven St\u00fcck zum Leben.<\/p>","protected":false},"excerpt":{"rendered":"<p>ROUGE MATT RECT 60X120Verleihen Sie Ihren R\u00e4umen W\u00e4rme und Charakter mit ROUGE MATT RECT 60X120. Dieses Feinsteinzeug in einem satten Braunton kombiniert das zeitlose Design von Marmor mit einer matten Oberfl\u00e4che, die seine nat\u00fcrliche Eleganz unterstreicht. Als Teil der Tonality-Kollektion ist dieses St\u00fcck ideal f\u00fcr B\u00f6den, die ein Gef\u00fchl von Komfort und Raffinesse vermitteln sollen. [&hellip;]<\/p>\n","protected":false},"featured_media":545691,"comment_status":"open","ping_status":"closed","template":"","meta":[],"product_brand":[],"product_cat":[457,458,456,459],"product_tag":[],"class_list":{"0":"post-549146","1":"product","2":"type-product","3":"status-publish","4":"has-post-thumbnail","6":"product_cat-badezimmer","7":"product_cat-kuchen","8":"product_cat-vohnzimmer","9":"product_cat-wandfliesen","11":"first","12":"outofstock","13":"shipping-taxable","14":"purchasable","15":"product-type-simple"},"_links":{"self":[{"href":"https:\/\/tilefly.com\/de\/wp-json\/wp\/v2\/product\/549146","targetHints":{"allow":["GET"]}}],"collection":[{"href":"https:\/\/tilefly.com\/de\/wp-json\/wp\/v2\/product"}],"about":[{"href":"https:\/\/tilefly.com\/de\/wp-json\/wp\/v2\/types\/product"}],"replies":[{"embeddable":true,"href":"https:\/\/tilefly.com\/de\/wp-json\/wp\/v2\/comments?post=549146"}],"wp:featuredmedia":[{"embeddable":true,"href":"https:\/\/tilefly.com\/de\/wp-json\/wp\/v2\/media\/545691"}],"wp:attachment":[{"href":"https:\/\/tilefly.com\/de\/wp-json\/wp\/v2\/media?parent=549146"}],"wp:term":[{"taxonomy":"product_brand","embeddable":true,"href":"https:\/\/tilefly.com\/de\/wp-json\/wp\/v2\/product_brand?post=549146"},{"taxonomy":"product_cat","embeddable":true,"href":"https:\/\/tilefly.com\/de\/wp-json\/wp\/v2\/product_cat?post=549146"},{"taxonomy":"product_tag","embeddable":true,"href":"https:\/\/tilefly.com\/de\/wp-json\/wp\/v2\/product_tag?post=549146"}],"curies":[{"name":"wp","href":"https:\/\/api.w.org\/{rel}","templated":true}]}}