{"id":549137,"date":"2024-11-15T15:26:21","date_gmt":"2024-11-15T14:26:21","guid":{"rendered":"https:\/\/tilefly.com\/producto\/champagne-matt-rect-60x120\/"},"modified":"2024-12-11T01:23:22","modified_gmt":"2024-12-11T00:23:22","slug":"champagne-matt-rect-60x120","status":"publish","type":"product","link":"https:\/\/tilefly.com\/de\/produkt\/champagne-matt-rect-60x120\/","title":{"rendered":"CHAMPAGNE MATT RECT 60X120"},"content":{"rendered":"<h2><strong>CHAMPAGNER MATT RECT 60X120<\/strong><\/h2><\/p><p>Entdecken Sie den raffinierten Charme von <strong>CHAMPAGNE MATT RECT 60X120<\/strong>. Dieses Feinsteinzeug in einem eleganten Beigeton ist ideal f\u00fcr Bodenbel\u00e4ge und bietet die W\u00e4rme von Marmorimitat mit einer matten Oberfl\u00e4che, die jedem Raum einen modernen und raffinierten Touch verleiht. <\/p><p>Dieses Produkt, das sich perfekt mit anderen dekorativen Elementen kombinieren l\u00e4sst, geh\u00f6rt zu unserer exklusiven <a href=\"https:\/\/tilefly.com\/producto\/tonality\/\">Tonality-Kollektion<\/a>, einem Vorschlag voller Leben und Design, der Ihre R\u00e4ume mit Vitalit\u00e4t und Energie verwandelt.<\/p><p>Nutzen Sie die unendlichen M\u00f6glichkeiten, die Ihnen die Tonality-Serie bietet, und schaffen Sie mit dem Mix aus Farben, Texturen und Materialien, der diese Kollektion auszeichnet, einzigartige Atmosph\u00e4ren. Verleihen Sie Ihrem Zuhause mit diesem vielseitigen und raffinierten St\u00fcck einen neuen Look! <\/p>","protected":false},"excerpt":{"rendered":"<p>CHAMPAGNER MATT RECT 60X120Entdecken Sie den raffinierten Charme von CHAMPAGNE MATT RECT 60X120. Dieses Feinsteinzeug in einem eleganten Beigeton ist ideal f\u00fcr Bodenbel\u00e4ge und bietet die W\u00e4rme von Marmorimitat mit einer matten Oberfl\u00e4che, die jedem Raum einen modernen und raffinierten Touch verleiht. Dieses Produkt, das sich perfekt mit anderen dekorativen Elementen kombinieren l\u00e4sst, geh\u00f6rt zu [&hellip;]<\/p>\n","protected":false},"featured_media":545639,"comment_status":"open","ping_status":"closed","template":"","meta":[],"product_brand":[],"product_cat":[457,458,456,459],"product_tag":[],"class_list":{"0":"post-549137","1":"product","2":"type-product","3":"status-publish","4":"has-post-thumbnail","6":"product_cat-badezimmer","7":"product_cat-kuchen","8":"product_cat-vohnzimmer","9":"product_cat-wandfliesen","11":"first","12":"instock","13":"shipping-taxable","14":"purchasable","15":"product-type-simple"},"_links":{"self":[{"href":"https:\/\/tilefly.com\/de\/wp-json\/wp\/v2\/product\/549137","targetHints":{"allow":["GET"]}}],"collection":[{"href":"https:\/\/tilefly.com\/de\/wp-json\/wp\/v2\/product"}],"about":[{"href":"https:\/\/tilefly.com\/de\/wp-json\/wp\/v2\/types\/product"}],"replies":[{"embeddable":true,"href":"https:\/\/tilefly.com\/de\/wp-json\/wp\/v2\/comments?post=549137"}],"wp:featuredmedia":[{"embeddable":true,"href":"https:\/\/tilefly.com\/de\/wp-json\/wp\/v2\/media\/545639"}],"wp:attachment":[{"href":"https:\/\/tilefly.com\/de\/wp-json\/wp\/v2\/media?parent=549137"}],"wp:term":[{"taxonomy":"product_brand","embeddable":true,"href":"https:\/\/tilefly.com\/de\/wp-json\/wp\/v2\/product_brand?post=549137"},{"taxonomy":"product_cat","embeddable":true,"href":"https:\/\/tilefly.com\/de\/wp-json\/wp\/v2\/product_cat?post=549137"},{"taxonomy":"product_tag","embeddable":true,"href":"https:\/\/tilefly.com\/de\/wp-json\/wp\/v2\/product_tag?post=549137"}],"curies":[{"name":"wp","href":"https:\/\/api.w.org\/{rel}","templated":true}]}}