{"id":549128,"date":"2024-12-10T20:35:19","date_gmt":"2024-12-10T19:35:19","guid":{"rendered":"https:\/\/tilefly.com\/producto\/edge-stick-fado-acqua-15x13\/"},"modified":"2024-12-10T20:50:16","modified_gmt":"2024-12-10T19:50:16","slug":"edge-stick-fado-acqua-15x13","status":"publish","type":"product","link":"https:\/\/tilefly.com\/de\/produkt\/edge-stick-fado-acqua-15x13\/","title":{"rendered":"EDGE STICK FADO ACQUA 1,5X13"},"content":{"rendered":"<h2><strong>RANDSTAB FADO ACQUA 1,5X13<\/strong><\/h2><\/p><p>Die Fliese <strong>Edge Stick Fado Acqua 1,5X13<\/strong> aus der Kollektion <a href=\"https:\/\/tilefly.com\/producto\/fado\/\">Fado<\/a> sorgt mit ihrem schlanken und dekorativen Design f\u00fcr Frische und Raffinesse. Ihr Format von 1,5&#215;13 cm und die gl\u00e4nzende Oberfl\u00e4che sind perfekt f\u00fcr elegante Details. <\/p><p>Der Aquaton erinnert an die Gelassenheit der Natur und ist ideal f\u00fcr K\u00fcchen, Badezimmer oder dekorative Wandverkleidungen. Hergestellt aus wei\u00dfem Scherben, garantiert diese Fliese Qualit\u00e4t und Haltbarkeit. <\/p><p>Erfahren Sie mehr \u00fcber die <a href=\"https:\/\/tilefly.com\/producto\/fado\/\">Fado-Serie<\/a> und verwandeln Sie Ihre Projekte mit einem exklusiven Design.<\/p>","protected":false},"excerpt":{"rendered":"<p>RANDSTAB FADO ACQUA 1,5X13Die Fliese Edge Stick Fado Acqua 1,5X13 aus der Kollektion Fado sorgt mit ihrem schlanken und dekorativen Design f\u00fcr Frische und Raffinesse. Ihr Format von 1,5&#215;13 cm und die gl\u00e4nzende Oberfl\u00e4che sind perfekt f\u00fcr elegante Details. Der Aquaton erinnert an die Gelassenheit der Natur und ist ideal f\u00fcr K\u00fcchen, Badezimmer oder dekorative [&hellip;]<\/p>\n","protected":false},"featured_media":548845,"comment_status":"open","ping_status":"closed","template":"","meta":[],"product_brand":[],"product_cat":[457,458,459],"product_tag":[],"class_list":{"0":"post-549128","1":"product","2":"type-product","3":"status-publish","4":"has-post-thumbnail","6":"product_cat-badezimmer","7":"product_cat-kuchen","8":"product_cat-wandfliesen","10":"first","11":"instock","12":"shipping-taxable","13":"purchasable","14":"product-type-simple"},"_links":{"self":[{"href":"https:\/\/tilefly.com\/de\/wp-json\/wp\/v2\/product\/549128","targetHints":{"allow":["GET"]}}],"collection":[{"href":"https:\/\/tilefly.com\/de\/wp-json\/wp\/v2\/product"}],"about":[{"href":"https:\/\/tilefly.com\/de\/wp-json\/wp\/v2\/types\/product"}],"replies":[{"embeddable":true,"href":"https:\/\/tilefly.com\/de\/wp-json\/wp\/v2\/comments?post=549128"}],"wp:featuredmedia":[{"embeddable":true,"href":"https:\/\/tilefly.com\/de\/wp-json\/wp\/v2\/media\/548845"}],"wp:attachment":[{"href":"https:\/\/tilefly.com\/de\/wp-json\/wp\/v2\/media?parent=549128"}],"wp:term":[{"taxonomy":"product_brand","embeddable":true,"href":"https:\/\/tilefly.com\/de\/wp-json\/wp\/v2\/product_brand?post=549128"},{"taxonomy":"product_cat","embeddable":true,"href":"https:\/\/tilefly.com\/de\/wp-json\/wp\/v2\/product_cat?post=549128"},{"taxonomy":"product_tag","embeddable":true,"href":"https:\/\/tilefly.com\/de\/wp-json\/wp\/v2\/product_tag?post=549128"}],"curies":[{"name":"wp","href":"https:\/\/api.w.org\/{rel}","templated":true}]}}