{"id":549123,"date":"2024-12-10T20:35:07","date_gmt":"2024-12-10T19:35:07","guid":{"rendered":"https:\/\/tilefly.com\/producto\/edge-stick-fado-sky-15x13\/"},"modified":"2024-12-10T20:50:11","modified_gmt":"2024-12-10T19:50:11","slug":"edge-stick-fado-sky-15x13","status":"publish","type":"product","link":"https:\/\/tilefly.com\/de\/produkt\/edge-stick-fado-sky-15x13\/","title":{"rendered":"EDGE STICK FADO SKY 1,5X13"},"content":{"rendered":"<h2><strong>RANDSTAB FADO SKY 1,5X13<\/strong><\/h2><\/p><p>Die Fliese <strong>Edge Stick Fado Sky 1,5X13<\/strong> aus der Serie <a href=\"https:\/\/tilefly.com\/producto\/fado\/\">Fado<\/a> besticht durch ihren sanften Grauton und ihr dekoratives Design. Ihr schlankes Format von 1,5&#215;13 cm und ihre gl\u00e4nzende Oberfl\u00e4che sind ideal f\u00fcr elegante Details. <\/p><p>Diese Fliese aus wei\u00dfem Scherben garantiert Qualit\u00e4t und einen modernen und frischen Stil und eignet sich perfekt f\u00fcr K\u00fcchen, B\u00e4der oder dekorative W\u00e4nde.<\/p><p>Erfahren Sie mehr \u00fcber die <a href=\"https:\/\/tilefly.com\/producto\/fado\/\">Fado<\/a> Kollektion und verleihen Sie Ihren R\u00e4umen einen dekorativen Touch.<\/p>","protected":false},"excerpt":{"rendered":"<p>RANDSTAB FADO SKY 1,5X13Die Fliese Edge Stick Fado Sky 1,5X13 aus der Serie Fado besticht durch ihren sanften Grauton und ihr dekoratives Design. Ihr schlankes Format von 1,5&#215;13 cm und ihre gl\u00e4nzende Oberfl\u00e4che sind ideal f\u00fcr elegante Details. Diese Fliese aus wei\u00dfem Scherben garantiert Qualit\u00e4t und einen modernen und frischen Stil und eignet sich perfekt [&hellip;]<\/p>\n","protected":false},"featured_media":548819,"comment_status":"open","ping_status":"closed","template":"","meta":[],"product_brand":[],"product_cat":[457,458,459],"product_tag":[],"class_list":{"0":"post-549123","1":"product","2":"type-product","3":"status-publish","4":"has-post-thumbnail","6":"product_cat-badezimmer","7":"product_cat-kuchen","8":"product_cat-wandfliesen","10":"first","11":"instock","12":"shipping-taxable","13":"purchasable","14":"product-type-simple"},"_links":{"self":[{"href":"https:\/\/tilefly.com\/de\/wp-json\/wp\/v2\/product\/549123","targetHints":{"allow":["GET"]}}],"collection":[{"href":"https:\/\/tilefly.com\/de\/wp-json\/wp\/v2\/product"}],"about":[{"href":"https:\/\/tilefly.com\/de\/wp-json\/wp\/v2\/types\/product"}],"replies":[{"embeddable":true,"href":"https:\/\/tilefly.com\/de\/wp-json\/wp\/v2\/comments?post=549123"}],"wp:featuredmedia":[{"embeddable":true,"href":"https:\/\/tilefly.com\/de\/wp-json\/wp\/v2\/media\/548819"}],"wp:attachment":[{"href":"https:\/\/tilefly.com\/de\/wp-json\/wp\/v2\/media?parent=549123"}],"wp:term":[{"taxonomy":"product_brand","embeddable":true,"href":"https:\/\/tilefly.com\/de\/wp-json\/wp\/v2\/product_brand?post=549123"},{"taxonomy":"product_cat","embeddable":true,"href":"https:\/\/tilefly.com\/de\/wp-json\/wp\/v2\/product_cat?post=549123"},{"taxonomy":"product_tag","embeddable":true,"href":"https:\/\/tilefly.com\/de\/wp-json\/wp\/v2\/product_tag?post=549123"}],"curies":[{"name":"wp","href":"https:\/\/api.w.org\/{rel}","templated":true}]}}