{"id":549109,"date":"2024-12-10T20:34:47","date_gmt":"2024-12-10T19:34:47","guid":{"rendered":"https:\/\/tilefly.com\/producto\/tavares-sky-13x13\/"},"modified":"2024-12-10T20:50:04","modified_gmt":"2024-12-10T19:50:04","slug":"tavares-sky-13x13","status":"publish","type":"product","link":"https:\/\/tilefly.com\/de\/produkt\/tavares-sky-13x13\/","title":{"rendered":"TAVARES SKY 13X13"},"content":{"rendered":"<h2><strong>TAVARES HIMMEL 13X13<\/strong><\/h2><\/p><p>Die Fliese <strong>Tavares Sky 13X13<\/strong> aus der Kollektion <a href=\"https:\/\/tilefly.com\/producto\/fado\/\">Fado<\/a> kombiniert sanfte Graut\u00f6ne mit einem eleganten dekorativen Design. Ihr Format von 13&#215;13 cm und die gl\u00e4nzende Oberfl\u00e4che sind ideal f\u00fcr stilvolle Wandverkleidungen. <\/p><p>Perfekt f\u00fcr K\u00fcchen, B\u00e4der oder dekorative W\u00e4nde. Diese Fliese aus wei\u00dfem Scherben bietet ein Gleichgewicht zwischen Modernit\u00e4t und Tradition und garantiert Qualit\u00e4t und Haltbarkeit.<\/p><p>Erfahren Sie mehr \u00fcber die <a href=\"https:\/\/tilefly.com\/producto\/fado\/\">Fado-Serie<\/a> und gestalten Sie Ihre Projekte mit einem einzigartigen Design.<\/p>","protected":false},"excerpt":{"rendered":"<p>TAVARES HIMMEL 13X13Die Fliese Tavares Sky 13X13 aus der Kollektion Fado kombiniert sanfte Graut\u00f6ne mit einem eleganten dekorativen Design. Ihr Format von 13&#215;13 cm und die gl\u00e4nzende Oberfl\u00e4che sind ideal f\u00fcr stilvolle Wandverkleidungen. Perfekt f\u00fcr K\u00fcchen, B\u00e4der oder dekorative W\u00e4nde. Diese Fliese aus wei\u00dfem Scherben bietet ein Gleichgewicht zwischen Modernit\u00e4t und Tradition und garantiert Qualit\u00e4t [&hellip;]<\/p>\n","protected":false},"featured_media":548715,"comment_status":"open","ping_status":"closed","template":"","meta":[],"product_brand":[],"product_cat":[457,458,459],"product_tag":[],"class_list":{"0":"post-549109","1":"product","2":"type-product","3":"status-publish","4":"has-post-thumbnail","6":"product_cat-badezimmer","7":"product_cat-kuchen","8":"product_cat-wandfliesen","10":"first","11":"instock","12":"shipping-taxable","13":"purchasable","14":"product-type-simple"},"_links":{"self":[{"href":"https:\/\/tilefly.com\/de\/wp-json\/wp\/v2\/product\/549109","targetHints":{"allow":["GET"]}}],"collection":[{"href":"https:\/\/tilefly.com\/de\/wp-json\/wp\/v2\/product"}],"about":[{"href":"https:\/\/tilefly.com\/de\/wp-json\/wp\/v2\/types\/product"}],"replies":[{"embeddable":true,"href":"https:\/\/tilefly.com\/de\/wp-json\/wp\/v2\/comments?post=549109"}],"wp:featuredmedia":[{"embeddable":true,"href":"https:\/\/tilefly.com\/de\/wp-json\/wp\/v2\/media\/548715"}],"wp:attachment":[{"href":"https:\/\/tilefly.com\/de\/wp-json\/wp\/v2\/media?parent=549109"}],"wp:term":[{"taxonomy":"product_brand","embeddable":true,"href":"https:\/\/tilefly.com\/de\/wp-json\/wp\/v2\/product_brand?post=549109"},{"taxonomy":"product_cat","embeddable":true,"href":"https:\/\/tilefly.com\/de\/wp-json\/wp\/v2\/product_cat?post=549109"},{"taxonomy":"product_tag","embeddable":true,"href":"https:\/\/tilefly.com\/de\/wp-json\/wp\/v2\/product_tag?post=549109"}],"curies":[{"name":"wp","href":"https:\/\/api.w.org\/{rel}","templated":true}]}}