{"id":549104,"date":"2024-12-10T20:34:24","date_gmt":"2024-12-10T19:34:24","guid":{"rendered":"https:\/\/tilefly.com\/producto\/pontes-acqua-13x13\/"},"modified":"2024-12-10T20:49:59","modified_gmt":"2024-12-10T19:49:59","slug":"pontes-acqua-13x13","status":"publish","type":"product","link":"https:\/\/tilefly.com\/de\/produkt\/pontes-acqua-13x13\/","title":{"rendered":"PONTES ACQUA 13X13"},"content":{"rendered":"<h2><strong>PONTES ACQUA 13X13<\/strong><\/h2><\/p><p>Die Fliese <strong>Pontes Acqua 13X13<\/strong> aus der Kollektion <a href=\"https:\/\/tilefly.com\/producto\/fado\/\">Fado<\/a> spiegelt mit ihrem lebendigen und frischen Ton die Gelassenheit des Wassers wider. Ihr Format von 13&#215;13 cm und die gl\u00e4nzende Oberfl\u00e4che machen sie zu einer au\u00dfergew\u00f6hnlichen dekorativen Wahl. <\/p><p>Diese wei\u00dfe Fliese eignet sich perfekt f\u00fcr K\u00fcchen, B\u00e4der oder Akzentw\u00e4nde und garantiert Qualit\u00e4t und Design. Ihr Aquaton verleiht einen Hauch von Frische und Modernit\u00e4t. <\/p><p>Erfahren Sie mehr \u00fcber die <a href=\"https:\/\/tilefly.com\/producto\/fado\/\">Fado-Serie<\/a> und verwandeln Sie Ihre R\u00e4ume mit der Magie der portugiesischen Keramiken.<\/p>","protected":false},"excerpt":{"rendered":"<p>PONTES ACQUA 13X13Die Fliese Pontes Acqua 13X13 aus der Kollektion Fado spiegelt mit ihrem lebendigen und frischen Ton die Gelassenheit des Wassers wider. Ihr Format von 13&#215;13 cm und die gl\u00e4nzende Oberfl\u00e4che machen sie zu einer au\u00dfergew\u00f6hnlichen dekorativen Wahl. Diese wei\u00dfe Fliese eignet sich perfekt f\u00fcr K\u00fcchen, B\u00e4der oder Akzentw\u00e4nde und garantiert Qualit\u00e4t und Design. [&hellip;]<\/p>\n","protected":false},"featured_media":548624,"comment_status":"open","ping_status":"closed","template":"","meta":[],"product_brand":[],"product_cat":[457,458,459],"product_tag":[],"class_list":{"0":"post-549104","1":"product","2":"type-product","3":"status-publish","4":"has-post-thumbnail","6":"product_cat-badezimmer","7":"product_cat-kuchen","8":"product_cat-wandfliesen","10":"first","11":"instock","12":"shipping-taxable","13":"purchasable","14":"product-type-simple"},"_links":{"self":[{"href":"https:\/\/tilefly.com\/de\/wp-json\/wp\/v2\/product\/549104","targetHints":{"allow":["GET"]}}],"collection":[{"href":"https:\/\/tilefly.com\/de\/wp-json\/wp\/v2\/product"}],"about":[{"href":"https:\/\/tilefly.com\/de\/wp-json\/wp\/v2\/types\/product"}],"replies":[{"embeddable":true,"href":"https:\/\/tilefly.com\/de\/wp-json\/wp\/v2\/comments?post=549104"}],"wp:featuredmedia":[{"embeddable":true,"href":"https:\/\/tilefly.com\/de\/wp-json\/wp\/v2\/media\/548624"}],"wp:attachment":[{"href":"https:\/\/tilefly.com\/de\/wp-json\/wp\/v2\/media?parent=549104"}],"wp:term":[{"taxonomy":"product_brand","embeddable":true,"href":"https:\/\/tilefly.com\/de\/wp-json\/wp\/v2\/product_brand?post=549104"},{"taxonomy":"product_cat","embeddable":true,"href":"https:\/\/tilefly.com\/de\/wp-json\/wp\/v2\/product_cat?post=549104"},{"taxonomy":"product_tag","embeddable":true,"href":"https:\/\/tilefly.com\/de\/wp-json\/wp\/v2\/product_tag?post=549104"}],"curies":[{"name":"wp","href":"https:\/\/api.w.org\/{rel}","templated":true}]}}