{"id":549080,"date":"2024-12-10T20:33:42","date_gmt":"2024-12-10T19:33:42","guid":{"rendered":"https:\/\/tilefly.com\/producto\/moura-white-13x13\/"},"modified":"2024-12-10T20:49:46","modified_gmt":"2024-12-10T19:49:46","slug":"moura-white-13x13","status":"publish","type":"product","link":"https:\/\/tilefly.com\/de\/produkt\/moura-white-13x13\/","title":{"rendered":"MOURA WHITE 13X13"},"content":{"rendered":"<h2><strong>MOURA WEISS 13X13<\/strong><\/h2><\/p><p>Die Fliese <strong>Moura White 13X13<\/strong> aus der Serie <a href=\"https:\/\/tilefly.com\/producto\/fado\/\">Fado<\/a> vereint Schlichtheit und Leuchtkraft in einem zeitlosen dekorativen Design. Ihr quadratisches Format von 13&#215;13 cm und die gl\u00e4nzende Oberfl\u00e4che machen sie zu einer idealen Fliese f\u00fcr jeden Raum. <\/p><p>Der wei\u00dfe Farbton eignet sich perfekt f\u00fcr die Gestaltung frischer und anspruchsvoller Umgebungen, die in K\u00fcchen, B\u00e4dern oder dekorativen W\u00e4nden hervorstechen. Diese aus wei\u00dfem Scherben gefertigte Fliese garantiert Qualit\u00e4t und Haltbarkeit und ist eine zuverl\u00e4ssige und elegante Option. <\/p><p>Erfahren Sie mehr \u00fcber die <a href=\"https:\/\/tilefly.com\/producto\/fado\/\">Fado-Kollektion<\/a> und verwandeln Sie Ihre R\u00e4ume mit der Essenz der portugiesischen Keramik.<\/p>","protected":false},"excerpt":{"rendered":"<p>MOURA WEISS 13X13Die Fliese Moura White 13X13 aus der Serie Fado vereint Schlichtheit und Leuchtkraft in einem zeitlosen dekorativen Design. Ihr quadratisches Format von 13&#215;13 cm und die gl\u00e4nzende Oberfl\u00e4che machen sie zu einer idealen Fliese f\u00fcr jeden Raum. Der wei\u00dfe Farbton eignet sich perfekt f\u00fcr die Gestaltung frischer und anspruchsvoller Umgebungen, die in K\u00fcchen, [&hellip;]<\/p>\n","protected":false},"featured_media":548507,"comment_status":"open","ping_status":"closed","template":"","meta":[],"product_brand":[],"product_cat":[457,458,459],"product_tag":[],"class_list":{"0":"post-549080","1":"product","2":"type-product","3":"status-publish","4":"has-post-thumbnail","6":"product_cat-badezimmer","7":"product_cat-kuchen","8":"product_cat-wandfliesen","10":"first","11":"instock","12":"shipping-taxable","13":"purchasable","14":"product-type-simple"},"_links":{"self":[{"href":"https:\/\/tilefly.com\/de\/wp-json\/wp\/v2\/product\/549080","targetHints":{"allow":["GET"]}}],"collection":[{"href":"https:\/\/tilefly.com\/de\/wp-json\/wp\/v2\/product"}],"about":[{"href":"https:\/\/tilefly.com\/de\/wp-json\/wp\/v2\/types\/product"}],"replies":[{"embeddable":true,"href":"https:\/\/tilefly.com\/de\/wp-json\/wp\/v2\/comments?post=549080"}],"wp:featuredmedia":[{"embeddable":true,"href":"https:\/\/tilefly.com\/de\/wp-json\/wp\/v2\/media\/548507"}],"wp:attachment":[{"href":"https:\/\/tilefly.com\/de\/wp-json\/wp\/v2\/media?parent=549080"}],"wp:term":[{"taxonomy":"product_brand","embeddable":true,"href":"https:\/\/tilefly.com\/de\/wp-json\/wp\/v2\/product_brand?post=549080"},{"taxonomy":"product_cat","embeddable":true,"href":"https:\/\/tilefly.com\/de\/wp-json\/wp\/v2\/product_cat?post=549080"},{"taxonomy":"product_tag","embeddable":true,"href":"https:\/\/tilefly.com\/de\/wp-json\/wp\/v2\/product_tag?post=549080"}],"curies":[{"name":"wp","href":"https:\/\/api.w.org\/{rel}","templated":true}]}}