{"id":549074,"date":"2024-12-10T20:33:31","date_gmt":"2024-12-10T19:33:31","guid":{"rendered":"https:\/\/tilefly.com\/producto\/mariza-grey-13x13\/"},"modified":"2024-12-10T20:49:40","modified_gmt":"2024-12-10T19:49:40","slug":"mariza-grey-13x13","status":"publish","type":"product","link":"https:\/\/tilefly.com\/de\/produkt\/mariza-grey-13x13\/","title":{"rendered":"MARIZA GREY 13X13"},"content":{"rendered":"<h2><strong>MARIZA GRAU 13X13<\/strong><\/h2><\/p><p>Die Fliese <strong>Mariza Grey 13X13<\/strong> aus der Kollektion <a href=\"https:\/\/tilefly.com\/producto\/fado\/\">Fado<\/a> vereint Neutralit\u00e4t und Raffinesse in einem kompakten Design. Ihr Format von 13&#215;13 cm und die gl\u00e4nzende Oberfl\u00e4che verleihen jeder Umgebung einen modernen und vielseitigen Touch. <\/p><p>Der Grauton ist ideal f\u00fcr zeitgen\u00f6ssische Innenr\u00e4ume, sei es in K\u00fcchen, B\u00e4dern oder als Akzentwand. Hergestellt aus wei\u00dfer Paste, garantiert er Qualit\u00e4t und Widerstandsf\u00e4higkeit und passt sich allen Arten von Projekten an. <\/p><p>Erfahren Sie mehr \u00fcber die <a href=\"https:\/\/tilefly.com\/producto\/fado\/\">Fado-Serie<\/a> und verleihen Sie Ihren R\u00e4umen einen Hauch von einzigartigem Stil.<\/p>","protected":false},"excerpt":{"rendered":"<p>MARIZA GRAU 13X13Die Fliese Mariza Grey 13X13 aus der Kollektion Fado vereint Neutralit\u00e4t und Raffinesse in einem kompakten Design. Ihr Format von 13&#215;13 cm und die gl\u00e4nzende Oberfl\u00e4che verleihen jeder Umgebung einen modernen und vielseitigen Touch. Der Grauton ist ideal f\u00fcr zeitgen\u00f6ssische Innenr\u00e4ume, sei es in K\u00fcchen, B\u00e4dern oder als Akzentwand. Hergestellt aus wei\u00dfer Paste, [&hellip;]<\/p>\n","protected":false},"featured_media":548468,"comment_status":"open","ping_status":"closed","template":"","meta":[],"product_brand":[],"product_cat":[457,458,459],"product_tag":[],"class_list":{"0":"post-549074","1":"product","2":"type-product","3":"status-publish","4":"has-post-thumbnail","6":"product_cat-badezimmer","7":"product_cat-kuchen","8":"product_cat-wandfliesen","10":"first","11":"instock","12":"shipping-taxable","13":"purchasable","14":"product-type-simple"},"_links":{"self":[{"href":"https:\/\/tilefly.com\/de\/wp-json\/wp\/v2\/product\/549074","targetHints":{"allow":["GET"]}}],"collection":[{"href":"https:\/\/tilefly.com\/de\/wp-json\/wp\/v2\/product"}],"about":[{"href":"https:\/\/tilefly.com\/de\/wp-json\/wp\/v2\/types\/product"}],"replies":[{"embeddable":true,"href":"https:\/\/tilefly.com\/de\/wp-json\/wp\/v2\/comments?post=549074"}],"wp:featuredmedia":[{"embeddable":true,"href":"https:\/\/tilefly.com\/de\/wp-json\/wp\/v2\/media\/548468"}],"wp:attachment":[{"href":"https:\/\/tilefly.com\/de\/wp-json\/wp\/v2\/media?parent=549074"}],"wp:term":[{"taxonomy":"product_brand","embeddable":true,"href":"https:\/\/tilefly.com\/de\/wp-json\/wp\/v2\/product_brand?post=549074"},{"taxonomy":"product_cat","embeddable":true,"href":"https:\/\/tilefly.com\/de\/wp-json\/wp\/v2\/product_cat?post=549074"},{"taxonomy":"product_tag","embeddable":true,"href":"https:\/\/tilefly.com\/de\/wp-json\/wp\/v2\/product_tag?post=549074"}],"curies":[{"name":"wp","href":"https:\/\/api.w.org\/{rel}","templated":true}]}}