{"id":549069,"date":"2024-12-10T20:32:51","date_gmt":"2024-12-10T19:32:51","guid":{"rendered":"https:\/\/tilefly.com\/producto\/amalia-acqua-13x13\/"},"modified":"2024-12-10T20:49:38","modified_gmt":"2024-12-10T19:49:38","slug":"amalia-acqua-13x13","status":"publish","type":"product","link":"https:\/\/tilefly.com\/de\/produkt\/amalia-acqua-13x13\/","title":{"rendered":"AMALIA ACQUA 13X13"},"content":{"rendered":"<h2><strong>AMALIA ACQUA 13X13<\/strong><\/h2><\/p><p>Die Fliese <strong>Amalia Acqua 13X13<\/strong> aus der Kollektion <a href=\"https:\/\/tilefly.com\/producto\/fado\/\">Fado<\/a> ist ideal f\u00fcr alle, die ein dekoratives, von Naturt\u00f6nen inspiriertes Design suchen. Ihr Format von 13&#215;13 cm und die gl\u00e4nzende Oberfl\u00e4che bringen Frische und Raffinesse in jede Umgebung. <\/p><p>Der Aquaton erinnert an die Gelassenheit der Natur und ist perfekt f\u00fcr K\u00fcchen, B\u00e4der oder dekorative Bereiche. Hergestellt aus wei\u00dfem Scherben, vereint diese Fliese Qualit\u00e4t, Haltbarkeit und Sch\u00f6nheit in jedem Detail. <\/p><p>Entdecken Sie die komplette <a href=\"https:\/\/tilefly.com\/producto\/fado\/\">Fado-Kollektion<\/a> und erfahren Sie, wie Sie die portugiesische Tradition in Ihre Projekte einbringen k\u00f6nnen.<\/p>","protected":false},"excerpt":{"rendered":"<p>AMALIA ACQUA 13X13Die Fliese Amalia Acqua 13X13 aus der Kollektion Fado ist ideal f\u00fcr alle, die ein dekoratives, von Naturt\u00f6nen inspiriertes Design suchen. Ihr Format von 13&#215;13 cm und die gl\u00e4nzende Oberfl\u00e4che bringen Frische und Raffinesse in jede Umgebung. Der Aquaton erinnert an die Gelassenheit der Natur und ist perfekt f\u00fcr K\u00fcchen, B\u00e4der oder dekorative [&hellip;]<\/p>\n","protected":false},"featured_media":548364,"comment_status":"open","ping_status":"closed","template":"","meta":[],"product_brand":[],"product_cat":[457,458,459],"product_tag":[],"class_list":{"0":"post-549069","1":"product","2":"type-product","3":"status-publish","4":"has-post-thumbnail","6":"product_cat-badezimmer","7":"product_cat-kuchen","8":"product_cat-wandfliesen","10":"first","11":"instock","12":"shipping-taxable","13":"purchasable","14":"product-type-simple"},"_links":{"self":[{"href":"https:\/\/tilefly.com\/de\/wp-json\/wp\/v2\/product\/549069","targetHints":{"allow":["GET"]}}],"collection":[{"href":"https:\/\/tilefly.com\/de\/wp-json\/wp\/v2\/product"}],"about":[{"href":"https:\/\/tilefly.com\/de\/wp-json\/wp\/v2\/types\/product"}],"replies":[{"embeddable":true,"href":"https:\/\/tilefly.com\/de\/wp-json\/wp\/v2\/comments?post=549069"}],"wp:featuredmedia":[{"embeddable":true,"href":"https:\/\/tilefly.com\/de\/wp-json\/wp\/v2\/media\/548364"}],"wp:attachment":[{"href":"https:\/\/tilefly.com\/de\/wp-json\/wp\/v2\/media?parent=549069"}],"wp:term":[{"taxonomy":"product_brand","embeddable":true,"href":"https:\/\/tilefly.com\/de\/wp-json\/wp\/v2\/product_brand?post=549069"},{"taxonomy":"product_cat","embeddable":true,"href":"https:\/\/tilefly.com\/de\/wp-json\/wp\/v2\/product_cat?post=549069"},{"taxonomy":"product_tag","embeddable":true,"href":"https:\/\/tilefly.com\/de\/wp-json\/wp\/v2\/product_tag?post=549069"}],"curies":[{"name":"wp","href":"https:\/\/api.w.org\/{rel}","templated":true}]}}