{"id":549062,"date":"2024-12-10T20:32:11","date_gmt":"2024-12-10T19:32:11","guid":{"rendered":"https:\/\/tilefly.com\/producto\/fado-grey-13x13\/"},"modified":"2024-12-10T20:49:33","modified_gmt":"2024-12-10T19:49:33","slug":"fado-grey-13x13","status":"publish","type":"product","link":"https:\/\/tilefly.com\/de\/produkt\/fado-grey-13x13\/","title":{"rendered":"FADO GREY 13X13"},"content":{"rendered":"<h2><strong>FADO GRAU 13X13<\/strong><\/h2><\/p><p>Die <strong>Fliese Fado Grey 13X13<\/strong> ist ein Beispiel f\u00fcr die Eleganz und Vielseitigkeit der Kollektion <a href=\"https:\/\/tilefly.com\/producto\/fado\/\">Fado<\/a>. Ihr quadratisches Format von 13&#215;13 cm und ihre gl\u00e4nzende Oberfl\u00e4che bieten eine perfekte dekorative Oberfl\u00e4che f\u00fcr moderne und minimalistische Innenr\u00e4ume. <\/p><p>Der Grauton bringt einen modernen Touch mit sich, der sich an jeden Raum anpasst, von der K\u00fcche bis zum Bad oder der Designwand. Diese aus wei\u00dfem Scherben gefertigte Fliese vereint Haltbarkeit und Stil und sorgt bei jedem Projekt f\u00fcr ein au\u00dfergew\u00f6hnliches Ergebnis. <\/p><p>Erfahren Sie mehr \u00fcber die <a href=\"https:\/\/tilefly.com\/producto\/fado\/\">Fado-Serie<\/a> und verwandeln Sie Ihre R\u00e4ume mit der Tradition und der Kunst der portugiesischen Keramiken.<\/p>","protected":false},"excerpt":{"rendered":"<p>FADO GRAU 13X13Die Fliese Fado Grey 13X13 ist ein Beispiel f\u00fcr die Eleganz und Vielseitigkeit der Kollektion Fado. Ihr quadratisches Format von 13&#215;13 cm und ihre gl\u00e4nzende Oberfl\u00e4che bieten eine perfekte dekorative Oberfl\u00e4che f\u00fcr moderne und minimalistische Innenr\u00e4ume. Der Grauton bringt einen modernen Touch mit sich, der sich an jeden Raum anpasst, von der K\u00fcche [&hellip;]<\/p>\n","protected":false},"featured_media":548273,"comment_status":"open","ping_status":"closed","template":"","meta":[],"product_brand":[],"product_cat":[457,458,459],"product_tag":[],"class_list":{"0":"post-549062","1":"product","2":"type-product","3":"status-publish","4":"has-post-thumbnail","6":"product_cat-badezimmer","7":"product_cat-kuchen","8":"product_cat-wandfliesen","10":"first","11":"instock","12":"shipping-taxable","13":"purchasable","14":"product-type-simple"},"_links":{"self":[{"href":"https:\/\/tilefly.com\/de\/wp-json\/wp\/v2\/product\/549062","targetHints":{"allow":["GET"]}}],"collection":[{"href":"https:\/\/tilefly.com\/de\/wp-json\/wp\/v2\/product"}],"about":[{"href":"https:\/\/tilefly.com\/de\/wp-json\/wp\/v2\/types\/product"}],"replies":[{"embeddable":true,"href":"https:\/\/tilefly.com\/de\/wp-json\/wp\/v2\/comments?post=549062"}],"wp:featuredmedia":[{"embeddable":true,"href":"https:\/\/tilefly.com\/de\/wp-json\/wp\/v2\/media\/548273"}],"wp:attachment":[{"href":"https:\/\/tilefly.com\/de\/wp-json\/wp\/v2\/media?parent=549062"}],"wp:term":[{"taxonomy":"product_brand","embeddable":true,"href":"https:\/\/tilefly.com\/de\/wp-json\/wp\/v2\/product_brand?post=549062"},{"taxonomy":"product_cat","embeddable":true,"href":"https:\/\/tilefly.com\/de\/wp-json\/wp\/v2\/product_cat?post=549062"},{"taxonomy":"product_tag","embeddable":true,"href":"https:\/\/tilefly.com\/de\/wp-json\/wp\/v2\/product_tag?post=549062"}],"curies":[{"name":"wp","href":"https:\/\/api.w.org\/{rel}","templated":true}]}}