{"id":549050,"date":"2024-12-10T20:32:05","date_gmt":"2024-12-10T19:32:05","guid":{"rendered":"https:\/\/tilefly.com\/producto\/fado-white-13x13\/"},"modified":"2024-12-10T20:49:24","modified_gmt":"2024-12-10T19:49:24","slug":"fado-white-13x13","status":"publish","type":"product","link":"https:\/\/tilefly.com\/de\/produkt\/fado-white-13x13\/","title":{"rendered":"FADO WHITE 13X13"},"content":{"rendered":"<h2><strong>FADO WEISS 13X13<\/strong><\/h2><\/p><p>Die <strong>Fliese Fado White 13X13<\/strong> ist ein ikonisches St\u00fcck aus der <a href=\"https:\/\/tilefly.com\/producto\/fado\/\">Fado-Serie<\/a>, das in jeder Umgebung auff\u00e4llt. Ihr quadratisches Format von 13&#215;13 cm und die gl\u00e4nzende Oberfl\u00e4che vereinen Schlichtheit und Eleganz in einem zeitlosen Design. <\/p><p>Der wei\u00dfe Schirm ist ideal, um die Helligkeit in K\u00fcchen, B\u00e4dern oder dekorativen R\u00e4umen zu maximieren und eine ger\u00e4umige und raffinierte Atmosph\u00e4re zu schaffen. Hergestellt aus wei\u00dfer Paste, bietet er Qualit\u00e4t und Widerstandsf\u00e4higkeit und passt sich an verschiedene dekorative Stile an. <\/p><p>Erfahren Sie mehr \u00fcber die <a href=\"https:\/\/tilefly.com\/producto\/fado\/\">Fado<\/a> Kollektion und bringen Sie die Sch\u00f6nheit der portugiesischen Keramik in Ihre Projekte ein.<\/p>","protected":false},"excerpt":{"rendered":"<p>FADO WEISS 13X13Die Fliese Fado White 13X13 ist ein ikonisches St\u00fcck aus der Fado-Serie, das in jeder Umgebung auff\u00e4llt. Ihr quadratisches Format von 13&#215;13 cm und die gl\u00e4nzende Oberfl\u00e4che vereinen Schlichtheit und Eleganz in einem zeitlosen Design. Der wei\u00dfe Schirm ist ideal, um die Helligkeit in K\u00fcchen, B\u00e4dern oder dekorativen R\u00e4umen zu maximieren und eine [&hellip;]<\/p>\n","protected":false},"featured_media":548247,"comment_status":"open","ping_status":"closed","template":"","meta":[],"product_brand":[],"product_cat":[457,458,459],"product_tag":[],"class_list":{"0":"post-549050","1":"product","2":"type-product","3":"status-publish","4":"has-post-thumbnail","6":"product_cat-badezimmer","7":"product_cat-kuchen","8":"product_cat-wandfliesen","10":"first","11":"outofstock","12":"shipping-taxable","13":"purchasable","14":"product-type-simple"},"_links":{"self":[{"href":"https:\/\/tilefly.com\/de\/wp-json\/wp\/v2\/product\/549050","targetHints":{"allow":["GET"]}}],"collection":[{"href":"https:\/\/tilefly.com\/de\/wp-json\/wp\/v2\/product"}],"about":[{"href":"https:\/\/tilefly.com\/de\/wp-json\/wp\/v2\/types\/product"}],"replies":[{"embeddable":true,"href":"https:\/\/tilefly.com\/de\/wp-json\/wp\/v2\/comments?post=549050"}],"wp:featuredmedia":[{"embeddable":true,"href":"https:\/\/tilefly.com\/de\/wp-json\/wp\/v2\/media\/548247"}],"wp:attachment":[{"href":"https:\/\/tilefly.com\/de\/wp-json\/wp\/v2\/media?parent=549050"}],"wp:term":[{"taxonomy":"product_brand","embeddable":true,"href":"https:\/\/tilefly.com\/de\/wp-json\/wp\/v2\/product_brand?post=549050"},{"taxonomy":"product_cat","embeddable":true,"href":"https:\/\/tilefly.com\/de\/wp-json\/wp\/v2\/product_cat?post=549050"},{"taxonomy":"product_tag","embeddable":true,"href":"https:\/\/tilefly.com\/de\/wp-json\/wp\/v2\/product_tag?post=549050"}],"curies":[{"name":"wp","href":"https:\/\/api.w.org\/{rel}","templated":true}]}}