{"id":549040,"date":"2024-12-10T20:31:47","date_gmt":"2024-12-10T19:31:47","guid":{"rendered":"https:\/\/tilefly.com\/producto\/fado-acqua-65x13\/"},"modified":"2024-12-10T20:49:17","modified_gmt":"2024-12-10T19:49:17","slug":"fado-acqua-65x13","status":"publish","type":"product","link":"https:\/\/tilefly.com\/de\/produkt\/fado-acqua-65x13\/","title":{"rendered":"FADO ACQUA 6,5X13"},"content":{"rendered":"<h2><strong>FADO ACQUA 6,5X13<\/strong><\/h2><\/p><p>Die <strong>Fliese Fado Acqua 6,5X13<\/strong> aus der Kollektion <a href=\"https:\/\/tilefly.com\/producto\/fado\/\">Fado<\/a> erinnert an die Gelassenheit von Wassert\u00f6nen in einem kompakten und dekorativen Design. Mit ihrer gl\u00e4nzenden Oberfl\u00e4che und dem Format 6,5 x 13 cm ist sie ideal f\u00fcr die Verkleidung von W\u00e4nden mit einem frischen und einzigartigen Touch. <\/p><p>Der Farbton Aqua ist von der Natur inspiriert und bringt Frische und zeitlosen Stil in jeden Raum. Diese Fliese aus wei\u00dfem Scherben vereint Qualit\u00e4t und Langlebigkeit und ist damit eine au\u00dfergew\u00f6hnliche Wahl f\u00fcr Innenr\u00e4ume, die sich von anderen abheben wollen. <\/p><p>Tauchen Sie mit der <a href=\"https:\/\/tilefly.com\/producto\/fado\/\">Fado-Serie<\/a> in die portugiesische Keramiktradition ein und schaffen Sie Umgebungen voller Leben und Eleganz.<\/p>","protected":false},"excerpt":{"rendered":"<p>FADO ACQUA 6,5X13Die Fliese Fado Acqua 6,5X13 aus der Kollektion Fado erinnert an die Gelassenheit von Wassert\u00f6nen in einem kompakten und dekorativen Design. Mit ihrer gl\u00e4nzenden Oberfl\u00e4che und dem Format 6,5 x 13 cm ist sie ideal f\u00fcr die Verkleidung von W\u00e4nden mit einem frischen und einzigartigen Touch. Der Farbton Aqua ist von der Natur [&hellip;]<\/p>\n","protected":false},"featured_media":548182,"comment_status":"open","ping_status":"closed","template":"","meta":[],"product_brand":[],"product_cat":[457,458,459],"product_tag":[],"class_list":{"0":"post-549040","1":"product","2":"type-product","3":"status-publish","4":"has-post-thumbnail","6":"product_cat-badezimmer","7":"product_cat-kuchen","8":"product_cat-wandfliesen","10":"first","11":"instock","12":"shipping-taxable","13":"purchasable","14":"product-type-simple"},"_links":{"self":[{"href":"https:\/\/tilefly.com\/de\/wp-json\/wp\/v2\/product\/549040","targetHints":{"allow":["GET"]}}],"collection":[{"href":"https:\/\/tilefly.com\/de\/wp-json\/wp\/v2\/product"}],"about":[{"href":"https:\/\/tilefly.com\/de\/wp-json\/wp\/v2\/types\/product"}],"replies":[{"embeddable":true,"href":"https:\/\/tilefly.com\/de\/wp-json\/wp\/v2\/comments?post=549040"}],"wp:featuredmedia":[{"embeddable":true,"href":"https:\/\/tilefly.com\/de\/wp-json\/wp\/v2\/media\/548182"}],"wp:attachment":[{"href":"https:\/\/tilefly.com\/de\/wp-json\/wp\/v2\/media?parent=549040"}],"wp:term":[{"taxonomy":"product_brand","embeddable":true,"href":"https:\/\/tilefly.com\/de\/wp-json\/wp\/v2\/product_brand?post=549040"},{"taxonomy":"product_cat","embeddable":true,"href":"https:\/\/tilefly.com\/de\/wp-json\/wp\/v2\/product_cat?post=549040"},{"taxonomy":"product_tag","embeddable":true,"href":"https:\/\/tilefly.com\/de\/wp-json\/wp\/v2\/product_tag?post=549040"}],"curies":[{"name":"wp","href":"https:\/\/api.w.org\/{rel}","templated":true}]}}