{"id":549019,"date":"2024-11-15T15:45:12","date_gmt":"2024-11-15T14:45:12","guid":{"rendered":"https:\/\/tilefly.com\/producto\/stavro-white-matt-rect-60x120\/"},"modified":"2024-12-10T20:48:57","modified_gmt":"2024-12-10T19:48:57","slug":"stavro-white-matt-rect-60x120","status":"publish","type":"product","link":"https:\/\/tilefly.com\/de\/produkt\/stavro-white-matt-rect-60x120\/","title":{"rendered":"STAVRO WHITE MATT RECT 60X120"},"content":{"rendered":"<h2><strong>STAVRO WEISS MATT RECT 60X120<\/strong><\/h2><\/p><p><strong>STAVRO WHITE MATT RECT 60X120<\/strong> ist ein wei\u00dfes Feinsteinzeug mit matter Oberfl\u00e4che, das von den klassischen Mustern des Arabescato-Marmors inspiriert ist und eine moderne und vielseitige Bodenbelagsl\u00f6sung darstellt. <\/p><p>Als Teil der <a href=\"https:\/\/tilefly.com\/producto\/volterra\/\">Volterra-Kollektion<\/a> f\u00e4ngt dieses St\u00fcck die Essenz des italienischen Marmors ein und ist damit eine ideale Wahl f\u00fcr Inneneinrichtungen, die eine Balance zwischen Tradition und Moderne suchen.<\/p><p>Lassen Sie sich von der Volterra-Serie inspirieren und schaffen Sie Umgebungen voller Stil und Raffinesse.<\/p>","protected":false},"excerpt":{"rendered":"<p>STAVRO WEISS MATT RECT 60X120STAVRO WHITE MATT RECT 60X120 ist ein wei\u00dfes Feinsteinzeug mit matter Oberfl\u00e4che, das von den klassischen Mustern des Arabescato-Marmors inspiriert ist und eine moderne und vielseitige Bodenbelagsl\u00f6sung darstellt. Als Teil der Volterra-Kollektion f\u00e4ngt dieses St\u00fcck die Essenz des italienischen Marmors ein und ist damit eine ideale Wahl f\u00fcr Inneneinrichtungen, die eine [&hellip;]<\/p>\n","protected":false},"featured_media":546094,"comment_status":"open","ping_status":"closed","template":"","meta":[],"product_brand":[],"product_cat":[457,458,456,459],"product_tag":[],"class_list":{"0":"post-549019","1":"product","2":"type-product","3":"status-publish","4":"has-post-thumbnail","6":"product_cat-badezimmer","7":"product_cat-kuchen","8":"product_cat-vohnzimmer","9":"product_cat-wandfliesen","11":"first","12":"instock","13":"shipping-taxable","14":"purchasable","15":"product-type-simple"},"_links":{"self":[{"href":"https:\/\/tilefly.com\/de\/wp-json\/wp\/v2\/product\/549019","targetHints":{"allow":["GET"]}}],"collection":[{"href":"https:\/\/tilefly.com\/de\/wp-json\/wp\/v2\/product"}],"about":[{"href":"https:\/\/tilefly.com\/de\/wp-json\/wp\/v2\/types\/product"}],"replies":[{"embeddable":true,"href":"https:\/\/tilefly.com\/de\/wp-json\/wp\/v2\/comments?post=549019"}],"wp:featuredmedia":[{"embeddable":true,"href":"https:\/\/tilefly.com\/de\/wp-json\/wp\/v2\/media\/546094"}],"wp:attachment":[{"href":"https:\/\/tilefly.com\/de\/wp-json\/wp\/v2\/media?parent=549019"}],"wp:term":[{"taxonomy":"product_brand","embeddable":true,"href":"https:\/\/tilefly.com\/de\/wp-json\/wp\/v2\/product_brand?post=549019"},{"taxonomy":"product_cat","embeddable":true,"href":"https:\/\/tilefly.com\/de\/wp-json\/wp\/v2\/product_cat?post=549019"},{"taxonomy":"product_tag","embeddable":true,"href":"https:\/\/tilefly.com\/de\/wp-json\/wp\/v2\/product_tag?post=549019"}],"curies":[{"name":"wp","href":"https:\/\/api.w.org\/{rel}","templated":true}]}}