{"id":549010,"date":"2024-11-15T15:28:58","date_gmt":"2024-11-15T14:28:58","guid":{"rendered":"https:\/\/tilefly.com\/producto\/triana-perla-rect-20x120\/"},"modified":"2024-12-10T20:48:51","modified_gmt":"2024-12-10T19:48:51","slug":"triana-perla-rect-20x120","status":"publish","type":"product","link":"https:\/\/tilefly.com\/de\/produkt\/triana-perla-rect-20x120\/","title":{"rendered":"TRIANA PERLA RECT 20X120"},"content":{"rendered":"<h2><strong>TRIANA PERLE REKT 20X120<\/strong><\/h2><\/p><p><strong>TRIANA PERLA RECT 20X120<\/strong> zeichnet sich durch seinen Perlton aus, der Helligkeit und Frische auf Ihre B\u00f6den bringt. Seine matte Oberfl\u00e4che und sein Design aus Holzimitat machen ihn zu einer vielseitigen und eleganten Option f\u00fcr jeden Raum. <\/p><p>Dieses St\u00fcck aus der <a href=\"https:\/\/tilefly.com\/producto\/triana\/\">Triana-Kollektion<\/a> verk\u00f6rpert die Essenz der handgefertigten Keramik, bei der jede Maserung eine einzigartige Geschichte erz\u00e4hlt.<\/p><p>Lassen Sie sich von der Kunst und Tradition der Triana-Serie einh\u00fcllen und verwandeln Sie Ihre Umgebung mit diesem au\u00dfergew\u00f6hnlichen St\u00fcck.<\/p>","protected":false},"excerpt":{"rendered":"<p>TRIANA PERLE REKT 20X120TRIANA PERLA RECT 20X120 zeichnet sich durch seinen Perlton aus, der Helligkeit und Frische auf Ihre B\u00f6den bringt. Seine matte Oberfl\u00e4che und sein Design aus Holzimitat machen ihn zu einer vielseitigen und eleganten Option f\u00fcr jeden Raum. Dieses St\u00fcck aus der Triana-Kollektion verk\u00f6rpert die Essenz der handgefertigten Keramik, bei der jede Maserung [&hellip;]<\/p>\n","protected":false},"featured_media":545990,"comment_status":"open","ping_status":"closed","template":"","meta":[],"product_brand":[],"product_cat":[457,458,456,459],"product_tag":[],"class_list":{"0":"post-549010","1":"product","2":"type-product","3":"status-publish","4":"has-post-thumbnail","6":"product_cat-badezimmer","7":"product_cat-kuchen","8":"product_cat-vohnzimmer","9":"product_cat-wandfliesen","11":"first","12":"instock","13":"shipping-taxable","14":"purchasable","15":"product-type-simple"},"_links":{"self":[{"href":"https:\/\/tilefly.com\/de\/wp-json\/wp\/v2\/product\/549010","targetHints":{"allow":["GET"]}}],"collection":[{"href":"https:\/\/tilefly.com\/de\/wp-json\/wp\/v2\/product"}],"about":[{"href":"https:\/\/tilefly.com\/de\/wp-json\/wp\/v2\/types\/product"}],"replies":[{"embeddable":true,"href":"https:\/\/tilefly.com\/de\/wp-json\/wp\/v2\/comments?post=549010"}],"wp:featuredmedia":[{"embeddable":true,"href":"https:\/\/tilefly.com\/de\/wp-json\/wp\/v2\/media\/545990"}],"wp:attachment":[{"href":"https:\/\/tilefly.com\/de\/wp-json\/wp\/v2\/media?parent=549010"}],"wp:term":[{"taxonomy":"product_brand","embeddable":true,"href":"https:\/\/tilefly.com\/de\/wp-json\/wp\/v2\/product_brand?post=549010"},{"taxonomy":"product_cat","embeddable":true,"href":"https:\/\/tilefly.com\/de\/wp-json\/wp\/v2\/product_cat?post=549010"},{"taxonomy":"product_tag","embeddable":true,"href":"https:\/\/tilefly.com\/de\/wp-json\/wp\/v2\/product_tag?post=549010"}],"curies":[{"name":"wp","href":"https:\/\/api.w.org\/{rel}","templated":true}]}}