{"id":549008,"date":"2024-11-15T15:28:49","date_gmt":"2024-11-15T14:28:49","guid":{"rendered":"https:\/\/tilefly.com\/producto\/triana-ceniza-rect-20x120\/"},"modified":"2024-12-10T20:48:50","modified_gmt":"2024-12-10T19:48:50","slug":"triana-ceniza-rect-20x120","status":"publish","type":"product","link":"https:\/\/tilefly.com\/de\/produkt\/triana-ceniza-rect-20x120\/","title":{"rendered":"TRIANA CENIZA RECT 20X120"},"content":{"rendered":"<h2><strong>TRIANA ASH RECT 20X120<\/strong><\/h2><\/p><p><strong>TRIANA CENIZA RECT 20X120<\/strong> ist die perfekte Wahl f\u00fcr alle, die einen modernen und ruhigen Stil suchen. Der Esche-Ton und die matte Oberfl\u00e4che imitieren Holz mit einer Pr\u00e4zision, die Ihrem Boden Raffinesse und Charakter verleiht. <\/p><p>Dieses St\u00fcck aus der <a href=\"https:\/\/tilefly.com\/producto\/triana\/\">Triana-Kollektion<\/a> besticht durch sein handgefertigtes Design, das die Essenz eines sorgf\u00e4ltigen und delikaten Prozesses einf\u00e4ngt.<\/p><p>Lassen Sie sich von der Triana-Serie inspirieren und schaffen Sie R\u00e4ume voller Kunst und Authentizit\u00e4t.<\/p>","protected":false},"excerpt":{"rendered":"<p>TRIANA ASH RECT 20X120TRIANA CENIZA RECT 20X120 ist die perfekte Wahl f\u00fcr alle, die einen modernen und ruhigen Stil suchen. Der Esche-Ton und die matte Oberfl\u00e4che imitieren Holz mit einer Pr\u00e4zision, die Ihrem Boden Raffinesse und Charakter verleiht. Dieses St\u00fcck aus der Triana-Kollektion besticht durch sein handgefertigtes Design, das die Essenz eines sorgf\u00e4ltigen und delikaten [&hellip;]<\/p>\n","protected":false},"featured_media":545964,"comment_status":"open","ping_status":"closed","template":"","meta":[],"product_brand":[],"product_cat":[457,458,456,459],"product_tag":[],"class_list":{"0":"post-549008","1":"product","2":"type-product","3":"status-publish","4":"has-post-thumbnail","6":"product_cat-badezimmer","7":"product_cat-kuchen","8":"product_cat-vohnzimmer","9":"product_cat-wandfliesen","11":"first","12":"outofstock","13":"shipping-taxable","14":"purchasable","15":"product-type-simple"},"_links":{"self":[{"href":"https:\/\/tilefly.com\/de\/wp-json\/wp\/v2\/product\/549008","targetHints":{"allow":["GET"]}}],"collection":[{"href":"https:\/\/tilefly.com\/de\/wp-json\/wp\/v2\/product"}],"about":[{"href":"https:\/\/tilefly.com\/de\/wp-json\/wp\/v2\/types\/product"}],"replies":[{"embeddable":true,"href":"https:\/\/tilefly.com\/de\/wp-json\/wp\/v2\/comments?post=549008"}],"wp:featuredmedia":[{"embeddable":true,"href":"https:\/\/tilefly.com\/de\/wp-json\/wp\/v2\/media\/545964"}],"wp:attachment":[{"href":"https:\/\/tilefly.com\/de\/wp-json\/wp\/v2\/media?parent=549008"}],"wp:term":[{"taxonomy":"product_brand","embeddable":true,"href":"https:\/\/tilefly.com\/de\/wp-json\/wp\/v2\/product_brand?post=549008"},{"taxonomy":"product_cat","embeddable":true,"href":"https:\/\/tilefly.com\/de\/wp-json\/wp\/v2\/product_cat?post=549008"},{"taxonomy":"product_tag","embeddable":true,"href":"https:\/\/tilefly.com\/de\/wp-json\/wp\/v2\/product_tag?post=549008"}],"curies":[{"name":"wp","href":"https:\/\/api.w.org\/{rel}","templated":true}]}}