{"id":549003,"date":"2024-11-15T15:28:43","date_gmt":"2024-11-15T14:28:43","guid":{"rendered":"https:\/\/tilefly.com\/producto\/triana-canela-rect-20x120\/"},"modified":"2024-12-10T20:48:46","modified_gmt":"2024-12-10T19:48:46","slug":"triana-canela-rect-20x120","status":"publish","type":"product","link":"https:\/\/tilefly.com\/de\/produkt\/triana-canela-rect-20x120\/","title":{"rendered":"TRIANA CANELA RECT 20X120"},"content":{"rendered":"<h2><strong>TRIANA ZIMT RECT 20X120<\/strong><\/h2><\/p><p>Bringen Sie W\u00e4rme und Stil auf Ihre B\u00f6den mit <strong>TRIANA CANELA RECT 20X120<\/strong>. Dieses Feinsteinzeug in einem Zimtton mit matter Oberfl\u00e4che imitiert die Textur und den Charme von Holz und schafft so gem\u00fctliche R\u00e4ume voller Pers\u00f6nlichkeit. <\/p><p>Als Teil der <a href=\"https:\/\/tilefly.com\/producto\/triana\/\">Triana-Kollektion<\/a> ist dieses St\u00fcck von der Kunst und Tradition eines sevillanischen Viertels inspiriert, in dem sich Keramik und Musik treffen.<\/p><p>Entdecken Sie die Gestaltungsm\u00f6glichkeiten der Triana-Serie und verwandeln Sie Ihr Zuhause mit diesem einzigartigen St\u00fcck.<\/p>","protected":false},"excerpt":{"rendered":"<p>TRIANA ZIMT RECT 20X120Bringen Sie W\u00e4rme und Stil auf Ihre B\u00f6den mit TRIANA CANELA RECT 20X120. Dieses Feinsteinzeug in einem Zimtton mit matter Oberfl\u00e4che imitiert die Textur und den Charme von Holz und schafft so gem\u00fctliche R\u00e4ume voller Pers\u00f6nlichkeit. Als Teil der Triana-Kollektion ist dieses St\u00fcck von der Kunst und Tradition eines sevillanischen Viertels inspiriert, [&hellip;]<\/p>\n","protected":false},"featured_media":545951,"comment_status":"open","ping_status":"closed","template":"","meta":[],"product_brand":[],"product_cat":[457,458,456,459],"product_tag":[],"class_list":{"0":"post-549003","1":"product","2":"type-product","3":"status-publish","4":"has-post-thumbnail","6":"product_cat-badezimmer","7":"product_cat-kuchen","8":"product_cat-vohnzimmer","9":"product_cat-wandfliesen","11":"first","12":"outofstock","13":"shipping-taxable","14":"purchasable","15":"product-type-simple"},"_links":{"self":[{"href":"https:\/\/tilefly.com\/de\/wp-json\/wp\/v2\/product\/549003","targetHints":{"allow":["GET"]}}],"collection":[{"href":"https:\/\/tilefly.com\/de\/wp-json\/wp\/v2\/product"}],"about":[{"href":"https:\/\/tilefly.com\/de\/wp-json\/wp\/v2\/types\/product"}],"replies":[{"embeddable":true,"href":"https:\/\/tilefly.com\/de\/wp-json\/wp\/v2\/comments?post=549003"}],"wp:featuredmedia":[{"embeddable":true,"href":"https:\/\/tilefly.com\/de\/wp-json\/wp\/v2\/media\/545951"}],"wp:attachment":[{"href":"https:\/\/tilefly.com\/de\/wp-json\/wp\/v2\/media?parent=549003"}],"wp:term":[{"taxonomy":"product_brand","embeddable":true,"href":"https:\/\/tilefly.com\/de\/wp-json\/wp\/v2\/product_brand?post=549003"},{"taxonomy":"product_cat","embeddable":true,"href":"https:\/\/tilefly.com\/de\/wp-json\/wp\/v2\/product_cat?post=549003"},{"taxonomy":"product_tag","embeddable":true,"href":"https:\/\/tilefly.com\/de\/wp-json\/wp\/v2\/product_tag?post=549003"}],"curies":[{"name":"wp","href":"https:\/\/api.w.org\/{rel}","templated":true}]}}