{"id":548996,"date":"2024-11-15T15:28:35","date_gmt":"2024-11-15T14:28:35","guid":{"rendered":"https:\/\/tilefly.com\/producto\/triana-caoba-rect-20x120\/"},"modified":"2024-12-10T20:48:43","modified_gmt":"2024-12-10T19:48:43","slug":"triana-caoba-rect-20x120","status":"publish","type":"product","link":"https:\/\/tilefly.com\/de\/produkt\/triana-caoba-rect-20x120\/","title":{"rendered":"TRIANA CAOBA RECT 20X120"},"content":{"rendered":"<h2><strong>TRIANA MAHAGONI REKT 20X120<\/strong><\/h2><\/p><p>Entdecken Sie den Charme von <strong>TRIANA CAOBA RECT 20X120<\/strong>, einem Feinsteinzeug in einem warmen Mahagoniton, der an die nat\u00fcrliche Sch\u00f6nheit von Holz erinnert. Ihre matte Oberfl\u00e4che und das Design in Holzimitation machen sie zur idealen Wahl f\u00fcr Bodenbel\u00e4ge, die Eleganz und W\u00e4rme vermitteln sollen. <\/p><p>Dieses St\u00fcck aus der <a href=\"https:\/\/tilefly.com\/producto\/triana\/\">Triana-Kollektion<\/a> spiegelt eine sorgf\u00e4ltige Verarbeitung wider, bei der jedes Korn eine Geschichte erz\u00e4hlt und die Essenz eines Viertels voller Kunst und Tradition vermittelt.<\/p><p>Verwandeln Sie Ihre R\u00e4ume und sp\u00fcren Sie die Musik und das Leben, das Triana mit jedem St\u00fcck in sich tr\u00e4gt.<\/p>","protected":false},"excerpt":{"rendered":"<p>TRIANA MAHAGONI REKT 20X120Entdecken Sie den Charme von TRIANA CAOBA RECT 20X120, einem Feinsteinzeug in einem warmen Mahagoniton, der an die nat\u00fcrliche Sch\u00f6nheit von Holz erinnert. Ihre matte Oberfl\u00e4che und das Design in Holzimitation machen sie zur idealen Wahl f\u00fcr Bodenbel\u00e4ge, die Eleganz und W\u00e4rme vermitteln sollen. Dieses St\u00fcck aus der Triana-Kollektion spiegelt eine sorgf\u00e4ltige [&hellip;]<\/p>\n","protected":false},"featured_media":545938,"comment_status":"open","ping_status":"closed","template":"","meta":[],"product_brand":[],"product_cat":[457,458,456,459],"product_tag":[],"class_list":{"0":"post-548996","1":"product","2":"type-product","3":"status-publish","4":"has-post-thumbnail","6":"product_cat-badezimmer","7":"product_cat-kuchen","8":"product_cat-vohnzimmer","9":"product_cat-wandfliesen","11":"first","12":"instock","13":"shipping-taxable","14":"purchasable","15":"product-type-simple"},"_links":{"self":[{"href":"https:\/\/tilefly.com\/de\/wp-json\/wp\/v2\/product\/548996","targetHints":{"allow":["GET"]}}],"collection":[{"href":"https:\/\/tilefly.com\/de\/wp-json\/wp\/v2\/product"}],"about":[{"href":"https:\/\/tilefly.com\/de\/wp-json\/wp\/v2\/types\/product"}],"replies":[{"embeddable":true,"href":"https:\/\/tilefly.com\/de\/wp-json\/wp\/v2\/comments?post=548996"}],"wp:featuredmedia":[{"embeddable":true,"href":"https:\/\/tilefly.com\/de\/wp-json\/wp\/v2\/media\/545938"}],"wp:attachment":[{"href":"https:\/\/tilefly.com\/de\/wp-json\/wp\/v2\/media?parent=548996"}],"wp:term":[{"taxonomy":"product_brand","embeddable":true,"href":"https:\/\/tilefly.com\/de\/wp-json\/wp\/v2\/product_brand?post=548996"},{"taxonomy":"product_cat","embeddable":true,"href":"https:\/\/tilefly.com\/de\/wp-json\/wp\/v2\/product_cat?post=548996"},{"taxonomy":"product_tag","embeddable":true,"href":"https:\/\/tilefly.com\/de\/wp-json\/wp\/v2\/product_tag?post=548996"}],"curies":[{"name":"wp","href":"https:\/\/api.w.org\/{rel}","templated":true}]}}