{"id":548989,"date":"2024-11-15T15:28:03","date_gmt":"2024-11-15T14:28:03","guid":{"rendered":"https:\/\/tilefly.com\/producto\/cretonne-rouge-rect-60x120\/"},"modified":"2024-12-10T20:48:37","modified_gmt":"2024-12-10T19:48:37","slug":"cretonne-rouge-rect-60x120","status":"publish","type":"product","link":"https:\/\/tilefly.com\/de\/produkt\/cretonne-rouge-rect-60x120\/","title":{"rendered":"CRETONNE ROUGE RECT 60X120"},"content":{"rendered":"<h2><strong>CRETONNE ROUGE RECT 60X120<\/strong><\/h2><\/p><p>Verleihen Sie Ihren B\u00f6den einen Hauch von Eleganz und Raffinesse mit dem <strong>CRETONNE ROUGE RECT 60X120<\/strong>. Dieses Feinsteinzeug in einem beigen Farbton mit gl\u00e4nzender Oberfl\u00e4che verf\u00fcgt \u00fcber ein verziertes Design und eine Marmorimitation, die Ihren B\u00f6den eine besondere Note verleiht. <\/p><p>Als Teil der <a href=\"https:\/\/tilefly.com\/producto\/tonality\/\">Tonality-Kollektion<\/a> ist dieses St\u00fcck ideal, um einzigartige Umgebungen voller Pers\u00f6nlichkeit zu schaffen.<\/p><p>Entdecken Sie die unendlichen Kombinationsm\u00f6glichkeiten der Tonality-Serie und verwandeln Sie Ihre R\u00e4ume mit diesem exklusiven St\u00fcck.<\/p>","protected":false},"excerpt":{"rendered":"<p>CRETONNE ROUGE RECT 60X120Verleihen Sie Ihren B\u00f6den einen Hauch von Eleganz und Raffinesse mit dem CRETONNE ROUGE RECT 60X120. Dieses Feinsteinzeug in einem beigen Farbton mit gl\u00e4nzender Oberfl\u00e4che verf\u00fcgt \u00fcber ein verziertes Design und eine Marmorimitation, die Ihren B\u00f6den eine besondere Note verleiht. Als Teil der Tonality-Kollektion ist dieses St\u00fcck ideal, um einzigartige Umgebungen voller [&hellip;]<\/p>\n","protected":false},"featured_media":545899,"comment_status":"open","ping_status":"closed","template":"","meta":[],"product_brand":[],"product_cat":[457,458,456,459],"product_tag":[],"class_list":{"0":"post-548989","1":"product","2":"type-product","3":"status-publish","4":"has-post-thumbnail","6":"product_cat-badezimmer","7":"product_cat-kuchen","8":"product_cat-vohnzimmer","9":"product_cat-wandfliesen","11":"first","12":"instock","13":"shipping-taxable","14":"purchasable","15":"product-type-simple"},"_links":{"self":[{"href":"https:\/\/tilefly.com\/de\/wp-json\/wp\/v2\/product\/548989","targetHints":{"allow":["GET"]}}],"collection":[{"href":"https:\/\/tilefly.com\/de\/wp-json\/wp\/v2\/product"}],"about":[{"href":"https:\/\/tilefly.com\/de\/wp-json\/wp\/v2\/types\/product"}],"replies":[{"embeddable":true,"href":"https:\/\/tilefly.com\/de\/wp-json\/wp\/v2\/comments?post=548989"}],"wp:featuredmedia":[{"embeddable":true,"href":"https:\/\/tilefly.com\/de\/wp-json\/wp\/v2\/media\/545899"}],"wp:attachment":[{"href":"https:\/\/tilefly.com\/de\/wp-json\/wp\/v2\/media?parent=548989"}],"wp:term":[{"taxonomy":"product_brand","embeddable":true,"href":"https:\/\/tilefly.com\/de\/wp-json\/wp\/v2\/product_brand?post=548989"},{"taxonomy":"product_cat","embeddable":true,"href":"https:\/\/tilefly.com\/de\/wp-json\/wp\/v2\/product_cat?post=548989"},{"taxonomy":"product_tag","embeddable":true,"href":"https:\/\/tilefly.com\/de\/wp-json\/wp\/v2\/product_tag?post=548989"}],"curies":[{"name":"wp","href":"https:\/\/api.w.org\/{rel}","templated":true}]}}