{"id":548978,"date":"2024-11-15T15:27:33","date_gmt":"2024-11-15T14:27:33","guid":{"rendered":"https:\/\/tilefly.com\/producto\/wicker-tide-rect-60x120\/"},"modified":"2024-12-10T20:48:30","modified_gmt":"2024-12-10T19:48:30","slug":"wicker-tide-rect-60x120","status":"publish","type":"product","link":"https:\/\/tilefly.com\/de\/produkt\/wicker-tide-rect-60x120\/","title":{"rendered":"WICKER TIDE RECT 60X120"},"content":{"rendered":"<h2><strong>WEIDENRUTE RECT 60X120<\/strong><\/h2><\/p><p>Das <strong>WICKER TIDE RECT 60X120<\/strong> in Blaut\u00f6nen und gl\u00e4nzender Oberfl\u00e4che ist perfekt, um Ihren B\u00f6den Eleganz und Gelassenheit zu verleihen. Sein Design aus imitiertem Marmor mit subtiler Textur verleiht jedem Raum Tiefe und Raffinesse. <\/p><p>Dieses M\u00f6belst\u00fcck aus der <a href=\"https:\/\/tilefly.com\/producto\/tonality\/\">Tonality-Kollektion<\/a> ist ideal, um entspannte und moderne Atmosph\u00e4ren zu schaffen.<\/p><p>Entdecken Sie die unendlichen Gestaltungsm\u00f6glichkeiten, die die Tonality-Serie bietet, und verwandeln Sie Ihre R\u00e4ume mit diesem exklusiven St\u00fcck.<\/p>","protected":false},"excerpt":{"rendered":"<p>WEIDENRUTE RECT 60X120Das WICKER TIDE RECT 60X120 in Blaut\u00f6nen und gl\u00e4nzender Oberfl\u00e4che ist perfekt, um Ihren B\u00f6den Eleganz und Gelassenheit zu verleihen. Sein Design aus imitiertem Marmor mit subtiler Textur verleiht jedem Raum Tiefe und Raffinesse. Dieses M\u00f6belst\u00fcck aus der Tonality-Kollektion ist ideal, um entspannte und moderne Atmosph\u00e4ren zu schaffen.Entdecken Sie die unendlichen Gestaltungsm\u00f6glichkeiten, die [&hellip;]<\/p>\n","protected":false},"featured_media":545834,"comment_status":"open","ping_status":"closed","template":"","meta":[],"product_brand":[],"product_cat":[457,458,456,459],"product_tag":[],"class_list":{"0":"post-548978","1":"product","2":"type-product","3":"status-publish","4":"has-post-thumbnail","6":"product_cat-badezimmer","7":"product_cat-kuchen","8":"product_cat-vohnzimmer","9":"product_cat-wandfliesen","11":"first","12":"outofstock","13":"shipping-taxable","14":"purchasable","15":"product-type-simple"},"_links":{"self":[{"href":"https:\/\/tilefly.com\/de\/wp-json\/wp\/v2\/product\/548978","targetHints":{"allow":["GET"]}}],"collection":[{"href":"https:\/\/tilefly.com\/de\/wp-json\/wp\/v2\/product"}],"about":[{"href":"https:\/\/tilefly.com\/de\/wp-json\/wp\/v2\/types\/product"}],"replies":[{"embeddable":true,"href":"https:\/\/tilefly.com\/de\/wp-json\/wp\/v2\/comments?post=548978"}],"wp:featuredmedia":[{"embeddable":true,"href":"https:\/\/tilefly.com\/de\/wp-json\/wp\/v2\/media\/545834"}],"wp:attachment":[{"href":"https:\/\/tilefly.com\/de\/wp-json\/wp\/v2\/media?parent=548978"}],"wp:term":[{"taxonomy":"product_brand","embeddable":true,"href":"https:\/\/tilefly.com\/de\/wp-json\/wp\/v2\/product_brand?post=548978"},{"taxonomy":"product_cat","embeddable":true,"href":"https:\/\/tilefly.com\/de\/wp-json\/wp\/v2\/product_cat?post=548978"},{"taxonomy":"product_tag","embeddable":true,"href":"https:\/\/tilefly.com\/de\/wp-json\/wp\/v2\/product_tag?post=548978"}],"curies":[{"name":"wp","href":"https:\/\/api.w.org\/{rel}","templated":true}]}}