{"id":548967,"date":"2024-11-15T15:27:26","date_gmt":"2024-11-15T14:27:26","guid":{"rendered":"https:\/\/tilefly.com\/producto\/wicker-fortune-rect-60x120\/"},"modified":"2024-12-10T20:48:23","modified_gmt":"2024-12-10T19:48:23","slug":"wicker-fortune-rect-60x120","status":"publish","type":"product","link":"https:\/\/tilefly.com\/de\/produkt\/wicker-fortune-rect-60x120\/","title":{"rendered":"WICKER FORTUNE RECT 60X120"},"content":{"rendered":"<h2><strong>WEIDENRUTEN-GL\u00dcCK REKT 60X120<\/strong><\/h2><\/p><p><strong>WICKER FORTUNE RECT 60X120<\/strong> besticht durch seinen leuchtenden Gelbton und seine gl\u00e4nzende Oberfl\u00e4che, die Energie und Helligkeit auf Ihre B\u00f6den bringt. Sein Design aus imitiertem Marmor mit subtilen Texturen verleiht jedem Raum Tiefe und Stil. <\/p><p>Dieses St\u00fcck aus der <a href=\"https:\/\/tilefly.com\/producto\/tonality\/\">Tonality-Kollektion<\/a> ist perfekt f\u00fcr alle, die ihre R\u00e4ume mit Leben und Farbe f\u00fcllen m\u00f6chten.<\/p><p>Verwandeln Sie Ihre Umgebung und lassen Sie sich von der Kreativit\u00e4t inspirieren, die Ihnen die Tonality-Serie bietet.<\/p>","protected":false},"excerpt":{"rendered":"<p>WEIDENRUTEN-GL\u00dcCK REKT 60X120WICKER FORTUNE RECT 60X120 besticht durch seinen leuchtenden Gelbton und seine gl\u00e4nzende Oberfl\u00e4che, die Energie und Helligkeit auf Ihre B\u00f6den bringt. Sein Design aus imitiertem Marmor mit subtilen Texturen verleiht jedem Raum Tiefe und Stil. Dieses St\u00fcck aus der Tonality-Kollektion ist perfekt f\u00fcr alle, die ihre R\u00e4ume mit Leben und Farbe f\u00fcllen m\u00f6chten.Verwandeln [&hellip;]<\/p>\n","protected":false},"featured_media":545808,"comment_status":"open","ping_status":"closed","template":"","meta":[],"product_brand":[],"product_cat":[457,458,456,459],"product_tag":[],"class_list":{"0":"post-548967","1":"product","2":"type-product","3":"status-publish","4":"has-post-thumbnail","6":"product_cat-badezimmer","7":"product_cat-kuchen","8":"product_cat-vohnzimmer","9":"product_cat-wandfliesen","11":"first","12":"outofstock","13":"shipping-taxable","14":"purchasable","15":"product-type-simple"},"_links":{"self":[{"href":"https:\/\/tilefly.com\/de\/wp-json\/wp\/v2\/product\/548967","targetHints":{"allow":["GET"]}}],"collection":[{"href":"https:\/\/tilefly.com\/de\/wp-json\/wp\/v2\/product"}],"about":[{"href":"https:\/\/tilefly.com\/de\/wp-json\/wp\/v2\/types\/product"}],"replies":[{"embeddable":true,"href":"https:\/\/tilefly.com\/de\/wp-json\/wp\/v2\/comments?post=548967"}],"wp:featuredmedia":[{"embeddable":true,"href":"https:\/\/tilefly.com\/de\/wp-json\/wp\/v2\/media\/545808"}],"wp:attachment":[{"href":"https:\/\/tilefly.com\/de\/wp-json\/wp\/v2\/media?parent=548967"}],"wp:term":[{"taxonomy":"product_brand","embeddable":true,"href":"https:\/\/tilefly.com\/de\/wp-json\/wp\/v2\/product_brand?post=548967"},{"taxonomy":"product_cat","embeddable":true,"href":"https:\/\/tilefly.com\/de\/wp-json\/wp\/v2\/product_cat?post=548967"},{"taxonomy":"product_tag","embeddable":true,"href":"https:\/\/tilefly.com\/de\/wp-json\/wp\/v2\/product_tag?post=548967"}],"curies":[{"name":"wp","href":"https:\/\/api.w.org\/{rel}","templated":true}]}}