{"id":548956,"date":"2024-11-15T15:26:53","date_gmt":"2024-11-15T14:26:53","guid":{"rendered":"https:\/\/tilefly.com\/producto\/turquoise-pol-rect-60x120\/"},"modified":"2024-12-10T20:48:16","modified_gmt":"2024-12-10T19:48:16","slug":"turquoise-pol-rect-60x120","status":"publish","type":"product","link":"https:\/\/tilefly.com\/de\/produkt\/turquoise-pol-rect-60x120\/","title":{"rendered":"TURQUOISE POL RECT 60X120"},"content":{"rendered":"<h2><strong>T\u00dcRKIS POL RECT 60X120<\/strong><\/h2><\/p><p>Bringen Sie einen Hauch von Frische und Leuchtkraft mit <strong>TURQUOISE POL RECT 60X120<\/strong>. Dieses leuchtend t\u00fcrkisfarbene Feinsteinzeug mit polierter Oberfl\u00e4che ist perfekt f\u00fcr B\u00f6den, die die Eleganz von Marmor mit einer Farbexplosion verbinden m\u00f6chten. <\/p><p>Als Teil der <a href=\"https:\/\/tilefly.com\/producto\/tonality\/\">Tonality-Kollektion<\/a> bietet dieses M\u00f6belst\u00fcck unendliche Gestaltungsm\u00f6glichkeiten, mit denen Sie R\u00e4ume voller Energie und Stil schaffen k\u00f6nnen.<\/p><p>Ver\u00e4ndern Sie Ihre Umgebung und lassen Sie sich von der Vitalit\u00e4t der Tonality-Serie inspirieren.<\/p>","protected":false},"excerpt":{"rendered":"<p>T\u00dcRKIS POL RECT 60X120Bringen Sie einen Hauch von Frische und Leuchtkraft mit TURQUOISE POL RECT 60X120. Dieses leuchtend t\u00fcrkisfarbene Feinsteinzeug mit polierter Oberfl\u00e4che ist perfekt f\u00fcr B\u00f6den, die die Eleganz von Marmor mit einer Farbexplosion verbinden m\u00f6chten. Als Teil der Tonality-Kollektion bietet dieses M\u00f6belst\u00fcck unendliche Gestaltungsm\u00f6glichkeiten, mit denen Sie R\u00e4ume voller Energie und Stil schaffen [&hellip;]<\/p>\n","protected":false},"featured_media":545743,"comment_status":"open","ping_status":"closed","template":"","meta":[],"product_brand":[],"product_cat":[457,458,456,459],"product_tag":[],"class_list":{"0":"post-548956","1":"product","2":"type-product","3":"status-publish","4":"has-post-thumbnail","6":"product_cat-badezimmer","7":"product_cat-kuchen","8":"product_cat-vohnzimmer","9":"product_cat-wandfliesen","11":"first","12":"instock","13":"shipping-taxable","14":"purchasable","15":"product-type-simple"},"_links":{"self":[{"href":"https:\/\/tilefly.com\/de\/wp-json\/wp\/v2\/product\/548956","targetHints":{"allow":["GET"]}}],"collection":[{"href":"https:\/\/tilefly.com\/de\/wp-json\/wp\/v2\/product"}],"about":[{"href":"https:\/\/tilefly.com\/de\/wp-json\/wp\/v2\/types\/product"}],"replies":[{"embeddable":true,"href":"https:\/\/tilefly.com\/de\/wp-json\/wp\/v2\/comments?post=548956"}],"wp:featuredmedia":[{"embeddable":true,"href":"https:\/\/tilefly.com\/de\/wp-json\/wp\/v2\/media\/545743"}],"wp:attachment":[{"href":"https:\/\/tilefly.com\/de\/wp-json\/wp\/v2\/media?parent=548956"}],"wp:term":[{"taxonomy":"product_brand","embeddable":true,"href":"https:\/\/tilefly.com\/de\/wp-json\/wp\/v2\/product_brand?post=548956"},{"taxonomy":"product_cat","embeddable":true,"href":"https:\/\/tilefly.com\/de\/wp-json\/wp\/v2\/product_cat?post=548956"},{"taxonomy":"product_tag","embeddable":true,"href":"https:\/\/tilefly.com\/de\/wp-json\/wp\/v2\/product_tag?post=548956"}],"curies":[{"name":"wp","href":"https:\/\/api.w.org\/{rel}","templated":true}]}}