{"id":548952,"date":"2024-11-15T15:45:09","date_gmt":"2024-11-15T14:45:09","guid":{"rendered":"https:\/\/tilefly.com\/producto\/volterra-white-matt-rect-60x120\/"},"modified":"2024-12-10T20:47:39","modified_gmt":"2024-12-10T19:47:39","slug":"volterra-white-matt-rect-60x120","status":"publish","type":"product","link":"https:\/\/tilefly.com\/de\/produkt\/volterra-white-matt-rect-60x120\/","title":{"rendered":"VOLTERRA WHITE MATT RECT 60X120"},"content":{"rendered":"<h2><strong>VOLTERRA WEISS MATT RECT 60X120<\/strong><\/h2><\/p><p><strong>VOLTERRA WHITE MATT RECT 60X120<\/strong> ist die ideale Wahl f\u00fcr alle, die auf der Suche nach einem eleganten und modernen Design sind. Dieses Feinsteinzeug in wei\u00dfem Farbton mit matter Oberfl\u00e4che bildet die Weichheit und die wirbelnden Muster von Arabescato-Marmor nach und verleiht Ihrem Fu\u00dfboden einen modernen Touch. <\/p><p>Dieses St\u00fcck aus der <a href=\"https:\/\/tilefly.com\/producto\/volterra\/\">Volterra-Kollektion<\/a> eignet sich perfekt f\u00fcr architektonische Projekte, bei denen Raffinesse und Nat\u00fcrlichkeit gleicherma\u00dfen gefragt sind.<\/p><p>Entdecken Sie die Vielseitigkeit der Volterra Serie und verwandeln Sie Ihre Umgebung mit diesem einzigartigen St\u00fcck.<\/p>","protected":false},"excerpt":{"rendered":"<p>VOLTERRA WEISS MATT RECT 60X120VOLTERRA WHITE MATT RECT 60X120 ist die ideale Wahl f\u00fcr alle, die auf der Suche nach einem eleganten und modernen Design sind. Dieses Feinsteinzeug in wei\u00dfem Farbton mit matter Oberfl\u00e4che bildet die Weichheit und die wirbelnden Muster von Arabescato-Marmor nach und verleiht Ihrem Fu\u00dfboden einen modernen Touch. Dieses St\u00fcck aus der [&hellip;]<\/p>\n","protected":false},"featured_media":546081,"comment_status":"open","ping_status":"closed","template":"","meta":[],"product_brand":[],"product_cat":[457,458,456,459],"product_tag":[],"class_list":{"0":"post-548952","1":"product","2":"type-product","3":"status-publish","4":"has-post-thumbnail","6":"product_cat-badezimmer","7":"product_cat-kuchen","8":"product_cat-vohnzimmer","9":"product_cat-wandfliesen","11":"first","12":"instock","13":"shipping-taxable","14":"purchasable","15":"product-type-simple"},"_links":{"self":[{"href":"https:\/\/tilefly.com\/de\/wp-json\/wp\/v2\/product\/548952","targetHints":{"allow":["GET"]}}],"collection":[{"href":"https:\/\/tilefly.com\/de\/wp-json\/wp\/v2\/product"}],"about":[{"href":"https:\/\/tilefly.com\/de\/wp-json\/wp\/v2\/types\/product"}],"replies":[{"embeddable":true,"href":"https:\/\/tilefly.com\/de\/wp-json\/wp\/v2\/comments?post=548952"}],"wp:featuredmedia":[{"embeddable":true,"href":"https:\/\/tilefly.com\/de\/wp-json\/wp\/v2\/media\/546081"}],"wp:attachment":[{"href":"https:\/\/tilefly.com\/de\/wp-json\/wp\/v2\/media?parent=548952"}],"wp:term":[{"taxonomy":"product_brand","embeddable":true,"href":"https:\/\/tilefly.com\/de\/wp-json\/wp\/v2\/product_brand?post=548952"},{"taxonomy":"product_cat","embeddable":true,"href":"https:\/\/tilefly.com\/de\/wp-json\/wp\/v2\/product_cat?post=548952"},{"taxonomy":"product_tag","embeddable":true,"href":"https:\/\/tilefly.com\/de\/wp-json\/wp\/v2\/product_tag?post=548952"}],"curies":[{"name":"wp","href":"https:\/\/api.w.org\/{rel}","templated":true}]}}