{"id":548947,"date":"2024-11-15T15:45:06","date_gmt":"2024-11-15T14:45:06","guid":{"rendered":"https:\/\/tilefly.com\/producto\/volterra-white-pol-rect-60x120\/"},"modified":"2024-12-10T20:47:36","modified_gmt":"2024-12-10T19:47:36","slug":"volterra-white-pol-rect-60x120","status":"publish","type":"product","link":"https:\/\/tilefly.com\/de\/produkt\/volterra-white-pol-rect-60x120\/","title":{"rendered":"VOLTERRA WHITE POL RECT 60X120"},"content":{"rendered":"<h2><strong>VOLTERRA WEISS POL RECT 60X120<\/strong><\/h2><\/p><p>Entdecken Sie die zeitlose Eleganz von <strong>VOLTERRA WHITE POL RECT 60X120<\/strong>, einem wei\u00dfen Feinsteinzeug, das die exquisite Sch\u00f6nheit des Arabescato-Marmors einf\u00e4ngt. Ihre polierte Oberfl\u00e4che hebt die subtilen Muster der ineinandergreifenden Graut\u00f6ne hervor und verleiht jedem Bodenbelag Leuchtkraft und Raffinesse. <\/p><p>Als Teil der <a href=\"https:\/\/tilefly.com\/producto\/volterra\/\">Volterra-Kollektion<\/a> ist dieses St\u00fcck ideal f\u00fcr Einrichtungsprojekte, die die Tradition und den Luxus des italienischen Marmors widerspiegeln sollen.<\/p><p>Verwandeln Sie Ihre R\u00e4ume mit der perfekten Kombination aus Stil und Funktionalit\u00e4t, die die Volterra-Serie bietet.<\/p>","protected":false},"excerpt":{"rendered":"<p>VOLTERRA WEISS POL RECT 60X120Entdecken Sie die zeitlose Eleganz von VOLTERRA WHITE POL RECT 60X120, einem wei\u00dfen Feinsteinzeug, das die exquisite Sch\u00f6nheit des Arabescato-Marmors einf\u00e4ngt. Ihre polierte Oberfl\u00e4che hebt die subtilen Muster der ineinandergreifenden Graut\u00f6ne hervor und verleiht jedem Bodenbelag Leuchtkraft und Raffinesse. Als Teil der Volterra-Kollektion ist dieses St\u00fcck ideal f\u00fcr Einrichtungsprojekte, die die [&hellip;]<\/p>\n","protected":false},"featured_media":546068,"comment_status":"open","ping_status":"closed","template":"","meta":[],"product_brand":[],"product_cat":[457,458,456,459],"product_tag":[],"class_list":{"0":"post-548947","1":"product","2":"type-product","3":"status-publish","4":"has-post-thumbnail","6":"product_cat-badezimmer","7":"product_cat-kuchen","8":"product_cat-vohnzimmer","9":"product_cat-wandfliesen","11":"first","12":"outofstock","13":"shipping-taxable","14":"purchasable","15":"product-type-simple"},"_links":{"self":[{"href":"https:\/\/tilefly.com\/de\/wp-json\/wp\/v2\/product\/548947","targetHints":{"allow":["GET"]}}],"collection":[{"href":"https:\/\/tilefly.com\/de\/wp-json\/wp\/v2\/product"}],"about":[{"href":"https:\/\/tilefly.com\/de\/wp-json\/wp\/v2\/types\/product"}],"replies":[{"embeddable":true,"href":"https:\/\/tilefly.com\/de\/wp-json\/wp\/v2\/comments?post=548947"}],"wp:featuredmedia":[{"embeddable":true,"href":"https:\/\/tilefly.com\/de\/wp-json\/wp\/v2\/media\/546068"}],"wp:attachment":[{"href":"https:\/\/tilefly.com\/de\/wp-json\/wp\/v2\/media?parent=548947"}],"wp:term":[{"taxonomy":"product_brand","embeddable":true,"href":"https:\/\/tilefly.com\/de\/wp-json\/wp\/v2\/product_brand?post=548947"},{"taxonomy":"product_cat","embeddable":true,"href":"https:\/\/tilefly.com\/de\/wp-json\/wp\/v2\/product_cat?post=548947"},{"taxonomy":"product_tag","embeddable":true,"href":"https:\/\/tilefly.com\/de\/wp-json\/wp\/v2\/product_tag?post=548947"}],"curies":[{"name":"wp","href":"https:\/\/api.w.org\/{rel}","templated":true}]}}