{"id":548928,"date":"2024-12-10T20:33:20","date_gmt":"2024-12-10T19:33:20","guid":{"rendered":"https:\/\/tilefly.com\/producto\/carmo-acqua-13x13\/"},"modified":"2024-12-10T20:46:48","modified_gmt":"2024-12-10T19:46:48","slug":"carmo-acqua-13x13","status":"publish","type":"product","link":"https:\/\/tilefly.com\/de\/produkt\/carmo-acqua-13x13\/","title":{"rendered":"CARMO ACQUA 13X13"},"content":{"rendered":"<h2><strong>CARMO ACQUA 13X13<\/strong><\/h2><\/p><p>Die Fliese <strong>Carmo Acqua 13X13<\/strong> aus der Kollektion <a href=\"https:\/\/tilefly.com\/producto\/fado\/\">Fado<\/a> f\u00e4ngt mit ihrem Aquaton die Essenz von Frische und Natur ein. Ihr Format von 13&#215;13 cm und die gl\u00e4nzende Oberfl\u00e4che machen sie zu einer au\u00dfergew\u00f6hnlichen Wahl f\u00fcr dekorative Innenr\u00e4ume. <\/p><p>Diese wei\u00dfe Fliese eignet sich perfekt f\u00fcr K\u00fcchen, B\u00e4der oder dekorative W\u00e4nde. Sie vereint Design, Qualit\u00e4t und Haltbarkeit und verleiht jedem Raum eine einzigartige Note.<\/p><p>Entdecken Sie mehr aus der <a href=\"https:\/\/tilefly.com\/producto\/fado\/\">Fado-Serie<\/a> und verwandeln Sie Ihre R\u00e4ume mit Stil und Tradition.<\/p>","protected":false},"excerpt":{"rendered":"<p>CARMO ACQUA 13X13Die Fliese Carmo Acqua 13X13 aus der Kollektion Fado f\u00e4ngt mit ihrem Aquaton die Essenz von Frische und Natur ein. Ihr Format von 13&#215;13 cm und die gl\u00e4nzende Oberfl\u00e4che machen sie zu einer au\u00dfergew\u00f6hnlichen Wahl f\u00fcr dekorative Innenr\u00e4ume. Diese wei\u00dfe Fliese eignet sich perfekt f\u00fcr K\u00fcchen, B\u00e4der oder dekorative W\u00e4nde. Sie vereint Design, [&hellip;]<\/p>\n","protected":false},"featured_media":548429,"comment_status":"open","ping_status":"closed","template":"","meta":[],"product_brand":[],"product_cat":[457,458,459],"product_tag":[],"class_list":{"0":"post-548928","1":"product","2":"type-product","3":"status-publish","4":"has-post-thumbnail","6":"product_cat-badezimmer","7":"product_cat-kuchen","8":"product_cat-wandfliesen","10":"first","11":"instock","12":"shipping-taxable","13":"purchasable","14":"product-type-simple"},"_links":{"self":[{"href":"https:\/\/tilefly.com\/de\/wp-json\/wp\/v2\/product\/548928","targetHints":{"allow":["GET"]}}],"collection":[{"href":"https:\/\/tilefly.com\/de\/wp-json\/wp\/v2\/product"}],"about":[{"href":"https:\/\/tilefly.com\/de\/wp-json\/wp\/v2\/types\/product"}],"replies":[{"embeddable":true,"href":"https:\/\/tilefly.com\/de\/wp-json\/wp\/v2\/comments?post=548928"}],"wp:featuredmedia":[{"embeddable":true,"href":"https:\/\/tilefly.com\/de\/wp-json\/wp\/v2\/media\/548429"}],"wp:attachment":[{"href":"https:\/\/tilefly.com\/de\/wp-json\/wp\/v2\/media?parent=548928"}],"wp:term":[{"taxonomy":"product_brand","embeddable":true,"href":"https:\/\/tilefly.com\/de\/wp-json\/wp\/v2\/product_brand?post=548928"},{"taxonomy":"product_cat","embeddable":true,"href":"https:\/\/tilefly.com\/de\/wp-json\/wp\/v2\/product_cat?post=548928"},{"taxonomy":"product_tag","embeddable":true,"href":"https:\/\/tilefly.com\/de\/wp-json\/wp\/v2\/product_tag?post=548928"}],"curies":[{"name":"wp","href":"https:\/\/api.w.org\/{rel}","templated":true}]}}