{"id":548058,"date":"2024-11-15T15:46:22","date_gmt":"2024-11-15T14:46:22","guid":{"rendered":"https:\/\/tilefly.com\/producto\/yoho-cashew-rect-22x120\/"},"modified":"2024-11-29T23:39:24","modified_gmt":"2024-11-29T22:39:24","slug":"yoho-cashew-rect-22x120","status":"publish","type":"product","link":"https:\/\/tilefly.com\/de\/produkt\/yoho-cashew-rect-22x120\/","title":{"rendered":"YOHO CASHEW RECT 22X120"},"content":{"rendered":"<h2><strong>YOHO CASHEW REKT 22X120<\/strong><\/h2><\/p><p><strong>YOHO CASHEW RECT 22X120<\/strong> kombiniert die W\u00e4rme von Beige mit der St\u00e4rke von Feinsteinzeug, um die Sch\u00f6nheit von Eiche nachzubilden. Die matte Oberfl\u00e4che und das Design in Holzimitation machen ihn zur idealen Wahl f\u00fcr B\u00f6den, die Nat\u00fcrlichkeit und Stil suchen. <\/p><p>Als Teil der <a href=\"https:\/\/tilefly.com\/producto\/yoho\/\">Yoho-Kollektion<\/a> f\u00e4ngt dieses St\u00fcck die Essenz der kanadischen Landschaften ein und bietet eine elegante und dauerhafte L\u00f6sung f\u00fcr jeden Raum.<\/p><p>Entdecken Sie die Yoho-Serie und verwandeln Sie Ihre Umgebung mit diesem St\u00fcck voller Charakter und Authentizit\u00e4t.<\/p>","protected":false},"excerpt":{"rendered":"<p>YOHO CASHEW REKT 22X120YOHO CASHEW RECT 22X120 kombiniert die W\u00e4rme von Beige mit der St\u00e4rke von Feinsteinzeug, um die Sch\u00f6nheit von Eiche nachzubilden. Die matte Oberfl\u00e4che und das Design in Holzimitation machen ihn zur idealen Wahl f\u00fcr B\u00f6den, die Nat\u00fcrlichkeit und Stil suchen. Als Teil der Yoho-Kollektion f\u00e4ngt dieses St\u00fcck die Essenz der kanadischen Landschaften [&hellip;]<\/p>\n","protected":false},"featured_media":546284,"comment_status":"open","ping_status":"closed","template":"","meta":[],"product_brand":[],"product_cat":[457,458,456,459],"product_tag":[],"class_list":{"0":"post-548058","1":"product","2":"type-product","3":"status-publish","4":"has-post-thumbnail","6":"product_cat-badezimmer","7":"product_cat-kuchen","8":"product_cat-vohnzimmer","9":"product_cat-wandfliesen","11":"first","12":"instock","13":"shipping-taxable","14":"purchasable","15":"product-type-simple"},"_links":{"self":[{"href":"https:\/\/tilefly.com\/de\/wp-json\/wp\/v2\/product\/548058","targetHints":{"allow":["GET"]}}],"collection":[{"href":"https:\/\/tilefly.com\/de\/wp-json\/wp\/v2\/product"}],"about":[{"href":"https:\/\/tilefly.com\/de\/wp-json\/wp\/v2\/types\/product"}],"replies":[{"embeddable":true,"href":"https:\/\/tilefly.com\/de\/wp-json\/wp\/v2\/comments?post=548058"}],"wp:featuredmedia":[{"embeddable":true,"href":"https:\/\/tilefly.com\/de\/wp-json\/wp\/v2\/media\/546284"}],"wp:attachment":[{"href":"https:\/\/tilefly.com\/de\/wp-json\/wp\/v2\/media?parent=548058"}],"wp:term":[{"taxonomy":"product_brand","embeddable":true,"href":"https:\/\/tilefly.com\/de\/wp-json\/wp\/v2\/product_brand?post=548058"},{"taxonomy":"product_cat","embeddable":true,"href":"https:\/\/tilefly.com\/de\/wp-json\/wp\/v2\/product_cat?post=548058"},{"taxonomy":"product_tag","embeddable":true,"href":"https:\/\/tilefly.com\/de\/wp-json\/wp\/v2\/product_tag?post=548058"}],"curies":[{"name":"wp","href":"https:\/\/api.w.org\/{rel}","templated":true}]}}