{"id":548048,"date":"2024-11-15T15:46:07","date_gmt":"2024-11-15T14:46:07","guid":{"rendered":"https:\/\/tilefly.com\/producto\/hexawork-b-taupe-175x202\/"},"modified":"2024-11-29T23:39:13","modified_gmt":"2024-11-29T22:39:13","slug":"hexawork-b-taupe-175x202","status":"publish","type":"product","link":"https:\/\/tilefly.com\/de\/produkt\/hexawork-b-taupe-175x202\/","title":{"rendered":"HEXAWORK B TAUPE 17,5X20,2"},"content":{"rendered":"<h2><strong>HEXAWORK B TAUPE 17,5X20,2<\/strong><\/h2><\/p><p><strong>HEXAWORK B TAUPE 17,5X20,2<\/strong> verbindet die W\u00e4rme des Brauntons mit dem sechseckigen Format zu einem modernen und einladenden Bodenbelag. Seine matte Oberfl\u00e4che und das zement\u00e4hnliche Design machen ihn zu einer vielseitigen und eleganten Wahl. <\/p><p>Dieses St\u00fcck aus der <a href=\"https:\/\/tilefly.com\/producto\/work\/\">Work-Kollektion<\/a> ist ideal f\u00fcr Projekte, die ein Gleichgewicht zwischen Tradition und Modernit\u00e4t suchen.<\/p><p>Lassen Sie sich von der Work-Serie inspirieren und verleihen Sie Ihrer Umgebung Charakter und Raffinesse.<\/p>","protected":false},"excerpt":{"rendered":"<p>HEXAWORK B TAUPE 17,5X20,2HEXAWORK B TAUPE 17,5X20,2 verbindet die W\u00e4rme des Brauntons mit dem sechseckigen Format zu einem modernen und einladenden Bodenbelag. Seine matte Oberfl\u00e4che und das zement\u00e4hnliche Design machen ihn zu einer vielseitigen und eleganten Wahl. Dieses St\u00fcck aus der Work-Kollektion ist ideal f\u00fcr Projekte, die ein Gleichgewicht zwischen Tradition und Modernit\u00e4t suchen.Lassen Sie [&hellip;]<\/p>\n","protected":false},"featured_media":546245,"comment_status":"open","ping_status":"closed","template":"","meta":[],"product_brand":[],"product_cat":[457,458,456,459],"product_tag":[],"class_list":{"0":"post-548048","1":"product","2":"type-product","3":"status-publish","4":"has-post-thumbnail","6":"product_cat-badezimmer","7":"product_cat-kuchen","8":"product_cat-vohnzimmer","9":"product_cat-wandfliesen","11":"first","12":"instock","13":"shipping-taxable","14":"purchasable","15":"product-type-simple"},"_links":{"self":[{"href":"https:\/\/tilefly.com\/de\/wp-json\/wp\/v2\/product\/548048","targetHints":{"allow":["GET"]}}],"collection":[{"href":"https:\/\/tilefly.com\/de\/wp-json\/wp\/v2\/product"}],"about":[{"href":"https:\/\/tilefly.com\/de\/wp-json\/wp\/v2\/types\/product"}],"replies":[{"embeddable":true,"href":"https:\/\/tilefly.com\/de\/wp-json\/wp\/v2\/comments?post=548048"}],"wp:featuredmedia":[{"embeddable":true,"href":"https:\/\/tilefly.com\/de\/wp-json\/wp\/v2\/media\/546245"}],"wp:attachment":[{"href":"https:\/\/tilefly.com\/de\/wp-json\/wp\/v2\/media?parent=548048"}],"wp:term":[{"taxonomy":"product_brand","embeddable":true,"href":"https:\/\/tilefly.com\/de\/wp-json\/wp\/v2\/product_brand?post=548048"},{"taxonomy":"product_cat","embeddable":true,"href":"https:\/\/tilefly.com\/de\/wp-json\/wp\/v2\/product_cat?post=548048"},{"taxonomy":"product_tag","embeddable":true,"href":"https:\/\/tilefly.com\/de\/wp-json\/wp\/v2\/product_tag?post=548048"}],"curies":[{"name":"wp","href":"https:\/\/api.w.org\/{rel}","templated":true}]}}