{"id":548044,"date":"2024-11-15T15:46:11","date_gmt":"2024-11-15T14:46:11","guid":{"rendered":"https:\/\/tilefly.com\/producto\/hexawork-w-natural-175x202\/"},"modified":"2024-11-29T23:39:08","modified_gmt":"2024-11-29T22:39:08","slug":"hexawork-w-natural-175x202","status":"publish","type":"product","link":"https:\/\/tilefly.com\/de\/produkt\/hexawork-w-natural-175x202\/","title":{"rendered":"HEXAWORK W NATURAL 17,5X20,2"},"content":{"rendered":"<h2><strong>HEXAWORK W NATUR 17,5X20,2<\/strong><\/h2><\/p><p><strong>HEXAWORK W NATURAL 17,5X20,2<\/strong> bringt einen Hauch von Authentizit\u00e4t und Nat\u00fcrlichkeit in Ihren Bodenbelag. Sein sechseckiges Design, der nat\u00fcrliche Farbton und die matte Oberfl\u00e4che machen ihn zur perfekten Wahl f\u00fcr Projekte, die einen warmen und vielseitigen Stil suchen. <\/p><p>Als Teil der <a href=\"https:\/\/tilefly.com\/producto\/work\/\">Work-Kollektion<\/a> spiegelt dieses St\u00fcck die architektonische Philosophie von Luigi Romanelli wider und bietet Design und Funktionalit\u00e4t in einem einzigen Produkt.<\/p><p>Entdecken Sie die Work-Serie und verwandeln Sie Ihre R\u00e4ume mit diesem einzigartigen Design.<\/p>","protected":false},"excerpt":{"rendered":"<p>HEXAWORK W NATUR 17,5X20,2HEXAWORK W NATURAL 17,5X20,2 bringt einen Hauch von Authentizit\u00e4t und Nat\u00fcrlichkeit in Ihren Bodenbelag. Sein sechseckiges Design, der nat\u00fcrliche Farbton und die matte Oberfl\u00e4che machen ihn zur perfekten Wahl f\u00fcr Projekte, die einen warmen und vielseitigen Stil suchen. Als Teil der Work-Kollektion spiegelt dieses St\u00fcck die architektonische Philosophie von Luigi Romanelli wider [&hellip;]<\/p>\n","protected":false},"featured_media":546258,"comment_status":"open","ping_status":"closed","template":"","meta":[],"product_brand":[],"product_cat":[457,458,456,459],"product_tag":[],"class_list":{"0":"post-548044","1":"product","2":"type-product","3":"status-publish","4":"has-post-thumbnail","6":"product_cat-badezimmer","7":"product_cat-kuchen","8":"product_cat-vohnzimmer","9":"product_cat-wandfliesen","11":"first","12":"outofstock","13":"shipping-taxable","14":"purchasable","15":"product-type-simple"},"_links":{"self":[{"href":"https:\/\/tilefly.com\/de\/wp-json\/wp\/v2\/product\/548044","targetHints":{"allow":["GET"]}}],"collection":[{"href":"https:\/\/tilefly.com\/de\/wp-json\/wp\/v2\/product"}],"about":[{"href":"https:\/\/tilefly.com\/de\/wp-json\/wp\/v2\/types\/product"}],"replies":[{"embeddable":true,"href":"https:\/\/tilefly.com\/de\/wp-json\/wp\/v2\/comments?post=548044"}],"wp:featuredmedia":[{"embeddable":true,"href":"https:\/\/tilefly.com\/de\/wp-json\/wp\/v2\/media\/546258"}],"wp:attachment":[{"href":"https:\/\/tilefly.com\/de\/wp-json\/wp\/v2\/media?parent=548044"}],"wp:term":[{"taxonomy":"product_brand","embeddable":true,"href":"https:\/\/tilefly.com\/de\/wp-json\/wp\/v2\/product_brand?post=548044"},{"taxonomy":"product_cat","embeddable":true,"href":"https:\/\/tilefly.com\/de\/wp-json\/wp\/v2\/product_cat?post=548044"},{"taxonomy":"product_tag","embeddable":true,"href":"https:\/\/tilefly.com\/de\/wp-json\/wp\/v2\/product_tag?post=548044"}],"curies":[{"name":"wp","href":"https:\/\/api.w.org\/{rel}","templated":true}]}}