{"id":548042,"date":"2024-11-15T15:46:04","date_gmt":"2024-11-15T14:46:04","guid":{"rendered":"https:\/\/tilefly.com\/producto\/hexawork-b-coal-175x202\/"},"modified":"2024-11-29T23:39:04","modified_gmt":"2024-11-29T22:39:04","slug":"hexawork-b-coal-175x202","status":"publish","type":"product","link":"https:\/\/tilefly.com\/de\/produkt\/hexawork-b-coal-175x202\/","title":{"rendered":"HEXAWORK B COAL 17,5X20,2"},"content":{"rendered":"<h2><strong>HEXAWORK B KOHLE 17,5X20,2<\/strong><\/h2><\/p><p><strong>HEXAWORK B COAL 17,5X20,2<\/strong> in einem dunklen Grauton bringt St\u00e4rke und Raffinesse in Ihren Bodenbelag. Sein sechseckiges Design und die matte Oberfl\u00e4che in Kombination mit der Zementimitation machen ihn zur idealen Wahl f\u00fcr moderne und gewagte Projekte. <\/p><p>Als Teil der <a href=\"https:\/\/tilefly.com\/producto\/work\/\">Work-Kollektion<\/a> spiegelt dieses St\u00fcck das vielseitige architektonische Design wider, das diese Serie auszeichnet.<\/p><p>Entdecken Sie die Kreativit\u00e4t der Work-Serie und verwandeln Sie Ihre R\u00e4ume mit diesem einzigartigen St\u00fcck.<\/p>","protected":false},"excerpt":{"rendered":"<p>HEXAWORK B KOHLE 17,5X20,2HEXAWORK B COAL 17,5X20,2 in einem dunklen Grauton bringt St\u00e4rke und Raffinesse in Ihren Bodenbelag. Sein sechseckiges Design und die matte Oberfl\u00e4che in Kombination mit der Zementimitation machen ihn zur idealen Wahl f\u00fcr moderne und gewagte Projekte. Als Teil der Work-Kollektion spiegelt dieses St\u00fcck das vielseitige architektonische Design wider, das diese Serie [&hellip;]<\/p>\n","protected":false},"featured_media":546238,"comment_status":"open","ping_status":"closed","template":"","meta":[],"product_brand":[],"product_cat":[457,458,456,459],"product_tag":[],"class_list":{"0":"post-548042","1":"product","2":"type-product","3":"status-publish","4":"has-post-thumbnail","6":"product_cat-badezimmer","7":"product_cat-kuchen","8":"product_cat-vohnzimmer","9":"product_cat-wandfliesen","11":"first","12":"instock","13":"shipping-taxable","14":"purchasable","15":"product-type-simple"},"_links":{"self":[{"href":"https:\/\/tilefly.com\/de\/wp-json\/wp\/v2\/product\/548042","targetHints":{"allow":["GET"]}}],"collection":[{"href":"https:\/\/tilefly.com\/de\/wp-json\/wp\/v2\/product"}],"about":[{"href":"https:\/\/tilefly.com\/de\/wp-json\/wp\/v2\/types\/product"}],"replies":[{"embeddable":true,"href":"https:\/\/tilefly.com\/de\/wp-json\/wp\/v2\/comments?post=548042"}],"wp:featuredmedia":[{"embeddable":true,"href":"https:\/\/tilefly.com\/de\/wp-json\/wp\/v2\/media\/546238"}],"wp:attachment":[{"href":"https:\/\/tilefly.com\/de\/wp-json\/wp\/v2\/media?parent=548042"}],"wp:term":[{"taxonomy":"product_brand","embeddable":true,"href":"https:\/\/tilefly.com\/de\/wp-json\/wp\/v2\/product_brand?post=548042"},{"taxonomy":"product_cat","embeddable":true,"href":"https:\/\/tilefly.com\/de\/wp-json\/wp\/v2\/product_cat?post=548042"},{"taxonomy":"product_tag","embeddable":true,"href":"https:\/\/tilefly.com\/de\/wp-json\/wp\/v2\/product_tag?post=548042"}],"curies":[{"name":"wp","href":"https:\/\/api.w.org\/{rel}","templated":true}]}}