{"id":548036,"date":"2024-11-15T15:46:01","date_gmt":"2024-11-15T14:46:01","guid":{"rendered":"https:\/\/tilefly.com\/producto\/hexawork-b-cenere-175x202\/"},"modified":"2024-11-29T23:38:50","modified_gmt":"2024-11-29T22:38:50","slug":"hexawork-b-cenere-175x202","status":"publish","type":"product","link":"https:\/\/tilefly.com\/de\/produkt\/hexawork-b-cenere-175x202\/","title":{"rendered":"HEXAWORK B CENERE 17,5X20,2"},"content":{"rendered":"<h2><strong>HEXAWORK B CENERE 17,5X20,2<\/strong><\/h2><\/p><p><strong>HEXAWORK B CENERE 17,5X20,2<\/strong> kombiniert die Neutralit\u00e4t des Eschetons mit dem sechseckigen Format und bietet ein modernes und funktionelles Design. Die matte Oberfl\u00e4che und die Zementimitation sind ideal f\u00fcr B\u00f6den, die ein Gleichgewicht zwischen \u00c4sthetik und Zweckm\u00e4\u00dfigkeit anstreben. <\/p><p>Dieses St\u00fcck aus der <a href=\"https:\/\/tilefly.com\/producto\/work\/\">Work-Kollektion<\/a> zeichnet sich durch seine Vielseitigkeit aus und passt sich an verschiedene Projekte und Stile an.<\/p><p>Entdecken Sie die Gestaltungsm\u00f6glichkeiten der Work-Serie und verleihen Sie Ihren R\u00e4umen eine einzigartige architektonische Note.<\/p>","protected":false},"excerpt":{"rendered":"<p>HEXAWORK B CENERE 17,5X20,2HEXAWORK B CENERE 17,5X20,2 kombiniert die Neutralit\u00e4t des Eschetons mit dem sechseckigen Format und bietet ein modernes und funktionelles Design. Die matte Oberfl\u00e4che und die Zementimitation sind ideal f\u00fcr B\u00f6den, die ein Gleichgewicht zwischen \u00c4sthetik und Zweckm\u00e4\u00dfigkeit anstreben. Dieses St\u00fcck aus der Work-Kollektion zeichnet sich durch seine Vielseitigkeit aus und passt sich [&hellip;]<\/p>\n","protected":false},"featured_media":546225,"comment_status":"open","ping_status":"closed","template":"","meta":[],"product_brand":[],"product_cat":[457,458,456,459],"product_tag":[],"class_list":{"0":"post-548036","1":"product","2":"type-product","3":"status-publish","4":"has-post-thumbnail","6":"product_cat-badezimmer","7":"product_cat-kuchen","8":"product_cat-vohnzimmer","9":"product_cat-wandfliesen","11":"first","12":"instock","13":"shipping-taxable","14":"purchasable","15":"product-type-simple"},"_links":{"self":[{"href":"https:\/\/tilefly.com\/de\/wp-json\/wp\/v2\/product\/548036","targetHints":{"allow":["GET"]}}],"collection":[{"href":"https:\/\/tilefly.com\/de\/wp-json\/wp\/v2\/product"}],"about":[{"href":"https:\/\/tilefly.com\/de\/wp-json\/wp\/v2\/types\/product"}],"replies":[{"embeddable":true,"href":"https:\/\/tilefly.com\/de\/wp-json\/wp\/v2\/comments?post=548036"}],"wp:featuredmedia":[{"embeddable":true,"href":"https:\/\/tilefly.com\/de\/wp-json\/wp\/v2\/media\/546225"}],"wp:attachment":[{"href":"https:\/\/tilefly.com\/de\/wp-json\/wp\/v2\/media?parent=548036"}],"wp:term":[{"taxonomy":"product_brand","embeddable":true,"href":"https:\/\/tilefly.com\/de\/wp-json\/wp\/v2\/product_brand?post=548036"},{"taxonomy":"product_cat","embeddable":true,"href":"https:\/\/tilefly.com\/de\/wp-json\/wp\/v2\/product_cat?post=548036"},{"taxonomy":"product_tag","embeddable":true,"href":"https:\/\/tilefly.com\/de\/wp-json\/wp\/v2\/product_tag?post=548036"}],"curies":[{"name":"wp","href":"https:\/\/api.w.org\/{rel}","templated":true}]}}