{"id":548035,"date":"2024-11-15T15:45:46","date_gmt":"2024-11-15T14:45:46","guid":{"rendered":"https:\/\/tilefly.com\/producto\/high-thickness-work-b-coal-rect-90x90\/"},"modified":"2024-11-29T23:38:50","modified_gmt":"2024-11-29T22:38:50","slug":"high-thickness-work-b-coal-rect-90x90","status":"publish","type":"product","link":"https:\/\/tilefly.com\/de\/produkt\/high-thickness-work-b-coal-rect-90x90\/","title":{"rendered":"HIGH THICKNESS WORK B COAL RECT 90X90"},"content":{"rendered":"<h2><strong>HOHE DICKE ARBEIT B KOHLE REKT 90X90<\/strong><\/h2><\/p><p><strong>HIGH THICKNESS WORK B COAL RECT 90X90<\/strong> bringt mit seinem dunkelgrauen Ton und dem rutschfesten Design Tiefe und Charakter in Ihre B\u00f6den. Seine matte Oberfl\u00e4che und die Zementimitation machen ihn zu einer idealen Wahl f\u00fcr moderne und gewagte R\u00e4ume. <\/p><p>Dieses St\u00fcck aus der <a href=\"https:\/\/tilefly.com\/producto\/work\/\">Work-Kollektion<\/a> spiegelt Luigi Romanellis Engagement f\u00fcr architektonisches Design wider und vereint Funktionalit\u00e4t und \u00c4sthetik in einem einzigen Material.<\/p><p>Entdecken Sie die Work-Serie und schaffen Sie einzigartige Umgebungen voller Pers\u00f6nlichkeit.<\/p>","protected":false},"excerpt":{"rendered":"<p>HOHE DICKE ARBEIT B KOHLE REKT 90X90HIGH THICKNESS WORK B COAL RECT 90X90 bringt mit seinem dunkelgrauen Ton und dem rutschfesten Design Tiefe und Charakter in Ihre B\u00f6den. Seine matte Oberfl\u00e4che und die Zementimitation machen ihn zu einer idealen Wahl f\u00fcr moderne und gewagte R\u00e4ume. Dieses St\u00fcck aus der Work-Kollektion spiegelt Luigi Romanellis Engagement f\u00fcr [&hellip;]<\/p>\n","protected":false},"featured_media":546199,"comment_status":"open","ping_status":"closed","template":"","meta":[],"product_brand":[],"product_cat":[457,458,456,459],"product_tag":[],"class_list":{"0":"post-548035","1":"product","2":"type-product","3":"status-publish","4":"has-post-thumbnail","6":"product_cat-badezimmer","7":"product_cat-kuchen","8":"product_cat-vohnzimmer","9":"product_cat-wandfliesen","11":"first","12":"instock","13":"shipping-taxable","14":"purchasable","15":"product-type-simple"},"_links":{"self":[{"href":"https:\/\/tilefly.com\/de\/wp-json\/wp\/v2\/product\/548035","targetHints":{"allow":["GET"]}}],"collection":[{"href":"https:\/\/tilefly.com\/de\/wp-json\/wp\/v2\/product"}],"about":[{"href":"https:\/\/tilefly.com\/de\/wp-json\/wp\/v2\/types\/product"}],"replies":[{"embeddable":true,"href":"https:\/\/tilefly.com\/de\/wp-json\/wp\/v2\/comments?post=548035"}],"wp:featuredmedia":[{"embeddable":true,"href":"https:\/\/tilefly.com\/de\/wp-json\/wp\/v2\/media\/546199"}],"wp:attachment":[{"href":"https:\/\/tilefly.com\/de\/wp-json\/wp\/v2\/media?parent=548035"}],"wp:term":[{"taxonomy":"product_brand","embeddable":true,"href":"https:\/\/tilefly.com\/de\/wp-json\/wp\/v2\/product_brand?post=548035"},{"taxonomy":"product_cat","embeddable":true,"href":"https:\/\/tilefly.com\/de\/wp-json\/wp\/v2\/product_cat?post=548035"},{"taxonomy":"product_tag","embeddable":true,"href":"https:\/\/tilefly.com\/de\/wp-json\/wp\/v2\/product_tag?post=548035"}],"curies":[{"name":"wp","href":"https:\/\/api.w.org\/{rel}","templated":true}]}}