{"id":548029,"date":"2024-11-15T15:45:41","date_gmt":"2024-11-15T14:45:41","guid":{"rendered":"https:\/\/tilefly.com\/producto\/high-thickness-work-b-cenere-rect-90x90\/"},"modified":"2024-11-29T23:38:42","modified_gmt":"2024-11-29T22:38:42","slug":"high-thickness-work-b-cenere-rect-90x90","status":"publish","type":"product","link":"https:\/\/tilefly.com\/de\/produkt\/high-thickness-work-b-cenere-rect-90x90\/","title":{"rendered":"HIGH THICKNESS WORK B CENERE RECT 90X90"},"content":{"rendered":"<h2><strong>HOHE DICKE ARBEIT B CENERE RECT 90X90<\/strong><\/h2><\/p><p><strong>HIGH THICKNESS WORK B CENERE RECT 90X90<\/strong> zeichnet sich durch seinen Esche-Ton und seine matte Oberfl\u00e4che aus und bietet ein rutschfestes Design in Zementimitation, das sich ideal f\u00fcr moderne und funktionale Bodenbel\u00e4ge eignet. Seine neutrale \u00c4sthetik bringt Ausgewogenheit und Vielseitigkeit in jeden Raum. <\/p><p>Als Teil der <a href=\"https:\/\/tilefly.com\/producto\/work\/\">Work-Kollektion<\/a> spiegelt dieses St\u00fcck den architektonischen Ansatz von Luigi Romanelli wider, der praktische Materialien mit zeitgen\u00f6ssischem Stil kombiniert.<\/p><p>Entdecken Sie die M\u00f6glichkeiten, die die Work-Serie bietet, und verleihen Sie Ihren Umgebungen einen professionellen und anspruchsvollen Touch.<\/p>","protected":false},"excerpt":{"rendered":"<p>HOHE DICKE ARBEIT B CENERE RECT 90X90HIGH THICKNESS WORK B CENERE RECT 90X90 zeichnet sich durch seinen Esche-Ton und seine matte Oberfl\u00e4che aus und bietet ein rutschfestes Design in Zementimitation, das sich ideal f\u00fcr moderne und funktionale Bodenbel\u00e4ge eignet. Seine neutrale \u00c4sthetik bringt Ausgewogenheit und Vielseitigkeit in jeden Raum. Als Teil der Work-Kollektion spiegelt dieses [&hellip;]<\/p>\n","protected":false},"featured_media":546186,"comment_status":"open","ping_status":"closed","template":"","meta":[],"product_brand":[],"product_cat":[457,458,456,459],"product_tag":[],"class_list":{"0":"post-548029","1":"product","2":"type-product","3":"status-publish","4":"has-post-thumbnail","6":"product_cat-badezimmer","7":"product_cat-kuchen","8":"product_cat-vohnzimmer","9":"product_cat-wandfliesen","11":"first","12":"outofstock","13":"shipping-taxable","14":"purchasable","15":"product-type-simple"},"_links":{"self":[{"href":"https:\/\/tilefly.com\/de\/wp-json\/wp\/v2\/product\/548029","targetHints":{"allow":["GET"]}}],"collection":[{"href":"https:\/\/tilefly.com\/de\/wp-json\/wp\/v2\/product"}],"about":[{"href":"https:\/\/tilefly.com\/de\/wp-json\/wp\/v2\/types\/product"}],"replies":[{"embeddable":true,"href":"https:\/\/tilefly.com\/de\/wp-json\/wp\/v2\/comments?post=548029"}],"wp:featuredmedia":[{"embeddable":true,"href":"https:\/\/tilefly.com\/de\/wp-json\/wp\/v2\/media\/546186"}],"wp:attachment":[{"href":"https:\/\/tilefly.com\/de\/wp-json\/wp\/v2\/media?parent=548029"}],"wp:term":[{"taxonomy":"product_brand","embeddable":true,"href":"https:\/\/tilefly.com\/de\/wp-json\/wp\/v2\/product_brand?post=548029"},{"taxonomy":"product_cat","embeddable":true,"href":"https:\/\/tilefly.com\/de\/wp-json\/wp\/v2\/product_cat?post=548029"},{"taxonomy":"product_tag","embeddable":true,"href":"https:\/\/tilefly.com\/de\/wp-json\/wp\/v2\/product_tag?post=548029"}],"curies":[{"name":"wp","href":"https:\/\/api.w.org\/{rel}","templated":true}]}}