{"id":548023,"date":"2024-11-15T15:45:37","date_gmt":"2024-11-15T14:45:37","guid":{"rendered":"https:\/\/tilefly.com\/producto\/high-thickness-work-b-bianco-rect-90x90\/"},"modified":"2024-11-29T23:38:39","modified_gmt":"2024-11-29T22:38:39","slug":"high-thickness-work-b-bianco-rect-90x90","status":"publish","type":"product","link":"https:\/\/tilefly.com\/de\/produkt\/high-thickness-work-b-bianco-rect-90x90\/","title":{"rendered":"HIGH THICKNESS WORK B BIANCO RECT 90X90"},"content":{"rendered":"<h2><strong>HOHE ARBEITSST\u00c4RKE BIANCO RECT 90X90<\/strong><\/h2><\/p><p><strong>HIGH THICKNESS WORK B BIANCO RECT 90X90<\/strong> vereint Eleganz und Funktionalit\u00e4t in einem rutschfesten Feinsteinzeug mit matter Oberfl\u00e4che. Ihr wei\u00dfer Farbton und das Design in Zementimitation machen sie zur perfekten Wahl f\u00fcr B\u00f6den, die Helligkeit und Modernit\u00e4t ausstrahlen sollen. <\/p><p>Dieses M\u00f6belst\u00fcck aus der <a href=\"https:\/\/tilefly.com\/producto\/work\/\">Work-Kollektion<\/a> von Luigi Romanelli bietet einen vielseitigen architektonischen Stil, der sich praktisch und raffiniert an jeden Raum anpasst.<\/p><p>Entdecken Sie die Work-Serie und verwandeln Sie Ihre Projekte mit diesem einzigartigen und funktionellen St\u00fcck.<\/p>","protected":false},"excerpt":{"rendered":"<p>HOHE ARBEITSST\u00c4RKE BIANCO RECT 90X90HIGH THICKNESS WORK B BIANCO RECT 90X90 vereint Eleganz und Funktionalit\u00e4t in einem rutschfesten Feinsteinzeug mit matter Oberfl\u00e4che. Ihr wei\u00dfer Farbton und das Design in Zementimitation machen sie zur perfekten Wahl f\u00fcr B\u00f6den, die Helligkeit und Modernit\u00e4t ausstrahlen sollen. Dieses M\u00f6belst\u00fcck aus der Work-Kollektion von Luigi Romanelli bietet einen vielseitigen architektonischen [&hellip;]<\/p>\n","protected":false},"featured_media":546173,"comment_status":"open","ping_status":"closed","template":"","meta":[],"product_brand":[],"product_cat":[457,458,456,459],"product_tag":[],"class_list":{"0":"post-548023","1":"product","2":"type-product","3":"status-publish","4":"has-post-thumbnail","6":"product_cat-badezimmer","7":"product_cat-kuchen","8":"product_cat-vohnzimmer","9":"product_cat-wandfliesen","11":"first","12":"instock","13":"shipping-taxable","14":"purchasable","15":"product-type-simple"},"_links":{"self":[{"href":"https:\/\/tilefly.com\/de\/wp-json\/wp\/v2\/product\/548023","targetHints":{"allow":["GET"]}}],"collection":[{"href":"https:\/\/tilefly.com\/de\/wp-json\/wp\/v2\/product"}],"about":[{"href":"https:\/\/tilefly.com\/de\/wp-json\/wp\/v2\/types\/product"}],"replies":[{"embeddable":true,"href":"https:\/\/tilefly.com\/de\/wp-json\/wp\/v2\/comments?post=548023"}],"wp:featuredmedia":[{"embeddable":true,"href":"https:\/\/tilefly.com\/de\/wp-json\/wp\/v2\/media\/546173"}],"wp:attachment":[{"href":"https:\/\/tilefly.com\/de\/wp-json\/wp\/v2\/media?parent=548023"}],"wp:term":[{"taxonomy":"product_brand","embeddable":true,"href":"https:\/\/tilefly.com\/de\/wp-json\/wp\/v2\/product_brand?post=548023"},{"taxonomy":"product_cat","embeddable":true,"href":"https:\/\/tilefly.com\/de\/wp-json\/wp\/v2\/product_cat?post=548023"},{"taxonomy":"product_tag","embeddable":true,"href":"https:\/\/tilefly.com\/de\/wp-json\/wp\/v2\/product_tag?post=548023"}],"curies":[{"name":"wp","href":"https:\/\/api.w.org\/{rel}","templated":true}]}}