{"id":548021,"date":"2024-11-15T15:45:29","date_gmt":"2024-11-15T14:45:29","guid":{"rendered":"https:\/\/tilefly.com\/producto\/glass-mosaic-wabi-taupe-315x396-25x25\/"},"modified":"2024-11-29T23:38:35","modified_gmt":"2024-11-29T22:38:35","slug":"glass-mosaic-wabi-taupe-315x396-25x25","status":"publish","type":"product","link":"https:\/\/tilefly.com\/de\/produkt\/glass-mosaic-wabi-taupe-315x396-25x25\/","title":{"rendered":"GLASS MOSAIC WABI TAUPE 31,5X39,6 (2,5X2,5)"},"content":{"rendered":"<h2><strong>GLASMOSAIK WABI TAUPE 31,5X39,6 (2,5X2,5)<\/strong><\/h2><\/p><p><strong>GLASS MOSAIC WABI TAUPE 31,5X39,6 (2,5X2,5)<\/strong> kombiniert die W\u00e4rme des Brauntons mit der Eleganz von Gresit in einem Design, das Zement und Marmor nachahmt. Seine matte Oberfl\u00e4che und die kleinen Formate machen es zu einer vielseitigen und raffinierten dekorativen L\u00f6sung f\u00fcr Verkleidungen. <\/p><p>Als Teil der <a href=\"https:\/\/tilefly.com\/producto\/wabi-sabi\/\">Wabi Sabi-Kollektion<\/a> verschmelzen bei diesem St\u00fcck nat\u00fcrliche und industrielle Materialien zu einem harmonischen und ausgewogenen Ganzen.<\/p><p>Verwandeln Sie Ihre R\u00e4ume mit dem einzigartigen und raffinierten Design der Wabi Sabi Serie.<\/p>","protected":false},"excerpt":{"rendered":"<p>GLASMOSAIK WABI TAUPE 31,5X39,6 (2,5X2,5)GLASS MOSAIC WABI TAUPE 31,5X39,6 (2,5X2,5) kombiniert die W\u00e4rme des Brauntons mit der Eleganz von Gresit in einem Design, das Zement und Marmor nachahmt. Seine matte Oberfl\u00e4che und die kleinen Formate machen es zu einer vielseitigen und raffinierten dekorativen L\u00f6sung f\u00fcr Verkleidungen. Als Teil der Wabi Sabi-Kollektion verschmelzen bei diesem St\u00fcck [&hellip;]<\/p>\n","protected":false},"featured_media":546147,"comment_status":"open","ping_status":"closed","template":"","meta":[],"product_brand":[],"product_cat":[457,458,459],"product_tag":[],"class_list":{"0":"post-548021","1":"product","2":"type-product","3":"status-publish","4":"has-post-thumbnail","6":"product_cat-badezimmer","7":"product_cat-kuchen","8":"product_cat-wandfliesen","10":"first","11":"instock","12":"shipping-taxable","13":"purchasable","14":"product-type-simple"},"_links":{"self":[{"href":"https:\/\/tilefly.com\/de\/wp-json\/wp\/v2\/product\/548021","targetHints":{"allow":["GET"]}}],"collection":[{"href":"https:\/\/tilefly.com\/de\/wp-json\/wp\/v2\/product"}],"about":[{"href":"https:\/\/tilefly.com\/de\/wp-json\/wp\/v2\/types\/product"}],"replies":[{"embeddable":true,"href":"https:\/\/tilefly.com\/de\/wp-json\/wp\/v2\/comments?post=548021"}],"wp:featuredmedia":[{"embeddable":true,"href":"https:\/\/tilefly.com\/de\/wp-json\/wp\/v2\/media\/546147"}],"wp:attachment":[{"href":"https:\/\/tilefly.com\/de\/wp-json\/wp\/v2\/media?parent=548021"}],"wp:term":[{"taxonomy":"product_brand","embeddable":true,"href":"https:\/\/tilefly.com\/de\/wp-json\/wp\/v2\/product_brand?post=548021"},{"taxonomy":"product_cat","embeddable":true,"href":"https:\/\/tilefly.com\/de\/wp-json\/wp\/v2\/product_cat?post=548021"},{"taxonomy":"product_tag","embeddable":true,"href":"https:\/\/tilefly.com\/de\/wp-json\/wp\/v2\/product_tag?post=548021"}],"curies":[{"name":"wp","href":"https:\/\/api.w.org\/{rel}","templated":true}]}}