{"id":548018,"date":"2024-11-15T15:45:22","date_gmt":"2024-11-15T14:45:22","guid":{"rendered":"https:\/\/tilefly.com\/producto\/stru-wabi-sabbia-rect-120x120\/"},"modified":"2024-11-29T23:38:34","modified_gmt":"2024-11-29T22:38:34","slug":"stru-wabi-sabbia-rect-120x120","status":"publish","type":"product","link":"https:\/\/tilefly.com\/de\/produkt\/stru-wabi-sabbia-rect-120x120\/","title":{"rendered":"STRU WABI SABBIA RECT 120X120"},"content":{"rendered":"<h2><strong>STRU WABI SABBIA RECT 120X120<\/strong><\/h2><\/p><p><strong>STRU WABI SABBIA RECT 120X120<\/strong> bringt mit seinem warmen Sandton einen Hauch von Gelassenheit und Ausgeglichenheit auf Ihre B\u00f6den. Dieses Feinsteinzeug mit matter Oberfl\u00e4che und rutschfestem Design kombiniert die Schlichtheit von Zement mit der Eleganz von Marmor, ideal f\u00fcr moderne und funktionale Projekte. <\/p><p>Als Teil der <a href=\"https:\/\/tilefly.com\/producto\/wabi-sabi\/\">Wabi Sabi<\/a> Kollektion f\u00e4ngt dieses St\u00fcck die Essenz der Natur und der Industrie in einem vielseitigen Design ein, das sich jedem Raum anpasst.<\/p><p>Verwandeln Sie Ihre Umgebung mit der Raffinesse und dem einzigartigen Stil der Wabi Sabi Serie.<\/p>","protected":false},"excerpt":{"rendered":"<p>STRU WABI SABBIA RECT 120X120STRU WABI SABBIA RECT 120X120 bringt mit seinem warmen Sandton einen Hauch von Gelassenheit und Ausgeglichenheit auf Ihre B\u00f6den. Dieses Feinsteinzeug mit matter Oberfl\u00e4che und rutschfestem Design kombiniert die Schlichtheit von Zement mit der Eleganz von Marmor, ideal f\u00fcr moderne und funktionale Projekte. Als Teil der Wabi Sabi Kollektion f\u00e4ngt dieses [&hellip;]<\/p>\n","protected":false},"featured_media":546127,"comment_status":"open","ping_status":"closed","template":"","meta":[],"product_brand":[],"product_cat":[457,458,456,459],"product_tag":[],"class_list":{"0":"post-548018","1":"product","2":"type-product","3":"status-publish","4":"has-post-thumbnail","6":"product_cat-badezimmer","7":"product_cat-kuchen","8":"product_cat-vohnzimmer","9":"product_cat-wandfliesen","11":"first","12":"instock","13":"shipping-taxable","14":"purchasable","15":"product-type-simple"},"_links":{"self":[{"href":"https:\/\/tilefly.com\/de\/wp-json\/wp\/v2\/product\/548018","targetHints":{"allow":["GET"]}}],"collection":[{"href":"https:\/\/tilefly.com\/de\/wp-json\/wp\/v2\/product"}],"about":[{"href":"https:\/\/tilefly.com\/de\/wp-json\/wp\/v2\/types\/product"}],"replies":[{"embeddable":true,"href":"https:\/\/tilefly.com\/de\/wp-json\/wp\/v2\/comments?post=548018"}],"wp:featuredmedia":[{"embeddable":true,"href":"https:\/\/tilefly.com\/de\/wp-json\/wp\/v2\/media\/546127"}],"wp:attachment":[{"href":"https:\/\/tilefly.com\/de\/wp-json\/wp\/v2\/media?parent=548018"}],"wp:term":[{"taxonomy":"product_brand","embeddable":true,"href":"https:\/\/tilefly.com\/de\/wp-json\/wp\/v2\/product_brand?post=548018"},{"taxonomy":"product_cat","embeddable":true,"href":"https:\/\/tilefly.com\/de\/wp-json\/wp\/v2\/product_cat?post=548018"},{"taxonomy":"product_tag","embeddable":true,"href":"https:\/\/tilefly.com\/de\/wp-json\/wp\/v2\/product_tag?post=548018"}],"curies":[{"name":"wp","href":"https:\/\/api.w.org\/{rel}","templated":true}]}}