{"id":547943,"date":"2024-11-15T15:49:50","date_gmt":"2024-11-15T14:49:50","guid":{"rendered":"https:\/\/tilefly.com\/producto\/zuhause-asche-lapatto-rect-60x60\/"},"modified":"2024-11-22T20:08:04","modified_gmt":"2024-11-22T19:08:04","slug":"zuhause-asche-lapatto-rect-60x60","status":"publish","type":"product","link":"https:\/\/tilefly.com\/de\/produkt\/zuhause-asche-lapatto-rect-60x60\/","title":{"rendered":"ZUHAUSE ASCHE LAPATTO RECT 60X60"},"content":{"rendered":"<h2><strong>ZUHAUSE ASCHE LAPATTO RECT 60X60<\/strong><\/h2><\/p><p><strong>ZUHAUSE ASCHE LAPATTO RECT 60X60<\/strong> kombiniert den Grauton mit einem kompakten Format und einer Lapado-Oberfl\u00e4che, die Ihren B\u00f6den einen dezenten Glanz verleiht. Dieses Feinsteinzeug in Zementoptik ist ideal f\u00fcr Projekte, die ein neutrales und elegantes Design suchen. <\/p><p>Dieses St\u00fcck aus der <a href=\"https:\/\/tilefly.com\/producto\/zuhause\/\">Zuhause-Kollektion<\/a> f\u00e4ngt die Essenz des Designs ohne Schn\u00f6rkel und Verzierungen ein.<\/p><p>Entdecken Sie die Zuhause-Serie und verleihen Sie Ihren R\u00e4umen eine einzigartige Note.<\/p>","protected":false},"excerpt":{"rendered":"<p>ZUHAUSE ASCHE LAPATTO RECT 60X60ZUHAUSE ASCHE LAPATTO RECT 60X60 kombiniert den Grauton mit einem kompakten Format und einer Lapado-Oberfl\u00e4che, die Ihren B\u00f6den einen dezenten Glanz verleiht. Dieses Feinsteinzeug in Zementoptik ist ideal f\u00fcr Projekte, die ein neutrales und elegantes Design suchen. Dieses St\u00fcck aus der Zuhause-Kollektion f\u00e4ngt die Essenz des Designs ohne Schn\u00f6rkel und Verzierungen [&hellip;]<\/p>\n","protected":false},"featured_media":546643,"comment_status":"open","ping_status":"closed","template":"","meta":[],"product_brand":[],"product_cat":[457,458,456,459],"product_tag":[],"class_list":{"0":"post-547943","1":"product","2":"type-product","3":"status-publish","4":"has-post-thumbnail","6":"product_cat-badezimmer","7":"product_cat-kuchen","8":"product_cat-vohnzimmer","9":"product_cat-wandfliesen","11":"first","12":"outofstock","13":"shipping-taxable","14":"purchasable","15":"product-type-simple"},"_links":{"self":[{"href":"https:\/\/tilefly.com\/de\/wp-json\/wp\/v2\/product\/547943","targetHints":{"allow":["GET"]}}],"collection":[{"href":"https:\/\/tilefly.com\/de\/wp-json\/wp\/v2\/product"}],"about":[{"href":"https:\/\/tilefly.com\/de\/wp-json\/wp\/v2\/types\/product"}],"replies":[{"embeddable":true,"href":"https:\/\/tilefly.com\/de\/wp-json\/wp\/v2\/comments?post=547943"}],"wp:featuredmedia":[{"embeddable":true,"href":"https:\/\/tilefly.com\/de\/wp-json\/wp\/v2\/media\/546643"}],"wp:attachment":[{"href":"https:\/\/tilefly.com\/de\/wp-json\/wp\/v2\/media?parent=547943"}],"wp:term":[{"taxonomy":"product_brand","embeddable":true,"href":"https:\/\/tilefly.com\/de\/wp-json\/wp\/v2\/product_brand?post=547943"},{"taxonomy":"product_cat","embeddable":true,"href":"https:\/\/tilefly.com\/de\/wp-json\/wp\/v2\/product_cat?post=547943"},{"taxonomy":"product_tag","embeddable":true,"href":"https:\/\/tilefly.com\/de\/wp-json\/wp\/v2\/product_tag?post=547943"}],"curies":[{"name":"wp","href":"https:\/\/api.w.org\/{rel}","templated":true}]}}