{"id":547938,"date":"2024-11-15T15:49:35","date_gmt":"2024-11-15T14:49:35","guid":{"rendered":"https:\/\/tilefly.com\/producto\/zuhause-gips-lapatto-rect-60x60\/"},"modified":"2024-11-22T20:08:00","modified_gmt":"2024-11-22T19:08:00","slug":"zuhause-gips-lapatto-rect-60x60","status":"publish","type":"product","link":"https:\/\/tilefly.com\/de\/produkt\/zuhause-gips-lapatto-rect-60x60\/","title":{"rendered":"ZUHAUSE GIPS LAPATTO RECT 60X60"},"content":{"rendered":"<h2><strong>ZUHAUSE GIPS LAPATTO RECT 60X60<\/strong><\/h2><\/p><p>Das <strong>ZUHAUSE GIPS LAPATTO RECT 60X60<\/strong> besticht durch seinen Grauton und sein kompaktes Format, das sich perfekt f\u00fcr den Boden in jedem Raum eignet. Das Lapado-Finish und das Design in Zementimitation sorgen f\u00fcr einen neutralen und raffinierten Stil. <\/p><p>Als Teil der <a href=\"https:\/\/tilefly.com\/producto\/zuhause\/\">Zuhause-Kollektion<\/a> ist dieses St\u00fcck ideal f\u00fcr Projekte, die ein klassisches und vielseitiges Design suchen.<\/p><p>Entdecken Sie die Zuhause-Serie und verwandeln Sie Ihre Umgebung mit diesem au\u00dfergew\u00f6hnlichen St\u00fcck.<\/p>","protected":false},"excerpt":{"rendered":"<p>ZUHAUSE GIPS LAPATTO RECT 60X60Das ZUHAUSE GIPS LAPATTO RECT 60X60 besticht durch seinen Grauton und sein kompaktes Format, das sich perfekt f\u00fcr den Boden in jedem Raum eignet. Das Lapado-Finish und das Design in Zementimitation sorgen f\u00fcr einen neutralen und raffinierten Stil. Als Teil der Zuhause-Kollektion ist dieses St\u00fcck ideal f\u00fcr Projekte, die ein klassisches [&hellip;]<\/p>\n","protected":false},"featured_media":546617,"comment_status":"open","ping_status":"closed","template":"","meta":[],"product_brand":[],"product_cat":[457,458,456,459],"product_tag":[],"class_list":{"0":"post-547938","1":"product","2":"type-product","3":"status-publish","4":"has-post-thumbnail","6":"product_cat-badezimmer","7":"product_cat-kuchen","8":"product_cat-vohnzimmer","9":"product_cat-wandfliesen","11":"first","12":"outofstock","13":"shipping-taxable","14":"purchasable","15":"product-type-simple"},"_links":{"self":[{"href":"https:\/\/tilefly.com\/de\/wp-json\/wp\/v2\/product\/547938","targetHints":{"allow":["GET"]}}],"collection":[{"href":"https:\/\/tilefly.com\/de\/wp-json\/wp\/v2\/product"}],"about":[{"href":"https:\/\/tilefly.com\/de\/wp-json\/wp\/v2\/types\/product"}],"replies":[{"embeddable":true,"href":"https:\/\/tilefly.com\/de\/wp-json\/wp\/v2\/comments?post=547938"}],"wp:featuredmedia":[{"embeddable":true,"href":"https:\/\/tilefly.com\/de\/wp-json\/wp\/v2\/media\/546617"}],"wp:attachment":[{"href":"https:\/\/tilefly.com\/de\/wp-json\/wp\/v2\/media?parent=547938"}],"wp:term":[{"taxonomy":"product_brand","embeddable":true,"href":"https:\/\/tilefly.com\/de\/wp-json\/wp\/v2\/product_brand?post=547938"},{"taxonomy":"product_cat","embeddable":true,"href":"https:\/\/tilefly.com\/de\/wp-json\/wp\/v2\/product_cat?post=547938"},{"taxonomy":"product_tag","embeddable":true,"href":"https:\/\/tilefly.com\/de\/wp-json\/wp\/v2\/product_tag?post=547938"}],"curies":[{"name":"wp","href":"https:\/\/api.w.org\/{rel}","templated":true}]}}