{"id":547920,"date":"2024-11-15T15:47:45","date_gmt":"2024-11-15T14:47:45","guid":{"rendered":"https:\/\/tilefly.com\/producto\/zuhause-gips-lapatto-rect-60x120\/"},"modified":"2024-11-22T20:07:37","modified_gmt":"2024-11-22T19:07:37","slug":"zuhause-gips-lapatto-rect-60x120","status":"publish","type":"product","link":"https:\/\/tilefly.com\/de\/produkt\/zuhause-gips-lapatto-rect-60x120\/","title":{"rendered":"ZUHAUSE GIPS LAPATTO RECT 60X120"},"content":{"rendered":"<h2><strong>ZUHAUSE GIPS LAPATTO RECT 60X120<\/strong><\/h2><\/p><p>Die <strong>ZUHAUSE GIPS LAPATTO RECT 60X120<\/strong> zeichnet sich durch ihren neutralen Grauton und ihre Lapado-Oberfl\u00e4che aus, die einen subtilen und eleganten Glanz verleiht. Dieses Feinsteinzeug mit einem Design aus Zementimitat ist perfekt f\u00fcr B\u00f6den, die eine Balance zwischen Funktionalit\u00e4t und \u00c4sthetik suchen. <\/p><p>Dieses St\u00fcck aus der <a href=\"https:\/\/tilefly.com\/producto\/zuhause\/\">Zuhause-Kollektion<\/a> ist ideal, um klassische Umgebungen zu schaffen, die sich durch ihre Schlichtheit und Raffinesse auszeichnen.<\/p><p>Verwandeln Sie Ihre R\u00e4ume mit der Eleganz der Zuhause-Serie.<\/p>","protected":false},"excerpt":{"rendered":"<p>ZUHAUSE GIPS LAPATTO RECT 60X120Die ZUHAUSE GIPS LAPATTO RECT 60X120 zeichnet sich durch ihren neutralen Grauton und ihre Lapado-Oberfl\u00e4che aus, die einen subtilen und eleganten Glanz verleiht. Dieses Feinsteinzeug mit einem Design aus Zementimitat ist perfekt f\u00fcr B\u00f6den, die eine Balance zwischen Funktionalit\u00e4t und \u00c4sthetik suchen. Dieses St\u00fcck aus der Zuhause-Kollektion ist ideal, um klassische [&hellip;]<\/p>\n","protected":false},"featured_media":546427,"comment_status":"open","ping_status":"closed","template":"","meta":[],"product_brand":[],"product_cat":[457,458,456,459],"product_tag":[],"class_list":{"0":"post-547920","1":"product","2":"type-product","3":"status-publish","4":"has-post-thumbnail","6":"product_cat-badezimmer","7":"product_cat-kuchen","8":"product_cat-vohnzimmer","9":"product_cat-wandfliesen","11":"first","12":"instock","13":"shipping-taxable","14":"purchasable","15":"product-type-simple"},"_links":{"self":[{"href":"https:\/\/tilefly.com\/de\/wp-json\/wp\/v2\/product\/547920","targetHints":{"allow":["GET"]}}],"collection":[{"href":"https:\/\/tilefly.com\/de\/wp-json\/wp\/v2\/product"}],"about":[{"href":"https:\/\/tilefly.com\/de\/wp-json\/wp\/v2\/types\/product"}],"replies":[{"embeddable":true,"href":"https:\/\/tilefly.com\/de\/wp-json\/wp\/v2\/comments?post=547920"}],"wp:featuredmedia":[{"embeddable":true,"href":"https:\/\/tilefly.com\/de\/wp-json\/wp\/v2\/media\/546427"}],"wp:attachment":[{"href":"https:\/\/tilefly.com\/de\/wp-json\/wp\/v2\/media?parent=547920"}],"wp:term":[{"taxonomy":"product_brand","embeddable":true,"href":"https:\/\/tilefly.com\/de\/wp-json\/wp\/v2\/product_brand?post=547920"},{"taxonomy":"product_cat","embeddable":true,"href":"https:\/\/tilefly.com\/de\/wp-json\/wp\/v2\/product_cat?post=547920"},{"taxonomy":"product_tag","embeddable":true,"href":"https:\/\/tilefly.com\/de\/wp-json\/wp\/v2\/product_tag?post=547920"}],"curies":[{"name":"wp","href":"https:\/\/api.w.org\/{rel}","templated":true}]}}