{"id":547888,"date":"2024-11-22T12:49:04","date_gmt":"2024-11-22T19:06:27","guid":{"rendered":"https:\/\/tilefly.com\/producto\/cenefa-coliseum-gold-8x75\/"},"modified":"2024-11-22T20:06:27","modified_gmt":"2024-11-22T19:06:27","slug":"cenefa-coliseum-gold-8x75","status":"publish","type":"product","link":"https:\/\/tilefly.com\/de\/produkt\/cenefa-coliseum-gold-8x75\/","title":{"rendered":"CENEFA COLISEUM GOLD 8X75"},"content":{"rendered":"<h2><strong>GOLD KOLOSSEUM GRENZE 8X75<\/strong><\/h2><p><strong> GOLD Der<\/strong> <strong>COLISEUM CENEFRAME 8X75 <\/strong> ist ideal f\u00fcr alle, die eine dekorative Verkleidung mit einer gl\u00e4nzenden Oberfl\u00e4che in einem exklusiven Goldton suchen. Diese Bord\u00fcre verleiht B\u00e4dern, K\u00fcchen oder Wohnzimmern eine besondere Note und zeichnet sich durch ihr von der Eleganz des Marmors inspiriertes Design aus. Mit einer Gr\u00f6\u00dfe von 8&#215;75 cm ist sie perfekt geeignet, um jedem Raum raffinierte Details hinzuzuf\u00fcgen. Entdecken Sie, wie Sie dieses Produkt in die <a href=\"https:\/\/tilefly.com\/producto\/rex\/\">Serie Rex<\/a> integrieren k\u00f6nnen.   <\/p>","protected":false},"excerpt":{"rendered":"<p>GOLD KOLOSSEUM GRENZE 8X75 GOLD Der COLISEUM CENEFRAME 8X75 ist ideal f\u00fcr alle, die eine dekorative Verkleidung mit einer gl\u00e4nzenden Oberfl\u00e4che in einem exklusiven Goldton suchen. Diese Bord\u00fcre verleiht B\u00e4dern, K\u00fcchen oder Wohnzimmern eine besondere Note und zeichnet sich durch ihr von der Eleganz des Marmors inspiriertes Design aus. Mit einer Gr\u00f6\u00dfe von 8&#215;75 cm [&hellip;]<\/p>\n","protected":false},"featured_media":547782,"comment_status":"open","ping_status":"closed","template":"","meta":[],"product_brand":[],"product_cat":[457,458,459],"product_tag":[],"class_list":{"0":"post-547888","1":"product","2":"type-product","3":"status-publish","4":"has-post-thumbnail","6":"product_cat-badezimmer","7":"product_cat-kuchen","8":"product_cat-wandfliesen","10":"first","11":"outofstock","12":"shipping-taxable","13":"purchasable","14":"product-type-simple"},"_links":{"self":[{"href":"https:\/\/tilefly.com\/de\/wp-json\/wp\/v2\/product\/547888","targetHints":{"allow":["GET"]}}],"collection":[{"href":"https:\/\/tilefly.com\/de\/wp-json\/wp\/v2\/product"}],"about":[{"href":"https:\/\/tilefly.com\/de\/wp-json\/wp\/v2\/types\/product"}],"replies":[{"embeddable":true,"href":"https:\/\/tilefly.com\/de\/wp-json\/wp\/v2\/comments?post=547888"}],"wp:featuredmedia":[{"embeddable":true,"href":"https:\/\/tilefly.com\/de\/wp-json\/wp\/v2\/media\/547782"}],"wp:attachment":[{"href":"https:\/\/tilefly.com\/de\/wp-json\/wp\/v2\/media?parent=547888"}],"wp:term":[{"taxonomy":"product_brand","embeddable":true,"href":"https:\/\/tilefly.com\/de\/wp-json\/wp\/v2\/product_brand?post=547888"},{"taxonomy":"product_cat","embeddable":true,"href":"https:\/\/tilefly.com\/de\/wp-json\/wp\/v2\/product_cat?post=547888"},{"taxonomy":"product_tag","embeddable":true,"href":"https:\/\/tilefly.com\/de\/wp-json\/wp\/v2\/product_tag?post=547888"}],"curies":[{"name":"wp","href":"https:\/\/api.w.org\/{rel}","templated":true}]}}