{"id":547885,"date":"2024-11-22T12:37:52","date_gmt":"2024-11-22T19:06:19","guid":{"rendered":"https:\/\/tilefly.com\/producto\/rex\/"},"modified":"2024-11-22T20:06:19","modified_gmt":"2024-11-22T19:06:19","slug":"rex","status":"publish","type":"product","link":"https:\/\/tilefly.com\/de\/produkt\/rex\/","title":{"rendered":"Rex"},"content":{"rendered":"<h2>Rex Serie<br \/><\/h2><p>In sanften oder gl\u00e4nzenden T\u00f6nen, als Boiserie oder als Teil eines Dekorsets oder eines eleganten Mosaiks, die Kollektion Rex 25X75 ist ein Marmorkonzept, das den Grad der Raffinesse erreicht, den wir uns w\u00fcnschen. Diese Serie, zu der auch Bord\u00fcren und Rosetten geh\u00f6ren, ist dank ihrer zwei allgemeinen Farbt\u00f6ne und ihrer unendlichen M\u00f6glichkeiten und Ausf\u00fchrungen in gl\u00e4nzenden und eleganten Polituren ein Kompliment an den guten Geschmack in B\u00e4dern, Wohnzimmern oder Fluren. In ihrem Format 25X75 cm ist diese Kollektion ebenso vielseitig wie sch\u00f6n.<\/p>","protected":false},"excerpt":{"rendered":"<p>Rex SerieIn sanften oder gl\u00e4nzenden T\u00f6nen, als Boiserie oder als Teil eines Dekorsets oder eines eleganten Mosaiks, die Kollektion Rex 25X75 ist ein Marmorkonzept, das den Grad der Raffinesse erreicht, den wir uns w\u00fcnschen. Diese Serie, zu der auch Bord\u00fcren und Rosetten geh\u00f6ren, ist dank ihrer zwei allgemeinen Farbt\u00f6ne und ihrer unendlichen M\u00f6glichkeiten und Ausf\u00fchrungen [&hellip;]<\/p>\n","protected":false},"featured_media":547709,"comment_status":"closed","ping_status":"closed","template":"","meta":[],"product_brand":[],"product_cat":[457,458,456,459],"product_tag":[],"class_list":{"0":"post-547885","1":"product","2":"type-product","3":"status-publish","4":"has-post-thumbnail","6":"product_cat-badezimmer","7":"product_cat-kuchen","8":"product_cat-vohnzimmer","9":"product_cat-wandfliesen","11":"first","12":"instock","13":"shipping-taxable","14":"product-type-grouped"},"_links":{"self":[{"href":"https:\/\/tilefly.com\/de\/wp-json\/wp\/v2\/product\/547885","targetHints":{"allow":["GET"]}}],"collection":[{"href":"https:\/\/tilefly.com\/de\/wp-json\/wp\/v2\/product"}],"about":[{"href":"https:\/\/tilefly.com\/de\/wp-json\/wp\/v2\/types\/product"}],"replies":[{"embeddable":true,"href":"https:\/\/tilefly.com\/de\/wp-json\/wp\/v2\/comments?post=547885"}],"wp:featuredmedia":[{"embeddable":true,"href":"https:\/\/tilefly.com\/de\/wp-json\/wp\/v2\/media\/547709"}],"wp:attachment":[{"href":"https:\/\/tilefly.com\/de\/wp-json\/wp\/v2\/media?parent=547885"}],"wp:term":[{"taxonomy":"product_brand","embeddable":true,"href":"https:\/\/tilefly.com\/de\/wp-json\/wp\/v2\/product_brand?post=547885"},{"taxonomy":"product_cat","embeddable":true,"href":"https:\/\/tilefly.com\/de\/wp-json\/wp\/v2\/product_cat?post=547885"},{"taxonomy":"product_tag","embeddable":true,"href":"https:\/\/tilefly.com\/de\/wp-json\/wp\/v2\/product_tag?post=547885"}],"curies":[{"name":"wp","href":"https:\/\/api.w.org\/{rel}","templated":true}]}}