{"id":547863,"date":"2024-11-21T14:37:19","date_gmt":"2024-11-21T13:37:19","guid":{"rendered":"https:\/\/tilefly.com\/producto\/cross-magma-17x52\/"},"modified":"2024-11-22T20:05:33","modified_gmt":"2024-11-22T19:05:33","slug":"cross-magma-17x52","status":"publish","type":"product","link":"https:\/\/tilefly.com\/de\/produkt\/cross-magma-17x52\/","title":{"rendered":"CROSS MAGMA 17X52"},"content":{"rendered":"<div class=\"woocommerce-tabs wc-tabs-wrapper\"><div id=\"tab-description\" class=\"woocommerce-Tabs-panel woocommerce-Tabs-panel--description panel entry-content wc-tab\" role=\"tabpanel\" aria-labelledby=\"tab-title-description\"><p>Dieses Feinsteinzeug aus der Serie CROSS ist eine ideale Wandfliese f\u00fcr den Innen- und Au\u00dfenbereich, mit einer Steinimitation und einer matten Oberfl\u00e4che im Format 17X52 Zentimeter.<\/p><\/div><\/div>","protected":false},"excerpt":{"rendered":"<p>Dieses Feinsteinzeug aus der Serie CROSS ist eine ideale Wandfliese f\u00fcr den Innen- und Au\u00dfenbereich, mit einer Steinimitation und einer matten Oberfl\u00e4che im Format 17X52 Zentimeter.<\/p>\n","protected":false},"featured_media":547679,"comment_status":"closed","ping_status":"closed","template":"","meta":[],"product_brand":[],"product_cat":[457,460,458,459],"product_tag":[],"class_list":{"0":"post-547863","1":"product","2":"type-product","3":"status-publish","4":"has-post-thumbnail","6":"product_cat-badezimmer","7":"product_cat-bodenfliesen","8":"product_cat-kuchen","9":"product_cat-wandfliesen","11":"first","12":"instock","13":"shipping-taxable","14":"purchasable","15":"product-type-simple"},"_links":{"self":[{"href":"https:\/\/tilefly.com\/de\/wp-json\/wp\/v2\/product\/547863","targetHints":{"allow":["GET"]}}],"collection":[{"href":"https:\/\/tilefly.com\/de\/wp-json\/wp\/v2\/product"}],"about":[{"href":"https:\/\/tilefly.com\/de\/wp-json\/wp\/v2\/types\/product"}],"replies":[{"embeddable":true,"href":"https:\/\/tilefly.com\/de\/wp-json\/wp\/v2\/comments?post=547863"}],"wp:featuredmedia":[{"embeddable":true,"href":"https:\/\/tilefly.com\/de\/wp-json\/wp\/v2\/media\/547679"}],"wp:attachment":[{"href":"https:\/\/tilefly.com\/de\/wp-json\/wp\/v2\/media?parent=547863"}],"wp:term":[{"taxonomy":"product_brand","embeddable":true,"href":"https:\/\/tilefly.com\/de\/wp-json\/wp\/v2\/product_brand?post=547863"},{"taxonomy":"product_cat","embeddable":true,"href":"https:\/\/tilefly.com\/de\/wp-json\/wp\/v2\/product_cat?post=547863"},{"taxonomy":"product_tag","embeddable":true,"href":"https:\/\/tilefly.com\/de\/wp-json\/wp\/v2\/product_tag?post=547863"}],"curies":[{"name":"wp","href":"https:\/\/api.w.org\/{rel}","templated":true}]}}