{"id":547849,"date":"2024-11-21T14:17:00","date_gmt":"2024-11-21T13:17:00","guid":{"rendered":"https:\/\/tilefly.com\/producto\/aspen-magma-17x52\/"},"modified":"2024-11-22T20:05:04","modified_gmt":"2024-11-22T19:05:04","slug":"aspen-magma-17x52","status":"publish","type":"product","link":"https:\/\/tilefly.com\/de\/produkt\/aspen-magma-17x52\/","title":{"rendered":"ASPEN MAGMA 17&#215;52"},"content":{"rendered":"<p>Dieses Feinsteinzeug aus der Serie ASPEN ist eine ideale Wandfliese f\u00fcr den Innen- und Au\u00dfenbereich, mit einer Steinimitation und einer matten Oberfl\u00e4che im Format 17X52 Zentimetern.<\/p>","protected":false},"excerpt":{"rendered":"<p>Dieses Feinsteinzeug aus der Serie ASPEN ist eine ideale Wandfliese f\u00fcr den Innen- und Au\u00dfenbereich, mit einer Steinimitation und einer matten Oberfl\u00e4che im Format 17X52 Zentimetern.<\/p>\n","protected":false},"featured_media":547652,"comment_status":"closed","ping_status":"closed","template":"","meta":[],"product_brand":[],"product_cat":[461],"product_tag":[],"class_list":{"0":"post-547849","1":"product","2":"type-product","3":"status-publish","4":"has-post-thumbnail","6":"product_cat-uncategorised","8":"first","9":"instock","10":"shipping-taxable","11":"purchasable","12":"product-type-simple"},"_links":{"self":[{"href":"https:\/\/tilefly.com\/de\/wp-json\/wp\/v2\/product\/547849","targetHints":{"allow":["GET"]}}],"collection":[{"href":"https:\/\/tilefly.com\/de\/wp-json\/wp\/v2\/product"}],"about":[{"href":"https:\/\/tilefly.com\/de\/wp-json\/wp\/v2\/types\/product"}],"replies":[{"embeddable":true,"href":"https:\/\/tilefly.com\/de\/wp-json\/wp\/v2\/comments?post=547849"}],"wp:featuredmedia":[{"embeddable":true,"href":"https:\/\/tilefly.com\/de\/wp-json\/wp\/v2\/media\/547652"}],"wp:attachment":[{"href":"https:\/\/tilefly.com\/de\/wp-json\/wp\/v2\/media?parent=547849"}],"wp:term":[{"taxonomy":"product_brand","embeddable":true,"href":"https:\/\/tilefly.com\/de\/wp-json\/wp\/v2\/product_brand?post=547849"},{"taxonomy":"product_cat","embeddable":true,"href":"https:\/\/tilefly.com\/de\/wp-json\/wp\/v2\/product_cat?post=547849"},{"taxonomy":"product_tag","embeddable":true,"href":"https:\/\/tilefly.com\/de\/wp-json\/wp\/v2\/product_tag?post=547849"}],"curies":[{"name":"wp","href":"https:\/\/api.w.org\/{rel}","templated":true}]}}