{"id":547606,"date":"2024-11-20T23:15:28","date_gmt":"2024-11-20T22:15:28","guid":{"rendered":"https:\/\/tilefly.com\/producto\/gleam-blue-57x232\/"},"modified":"2024-11-21T00:59:20","modified_gmt":"2024-11-20T23:59:20","slug":"gleam-blue-57x232","status":"publish","type":"product","link":"https:\/\/tilefly.com\/de\/produkt\/gleam-blue-57x232\/","title":{"rendered":"GLEAM BLUE 5,7X23,2"},"content":{"rendered":"<h2><strong>BLAU SCHIMMERN 5,7X23,2<\/strong><\/h2><p><strong>Gleam Blue 5,7&#215;23,2<\/strong> bringt mit seinem intensiven Blauton und der matten Oberfl\u00e4che einen lebendigen und modernen Touch in Ihre R\u00e4ume. Diese Feinsteinzeugfliese ist ideal f\u00fcr Projekte, die ein modernes und unverwechselbares Design suchen. <\/p><p>Dieses St\u00fcck aus der Serie <a href=\"https:\/\/tilefly.com\/producto\/downtown\/\">Downtown<\/a> kombiniert die frische \u00c4sthetik von Zement mit einem l\u00e4nglichen Format, das jede Umgebung bereichert.<\/p><p>Dieses Modell eignet sich perfekt f\u00fcr den Innen- und Au\u00dfenbereich und garantiert Qualit\u00e4t, Langlebigkeit und Stil in jedem Detail.<\/p>","protected":false},"excerpt":{"rendered":"<p>BLAU SCHIMMERN 5,7X23,2Gleam Blue 5,7&#215;23,2 bringt mit seinem intensiven Blauton und der matten Oberfl\u00e4che einen lebendigen und modernen Touch in Ihre R\u00e4ume. Diese Feinsteinzeugfliese ist ideal f\u00fcr Projekte, die ein modernes und unverwechselbares Design suchen. Dieses St\u00fcck aus der Serie Downtown kombiniert die frische \u00c4sthetik von Zement mit einem l\u00e4nglichen Format, das jede Umgebung bereichert.Dieses [&hellip;]<\/p>\n","protected":false},"featured_media":547468,"comment_status":"open","ping_status":"closed","template":"","meta":[],"product_brand":[],"product_cat":[457,458,456,459],"product_tag":[],"class_list":{"0":"post-547606","1":"product","2":"type-product","3":"status-publish","4":"has-post-thumbnail","6":"product_cat-badezimmer","7":"product_cat-kuchen","8":"product_cat-vohnzimmer","9":"product_cat-wandfliesen","11":"first","12":"instock","13":"shipping-taxable","14":"purchasable","15":"product-type-simple"},"_links":{"self":[{"href":"https:\/\/tilefly.com\/de\/wp-json\/wp\/v2\/product\/547606","targetHints":{"allow":["GET"]}}],"collection":[{"href":"https:\/\/tilefly.com\/de\/wp-json\/wp\/v2\/product"}],"about":[{"href":"https:\/\/tilefly.com\/de\/wp-json\/wp\/v2\/types\/product"}],"replies":[{"embeddable":true,"href":"https:\/\/tilefly.com\/de\/wp-json\/wp\/v2\/comments?post=547606"}],"wp:featuredmedia":[{"embeddable":true,"href":"https:\/\/tilefly.com\/de\/wp-json\/wp\/v2\/media\/547468"}],"wp:attachment":[{"href":"https:\/\/tilefly.com\/de\/wp-json\/wp\/v2\/media?parent=547606"}],"wp:term":[{"taxonomy":"product_brand","embeddable":true,"href":"https:\/\/tilefly.com\/de\/wp-json\/wp\/v2\/product_brand?post=547606"},{"taxonomy":"product_cat","embeddable":true,"href":"https:\/\/tilefly.com\/de\/wp-json\/wp\/v2\/product_cat?post=547606"},{"taxonomy":"product_tag","embeddable":true,"href":"https:\/\/tilefly.com\/de\/wp-json\/wp\/v2\/product_tag?post=547606"}],"curies":[{"name":"wp","href":"https:\/\/api.w.org\/{rel}","templated":true}]}}