{"id":547602,"date":"2024-11-20T23:23:53","date_gmt":"2024-11-20T23:59:17","guid":{"rendered":"https:\/\/tilefly.com\/producto\/downtown\/"},"modified":"2024-11-21T00:59:17","modified_gmt":"2024-11-20T23:59:17","slug":"downtown","status":"publish","type":"product","link":"https:\/\/tilefly.com\/de\/produkt\/downtown\/","title":{"rendered":"DOWNTOWN"},"content":{"rendered":"<p>Die Serie Downtown Fernab des Klischees, dass Zement ein hartes, raues und kaltes Material ist, bringt er Frische und Modernit\u00e4t. Downtown ist die Kollektion von Carmen, die von dieser Idee ausgeht und Zement in den privaten Bereich einf\u00fchrt. Das Ergebnis ist eine wundersch\u00f6ne Kollektion, die mit dem Craquel\u00e9 traditioneller Keramik verschmilzt und jedem ihrer St\u00fccke ein Gef\u00fchl von Gro\u00dfz\u00fcgigkeit und Leuchtkraft verleiht. Die Farben verleihen dieser kleinformatigen Serie eine moderne und gro\u00dfst\u00e4dtische Eleganz.   <\/p>","protected":false},"excerpt":{"rendered":"<p>Die Serie Downtown Fernab des Klischees, dass Zement ein hartes, raues und kaltes Material ist, bringt er Frische und Modernit\u00e4t. Downtown ist die Kollektion von Carmen, die von dieser Idee ausgeht und Zement in den privaten Bereich einf\u00fchrt. Das Ergebnis ist eine wundersch\u00f6ne Kollektion, die mit dem Craquel\u00e9 traditioneller Keramik verschmilzt und jedem ihrer St\u00fccke [&hellip;]<\/p>\n","protected":false},"featured_media":547042,"comment_status":"closed","ping_status":"closed","template":"","meta":[],"product_brand":[],"product_cat":[457,458,456,459],"product_tag":[],"class_list":{"0":"post-547602","1":"product","2":"type-product","3":"status-publish","4":"has-post-thumbnail","6":"product_cat-badezimmer","7":"product_cat-kuchen","8":"product_cat-vohnzimmer","9":"product_cat-wandfliesen","11":"first","12":"instock","13":"shipping-taxable","14":"product-type-grouped"},"_links":{"self":[{"href":"https:\/\/tilefly.com\/de\/wp-json\/wp\/v2\/product\/547602","targetHints":{"allow":["GET"]}}],"collection":[{"href":"https:\/\/tilefly.com\/de\/wp-json\/wp\/v2\/product"}],"about":[{"href":"https:\/\/tilefly.com\/de\/wp-json\/wp\/v2\/types\/product"}],"replies":[{"embeddable":true,"href":"https:\/\/tilefly.com\/de\/wp-json\/wp\/v2\/comments?post=547602"}],"wp:featuredmedia":[{"embeddable":true,"href":"https:\/\/tilefly.com\/de\/wp-json\/wp\/v2\/media\/547042"}],"wp:attachment":[{"href":"https:\/\/tilefly.com\/de\/wp-json\/wp\/v2\/media?parent=547602"}],"wp:term":[{"taxonomy":"product_brand","embeddable":true,"href":"https:\/\/tilefly.com\/de\/wp-json\/wp\/v2\/product_brand?post=547602"},{"taxonomy":"product_cat","embeddable":true,"href":"https:\/\/tilefly.com\/de\/wp-json\/wp\/v2\/product_cat?post=547602"},{"taxonomy":"product_tag","embeddable":true,"href":"https:\/\/tilefly.com\/de\/wp-json\/wp\/v2\/product_tag?post=547602"}],"curies":[{"name":"wp","href":"https:\/\/api.w.org\/{rel}","templated":true}]}}