{"id":547600,"date":"2024-11-20T23:15:17","date_gmt":"2024-11-20T22:15:17","guid":{"rendered":"https:\/\/tilefly.com\/producto\/gleam-blue-115x115\/"},"modified":"2024-11-21T00:59:16","modified_gmt":"2024-11-20T23:59:16","slug":"gleam-blue-115x115","status":"publish","type":"product","link":"https:\/\/tilefly.com\/de\/produkt\/gleam-blue-115x115\/","title":{"rendered":"GLEAM BLUE 11,5X11,5"},"content":{"rendered":"<h2><strong>BLAU SCHIMMERND 11,5X11,5<\/strong><\/h2><p><strong>Gleam Blue 11,5&#215;11,5<\/strong> bringt mit seinem lebhaften Blauton und der matten Oberfl\u00e4che Dynamik und Pers\u00f6nlichkeit. Dieses Feinsteinzeug ist perfekt f\u00fcr Projekte, die ein k\u00fchnes und modernes Design suchen. <\/p><p>Dieses St\u00fcck aus der <a href=\"https:\/\/tilefly.com\/producto\/downtown\/\">Downtown-Kollektion<\/a> ist ideal, um einzigartige und moderne Umgebungen zu schaffen, die sich durch ihre Originalit\u00e4t auszeichnen.<\/p><p>Verleihen Sie Ihren R\u00e4umen einen Hauch von Stil und Qualit\u00e4t mit diesem langlebigen Modell.<\/p>","protected":false},"excerpt":{"rendered":"<p>BLAU SCHIMMERND 11,5X11,5Gleam Blue 11,5&#215;11,5 bringt mit seinem lebhaften Blauton und der matten Oberfl\u00e4che Dynamik und Pers\u00f6nlichkeit. Dieses Feinsteinzeug ist perfekt f\u00fcr Projekte, die ein k\u00fchnes und modernes Design suchen. Dieses St\u00fcck aus der Downtown-Kollektion ist ideal, um einzigartige und moderne Umgebungen zu schaffen, die sich durch ihre Originalit\u00e4t auszeichnen.Verleihen Sie Ihren R\u00e4umen einen Hauch [&hellip;]<\/p>\n","protected":false},"featured_media":547441,"comment_status":"open","ping_status":"closed","template":"","meta":[],"product_brand":[],"product_cat":[457,458,456,459],"product_tag":[],"class_list":{"0":"post-547600","1":"product","2":"type-product","3":"status-publish","4":"has-post-thumbnail","6":"product_cat-badezimmer","7":"product_cat-kuchen","8":"product_cat-vohnzimmer","9":"product_cat-wandfliesen","11":"first","12":"outofstock","13":"shipping-taxable","14":"purchasable","15":"product-type-simple"},"_links":{"self":[{"href":"https:\/\/tilefly.com\/de\/wp-json\/wp\/v2\/product\/547600","targetHints":{"allow":["GET"]}}],"collection":[{"href":"https:\/\/tilefly.com\/de\/wp-json\/wp\/v2\/product"}],"about":[{"href":"https:\/\/tilefly.com\/de\/wp-json\/wp\/v2\/types\/product"}],"replies":[{"embeddable":true,"href":"https:\/\/tilefly.com\/de\/wp-json\/wp\/v2\/comments?post=547600"}],"wp:featuredmedia":[{"embeddable":true,"href":"https:\/\/tilefly.com\/de\/wp-json\/wp\/v2\/media\/547441"}],"wp:attachment":[{"href":"https:\/\/tilefly.com\/de\/wp-json\/wp\/v2\/media?parent=547600"}],"wp:term":[{"taxonomy":"product_brand","embeddable":true,"href":"https:\/\/tilefly.com\/de\/wp-json\/wp\/v2\/product_brand?post=547600"},{"taxonomy":"product_cat","embeddable":true,"href":"https:\/\/tilefly.com\/de\/wp-json\/wp\/v2\/product_cat?post=547600"},{"taxonomy":"product_tag","embeddable":true,"href":"https:\/\/tilefly.com\/de\/wp-json\/wp\/v2\/product_tag?post=547600"}],"curies":[{"name":"wp","href":"https:\/\/api.w.org\/{rel}","templated":true}]}}