{"id":547595,"date":"2024-11-20T23:15:01","date_gmt":"2024-11-20T22:15:01","guid":{"rendered":"https:\/\/tilefly.com\/producto\/downtown-blue-115x115\/"},"modified":"2024-11-21T00:59:03","modified_gmt":"2024-11-20T23:59:03","slug":"downtown-blue-115x115","status":"publish","type":"product","link":"https:\/\/tilefly.com\/de\/produkt\/downtown-blue-115x115\/","title":{"rendered":"DOWNTOWN BLUE 11,5X11,5"},"content":{"rendered":"<h2><strong>STADTZENTRUM BLAU 11,5X11,5<\/strong><\/h2><p><strong>Downtown Blue 11.5&#215;11.5<\/strong> bringt mit seinem intensiven Blauton eine lebendige Pers\u00f6nlichkeit in Ihre R\u00e4ume. Dieses Feinsteinzeug mit der rutschfesten, matten Oberfl\u00e4che CLASS 2 sorgt f\u00fcr Funktionalit\u00e4t und innovatives Design. <\/p><p>Als Teil der <a href=\"https:\/\/tilefly.com\/producto\/downtown\/\">Downtown-Serie<\/a> ist dieses St\u00fcck ideal f\u00fcr Projekte, die einen k\u00fchnen, zeitgen\u00f6ssischen Stil suchen.<\/p><p>Dieses Modell vereint Qualit\u00e4t und \u00c4sthetik und ist ein Blickfang in jeder Umgebung.<\/p>","protected":false},"excerpt":{"rendered":"<p>STADTZENTRUM BLAU 11,5X11,5Downtown Blue 11.5&#215;11.5 bringt mit seinem intensiven Blauton eine lebendige Pers\u00f6nlichkeit in Ihre R\u00e4ume. Dieses Feinsteinzeug mit der rutschfesten, matten Oberfl\u00e4che CLASS 2 sorgt f\u00fcr Funktionalit\u00e4t und innovatives Design. Als Teil der Downtown-Serie ist dieses St\u00fcck ideal f\u00fcr Projekte, die einen k\u00fchnen, zeitgen\u00f6ssischen Stil suchen.Dieses Modell vereint Qualit\u00e4t und \u00c4sthetik und ist ein [&hellip;]<\/p>\n","protected":false},"featured_media":547418,"comment_status":"open","ping_status":"closed","template":"","meta":[],"product_brand":[],"product_cat":[457,458,456,459],"product_tag":[],"class_list":{"0":"post-547595","1":"product","2":"type-product","3":"status-publish","4":"has-post-thumbnail","6":"product_cat-badezimmer","7":"product_cat-kuchen","8":"product_cat-vohnzimmer","9":"product_cat-wandfliesen","11":"first","12":"outofstock","13":"shipping-taxable","14":"purchasable","15":"product-type-simple"},"_links":{"self":[{"href":"https:\/\/tilefly.com\/de\/wp-json\/wp\/v2\/product\/547595","targetHints":{"allow":["GET"]}}],"collection":[{"href":"https:\/\/tilefly.com\/de\/wp-json\/wp\/v2\/product"}],"about":[{"href":"https:\/\/tilefly.com\/de\/wp-json\/wp\/v2\/types\/product"}],"replies":[{"embeddable":true,"href":"https:\/\/tilefly.com\/de\/wp-json\/wp\/v2\/comments?post=547595"}],"wp:featuredmedia":[{"embeddable":true,"href":"https:\/\/tilefly.com\/de\/wp-json\/wp\/v2\/media\/547418"}],"wp:attachment":[{"href":"https:\/\/tilefly.com\/de\/wp-json\/wp\/v2\/media?parent=547595"}],"wp:term":[{"taxonomy":"product_brand","embeddable":true,"href":"https:\/\/tilefly.com\/de\/wp-json\/wp\/v2\/product_brand?post=547595"},{"taxonomy":"product_cat","embeddable":true,"href":"https:\/\/tilefly.com\/de\/wp-json\/wp\/v2\/product_cat?post=547595"},{"taxonomy":"product_tag","embeddable":true,"href":"https:\/\/tilefly.com\/de\/wp-json\/wp\/v2\/product_tag?post=547595"}],"curies":[{"name":"wp","href":"https:\/\/api.w.org\/{rel}","templated":true}]}}