{"id":547587,"date":"2024-11-20T23:14:18","date_gmt":"2024-11-20T22:14:18","guid":{"rendered":"https:\/\/tilefly.com\/producto\/gleam-white-57x232\/"},"modified":"2024-11-21T00:58:42","modified_gmt":"2024-11-20T23:58:42","slug":"gleam-white-57x232","status":"publish","type":"product","link":"https:\/\/tilefly.com\/de\/produkt\/gleam-white-57x232\/","title":{"rendered":"GLEAM WHITE 5,7X23,2"},"content":{"rendered":"<h2><strong>WEISS SCHIMMERN 5,7X23,2<\/strong><\/h2><p><strong>Gleam White 5.7&#215;23.2<\/strong> erhellt und vergr\u00f6\u00dfert jeden Raum mit seinem reinen wei\u00dfen Farbton und seiner matten Oberfl\u00e4che. Dieses Feinsteinzeug ist perfekt f\u00fcr minimalistische und moderne Projekte, die Frische und Klarheit suchen. <\/p><p>Sie ist Teil der <a href=\"https:\/\/tilefly.com\/producto\/downtown\/\">Downtown-Kollektion<\/a>, die f\u00fcr ihre Vielseitigkeit und ihr von Zement inspiriertes Design bekannt ist.<\/p><p>Dieses Modell ist ideal f\u00fcr die Verwendung im Innen- und Au\u00dfenbereich und bietet eine tadellose \u00c4sthetik und au\u00dfergew\u00f6hnliche Qualit\u00e4t.<\/p>","protected":false},"excerpt":{"rendered":"<p>WEISS SCHIMMERN 5,7X23,2Gleam White 5.7&#215;23.2 erhellt und vergr\u00f6\u00dfert jeden Raum mit seinem reinen wei\u00dfen Farbton und seiner matten Oberfl\u00e4che. Dieses Feinsteinzeug ist perfekt f\u00fcr minimalistische und moderne Projekte, die Frische und Klarheit suchen. Sie ist Teil der Downtown-Kollektion, die f\u00fcr ihre Vielseitigkeit und ihr von Zement inspiriertes Design bekannt ist.Dieses Modell ist ideal f\u00fcr die [&hellip;]<\/p>\n","protected":false},"featured_media":547337,"comment_status":"open","ping_status":"closed","template":"","meta":[],"product_brand":[],"product_cat":[457,458,456,459],"product_tag":[],"class_list":{"0":"post-547587","1":"product","2":"type-product","3":"status-publish","4":"has-post-thumbnail","6":"product_cat-badezimmer","7":"product_cat-kuchen","8":"product_cat-vohnzimmer","9":"product_cat-wandfliesen","11":"first","12":"instock","13":"shipping-taxable","14":"purchasable","15":"product-type-simple"},"_links":{"self":[{"href":"https:\/\/tilefly.com\/de\/wp-json\/wp\/v2\/product\/547587","targetHints":{"allow":["GET"]}}],"collection":[{"href":"https:\/\/tilefly.com\/de\/wp-json\/wp\/v2\/product"}],"about":[{"href":"https:\/\/tilefly.com\/de\/wp-json\/wp\/v2\/types\/product"}],"replies":[{"embeddable":true,"href":"https:\/\/tilefly.com\/de\/wp-json\/wp\/v2\/comments?post=547587"}],"wp:featuredmedia":[{"embeddable":true,"href":"https:\/\/tilefly.com\/de\/wp-json\/wp\/v2\/media\/547337"}],"wp:attachment":[{"href":"https:\/\/tilefly.com\/de\/wp-json\/wp\/v2\/media?parent=547587"}],"wp:term":[{"taxonomy":"product_brand","embeddable":true,"href":"https:\/\/tilefly.com\/de\/wp-json\/wp\/v2\/product_brand?post=547587"},{"taxonomy":"product_cat","embeddable":true,"href":"https:\/\/tilefly.com\/de\/wp-json\/wp\/v2\/product_cat?post=547587"},{"taxonomy":"product_tag","embeddable":true,"href":"https:\/\/tilefly.com\/de\/wp-json\/wp\/v2\/product_tag?post=547587"}],"curies":[{"name":"wp","href":"https:\/\/api.w.org\/{rel}","templated":true}]}}